{"id":1305,"date":"2026-02-15T20:16:20","date_gmt":"2026-02-15T20:16:20","guid":{"rendered":"https:\/\/deva.cz\/?page_id=1305"},"modified":"2026-02-28T10:28:11","modified_gmt":"2026-02-28T10:28:11","slug":"%d8%a7%d9%84%d8%b4%d8%b1%d9%88%d8%b7-%d9%88%d8%a7%d9%84%d8%a3%d8%ad%d9%83%d8%a7%d9%85","status":"publish","type":"page","link":"https:\/\/deva.cz\/ar\/terms-and-conditions\/","title":{"rendered":"\u0627\u0644\u0634\u0631\u0648\u0637 \u0648\u0627\u0644\u0623\u062d\u0643\u0627\u0645"},"content":{"rendered":"<div data-elementor-type=\"wp-page\" data-elementor-id=\"1305\" class=\"elementor elementor-1305\">\n\t\t\t\t<div class=\"elementor-element elementor-element-6252416a e-con-full e-flex e-con e-parent\" data-id=\"6252416a\" data-element_type=\"container\" data-e-type=\"container\">\n\t\t\t\t<div class=\"elementor-element elementor-element-6382f05e elementor-widget elementor-widget-text-editor\" data-id=\"6382f05e\" data-element_type=\"widget\" data-e-type=\"widget\" data-widget_type=\"text-editor.default\">\n\t\t\t\t\t\t\t\t\t<p>\u0627\u0644\u0634\u0631\u0648\u0637 \u0648\u0627\u0644\u0623\u062d\u0643\u0627\u0645<br \/>\u062f\u064a\u0641\u0627 \u0646\u064a\u0648\u062a\u0631\u064a\u0634\u0646 \u0623.\u0633.<\/p><ol><li><p>\u0645\u0639\u0644\u0648\u0645\u0627\u062a \u0639\u0627\u0645\u0629<br \/>1.1 \u062a\u062d\u0643\u0645 \u0647\u0630\u0647 \u0627\u0644\u0634\u0631\u0648\u0637 \u0648\u0627\u0644\u0623\u062d\u0643\u0627\u0645 \u0627\u0633\u062a\u062e\u062f\u0627\u0645 \u0627\u0644\u0645\u0648\u0642\u0639 \u0627\u0644\u0625\u0644\u0643\u062a\u0631\u0648\u0646\u064a \u0627\u0644\u0630\u064a \u062a\u062f\u064a\u0631\u0647 \u0634\u0631\u0643\u0629 \u062f\u064a\u0641\u0627 \u0646\u064a\u0648\u062a\u0631\u064a\u0634\u0646 \u0623.\u0633\u060c \u0648\u0645\u0643\u062a\u0628\u0647\u0627 \u0627\u0644\u0645\u0633\u062c\u0644 \u0641\u064a \u062c\u064a\u0646 \u0643\u0644\u0627\u0628\u0627\u0644\u0643\u0627 519\u060c 549 01 \u0646\u0648\u0641\u064a\u0647 \u0645\u064a\u0633\u062a\u0648 \u0646\u0627\u062f \u0645\u064a\u062a\u0648\u062c\u064a\u060c \u062c\u0645\u0647\u0648\u0631\u064a\u0629 \u0627\u0644\u062a\u0634\u064a\u0643\u060c \u0631\u0642\u0645 \u062a\u0639\u0631\u064a\u0641 \u0627\u0644\u0634\u0631\u0643\u0629: 60916788\u060c \u0631\u0642\u0645 \u0636\u0631\u064a\u0628\u0629 \u0627\u0644\u0642\u064a\u0645\u0629 \u0627\u0644\u0645\u0636\u0627\u0641\u0629: CZ60916788\u060c \u0627\u0644\u0645\u0633\u062c\u0644\u0629 \u0641\u064a \u0627\u0644\u0633\u062c\u0644 \u0627\u0644\u062a\u062c\u0627\u0631\u064a \u0644\u062c\u0645\u0647\u0648\u0631\u064a\u0629 \u0627\u0644\u062a\u0634\u064a\u0643 (\u064a\u0634\u0627\u0631 \u0625\u0644\u064a\u0647\u0627 \u0641\u064a\u0645\u0627 \u064a\u0644\u064a \u0628\u0627\u0633\u0645 \u201c\u062f\u064a\u0641\u0627 \u0646\u064a\u0648\u062a\u0631\u064a\u0634\u0646\u201d \u0623\u0648 \u201c\u0627\u0644\u0634\u0631\u0643\u0629\u201d).<br \/>1.2 \u0647\u0630\u0627 \u0627\u0644\u0645\u0648\u0642\u0639 \u0627\u0644\u0625\u0644\u0643\u062a\u0631\u0648\u0646\u064a \u0645\u062e\u0635\u0635 \u062d\u0635\u0631\u064a\u064b\u0627 \u0644\u0623\u063a\u0631\u0627\u0636 \u0627\u0644\u062a\u0639\u0627\u0645\u0644 \u0628\u064a\u0646 \u0627\u0644\u0634\u0631\u0643\u0627\u062a (B2B). \u0648\u0647\u0648 \u0644\u0627 \u064a\u0648\u0641\u0631 \u0623\u064a \u0648\u0638\u0627\u0626\u0641 \u0644\u0644\u062a\u062c\u0627\u0631\u0629 \u0627\u0644\u0625\u0644\u0643\u062a\u0631\u0648\u0646\u064a\u0629 \u0648\u0644\u0627 \u064a\u0633\u0645\u062d \u0644\u0644\u0645\u0633\u062a\u0647\u0644\u0643\u064a\u0646 \u0628\u062a\u0642\u062f\u064a\u0645 \u0627\u0644\u0637\u0644\u0628\u0627\u062a \u0623\u0648 \u0625\u0628\u0631\u0627\u0645 \u0627\u0644\u0639\u0642\u0648\u062f \u0623\u0648 \u0625\u062c\u0631\u0627\u0621 \u0627\u0644\u0645\u062f\u0641\u0648\u0639\u0627\u062a \u0639\u0628\u0631 \u0627\u0644\u0625\u0646\u062a\u0631\u0646\u062a.<br \/>1.3 \u0628\u062f\u062e\u0648\u0644\u0643 \u0623\u0648 \u0627\u0633\u062a\u062e\u062f\u0627\u0645\u0643 \u0644\u0647\u0630\u0627 \u0627\u0644\u0645\u0648\u0642\u0639 \u0627\u0644\u0625\u0644\u0643\u062a\u0631\u0648\u0646\u064a\u060c \u0641\u0625\u0646\u0643 \u062a\u0624\u0643\u062f \u0623\u0646\u0643 \u062a\u062a\u0635\u0631\u0641 \u0628\u0635\u0641\u0629 \u0645\u0647\u0646\u064a\u0629 \u0623\u0648 \u062a\u062c\u0627\u0631\u064a\u0629 \u0648\u062a\u0648\u0627\u0641\u0642 \u0639\u0644\u0649 \u0627\u0644\u0627\u0644\u062a\u0632\u0627\u0645 \u0628\u0647\u0630\u0647 \u0627\u0644\u0634\u0631\u0648\u0637 \u0648\u0627\u0644\u0623\u062d\u0643\u0627\u0645.<\/p><\/li><li><p>\u0627\u0644\u063a\u0631\u0636 \u0645\u0646 \u0627\u0644\u0645\u0648\u0642\u0639 \u0627\u0644\u0625\u0644\u0643\u062a\u0631\u0648\u0646\u064a<br \/>2.1 \u064a\u0648\u0641\u0631 \u0627\u0644\u0645\u0648\u0642\u0639 \u0627\u0644\u0625\u0644\u0643\u062a\u0631\u0648\u0646\u064a \u0645\u0639\u0644\u0648\u0645\u0627\u062a \u0639\u0627\u0645\u0629 \u0639\u0646 \u0634\u0631\u0643\u0629 \u062f\u064a\u0641\u0627 \u0646\u064a\u0648\u062a\u0631\u064a\u0634\u0646 \u0648\u0645\u0646\u062a\u062c\u0627\u062a\u0647\u0627 \u0648\u062e\u062f\u0645\u0627\u062a\u0647\u0627 \u0648\u0639\u0644\u0627\u0645\u0627\u062a\u0647\u0627 \u0627\u0644\u062a\u062c\u0627\u0631\u064a\u0629 \u0648\u0634\u0647\u0627\u062f\u0627\u062a\u0647\u0627 \u0648\u0639\u0645\u0644\u064a\u0627\u062a \u0627\u0644\u0625\u0646\u062a\u0627\u062c \u0648\u0627\u0644\u0623\u0646\u0634\u0637\u0629 \u0627\u0644\u062a\u062c\u0627\u0631\u064a\u0629.<br \/>2.2 \u0625\u0646 \u0623\u064a \u0645\u0639\u0644\u0648\u0645\u0627\u062a \u0645\u0646\u0634\u0648\u0631\u0629 \u0639\u0644\u0649 \u0627\u0644\u0645\u0648\u0642\u0639 \u0627\u0644\u0625\u0644\u0643\u062a\u0631\u0648\u0646\u064a \u0647\u064a \u0644\u0623\u063a\u0631\u0627\u0636 \u0625\u0639\u0644\u0627\u0645\u064a\u0629 \u0648\u062a\u0631\u0648\u064a\u062c\u064a\u0629 \u0641\u0642\u0637 \u0648\u0644\u0627 \u062a\u0634\u0643\u0644 \u0639\u0631\u0636\u0627\u064b \u0645\u0644\u0632\u0645\u0627\u064b \u0623\u0648 \u0639\u0631\u0636 \u0623\u0633\u0639\u0627\u0631 \u0623\u0648 \u0627\u0644\u062a\u0632\u0627\u0645\u0627\u064b \u062a\u0639\u0627\u0642\u062f\u064a\u0627\u064b.<br \/>2.3 \u064a\u062e\u0636\u0639 \u0623\u064a \u062a\u0639\u0627\u0648\u0646 \u062a\u062c\u0627\u0631\u064a \u0623\u0648 \u0625\u0646\u062a\u0627\u062c \u0639\u0644\u0627\u0645\u0629 \u062a\u062c\u0627\u0631\u064a\u0629 \u062e\u0627\u0635\u0629 \u0623\u0648 \u062a\u0635\u0646\u064a\u0639 \u062a\u0639\u0627\u0642\u062f\u064a \u0644\u0645\u0641\u0627\u0648\u0636\u0627\u062a \u0641\u0631\u062f\u064a\u0629 \u0648\u0627\u062a\u0641\u0627\u0642\u064a\u0629 \u0645\u0643\u062a\u0648\u0628\u0629 \u0645\u0646\u0641\u0635\u0644\u0629.<\/p><\/li><li><p>\u062d\u0642\u0648\u0642 \u0627\u0644\u0645\u0644\u0643\u064a\u0629 \u0627\u0644\u0641\u0643\u0631\u064a\u0629<br \/>3.1 \u062c\u0645\u064a\u0639 \u0627\u0644\u0645\u062d\u062a\u0648\u064a\u0627\u062a \u0627\u0644\u0645\u0648\u062c\u0648\u062f\u0629 \u0639\u0644\u0649 \u0647\u0630\u0627 \u0627\u0644\u0645\u0648\u0642\u0639 \u0627\u0644\u0625\u0644\u0643\u062a\u0631\u0648\u0646\u064a\u060c \u0628\u0645\u0627 \u0641\u064a \u0630\u0644\u0643 \u0639\u0644\u0649 \u0633\u0628\u064a\u0644 \u0627\u0644\u0645\u062b\u0627\u0644 \u0644\u0627 \u0627\u0644\u062d\u0635\u0631 \u0627\u0644\u0646\u0635\u0648\u0635 \u0648\u0627\u0644\u0635\u0648\u0631 \u0648\u0627\u0644\u0631\u0633\u0648\u0645\u0627\u062a \u0648\u0627\u0644\u0634\u0639\u0627\u0631\u0627\u062a \u0648\u0645\u0642\u0627\u0637\u0639 \u0627\u0644\u0641\u064a\u062f\u064a\u0648 \u0648\u0627\u0644\u0639\u0644\u0627\u0645\u0627\u062a \u0627\u0644\u062a\u062c\u0627\u0631\u064a\u0629 \u0648\u0623\u0648\u0635\u0627\u0641 \u0627\u0644\u0645\u0646\u062a\u062c\u0627\u062a \u0648\u0627\u0644\u062a\u062e\u0637\u064a\u0637\u060c \u0647\u064a \u0645\u0644\u0643 \u0644\u0634\u0631\u0643\u0629 \u062f\u064a\u0641\u0627 \u0646\u064a\u0648\u062a\u0631\u064a\u0634\u0646 \u0623\u0648 \u0627\u0644\u062c\u0647\u0627\u062a \u0627\u0644\u0645\u0631\u062e\u0635\u0629 \u0644\u0647\u0627 \u0648\u0647\u064a \u0645\u062d\u0645\u064a\u0629 \u0628\u0645\u0648\u062c\u0628 \u0642\u0648\u0627\u0646\u064a\u0646 \u0627\u0644\u0645\u0644\u0643\u064a\u0629 \u0627\u0644\u0641\u0643\u0631\u064a\u0629 \u0627\u0644\u0645\u0639\u0645\u0648\u0644 \u0628\u0647\u0627 \u0641\u064a \u0627\u0644\u0627\u062a\u062d\u0627\u062f \u0627\u0644\u0623\u0648\u0631\u0648\u0628\u064a \u0648\u062c\u0645\u0647\u0648\u0631\u064a\u0629 \u0627\u0644\u062a\u0634\u064a\u0643.<br \/>3.2 \u0644\u0627 \u064a\u062c\u0648\u0632 \u0646\u0633\u062e \u0623\u0648 \u0625\u0639\u0627\u062f\u0629 \u0625\u0646\u062a\u0627\u062c \u0623\u0648 \u062a\u0639\u062f\u064a\u0644 \u0623\u0648 \u062a\u0648\u0632\u064a\u0639 \u0623\u0648 \u0646\u0634\u0631 \u0623\u0648 \u0627\u0633\u062a\u062e\u062f\u0627\u0645 \u0623\u064a \u062c\u0632\u0621 \u0645\u0646 \u0627\u0644\u0645\u0648\u0642\u0639 \u0627\u0644\u0625\u0644\u0643\u062a\u0631\u0648\u0646\u064a \u0644\u0623\u063a\u0631\u0627\u0636 \u062a\u062c\u0627\u0631\u064a\u0629 \u062f\u0648\u0646 \u0645\u0648\u0627\u0641\u0642\u0629 \u062e\u0637\u064a\u0629 \u0645\u0633\u0628\u0642\u0629 \u0645\u0646 \u0634\u0631\u0643\u0629 \u062f\u064a\u0641\u0627 \u0646\u064a\u0648\u062a\u0631\u064a\u0634\u0646.<br \/>3.3 \u064a\u064f\u062d\u0638\u0631 \u062a\u0645\u0627\u0645\u064b\u0627 \u0627\u0633\u062a\u062e\u062f\u0627\u0645 \u0627\u0633\u0645 \u0627\u0644\u0634\u0631\u0643\u0629 \u0623\u0648 \u0639\u0644\u0627\u0645\u0627\u062a\u0647\u0627 \u0627\u0644\u062a\u062c\u0627\u0631\u064a\u0629 \u0623\u0648 \u0634\u0639\u0627\u0631\u0627\u062a\u0647\u0627 \u062f\u0648\u0646 \u062a\u0635\u0631\u064a\u062d.<\/p><\/li><li><p>\u062f\u0642\u0629 \u0627\u0644\u0645\u0639\u0644\u0648\u0645\u0627\u062a \u0648\u062a\u0648\u0627\u0641\u0631\u0647\u0627<br \/>4.1 \u062a\u0628\u0630\u0644 \u0634\u0631\u0643\u0629 \u062f\u064a\u0641\u0627 \u0646\u064a\u0648\u062a\u0631\u064a\u0634\u0646 \u062c\u0647\u0648\u062f\u0627\u064b \u0645\u0639\u0642\u0648\u0644\u0629 \u0644\u0636\u0645\u0627\u0646 \u062f\u0642\u0629 \u0648\u0627\u0643\u062a\u0645\u0627\u0644 \u0648\u062a\u062d\u062f\u064a\u062b \u0627\u0644\u0645\u0639\u0644\u0648\u0645\u0627\u062a \u0627\u0644\u0645\u0642\u062f\u0645\u0629 \u0639\u0644\u0649 \u0627\u0644\u0645\u0648\u0642\u0639 \u0627\u0644\u0625\u0644\u0643\u062a\u0631\u0648\u0646\u064a.<br \/>4.2 \u0648\u0645\u0639 \u0630\u0644\u0643\u060c \u0641\u0625\u0646 \u0627\u0644\u0634\u0631\u0643\u0629 \u0644\u0627 \u062a\u0636\u0645\u0646 \u062e\u0644\u0648 \u0627\u0644\u0645\u062d\u062a\u0648\u0649 \u0645\u0646 \u0627\u0644\u0623\u062e\u0637\u0627\u0621 \u0623\u0648 \u0627\u0644\u0633\u0647\u0648 \u0623\u0648 \u0639\u062f\u0645 \u0627\u0644\u062f\u0642\u0629 \u0648\u062a\u062d\u062a\u0641\u0638 \u0628\u062d\u0642\u0647\u0627 \u0641\u064a \u062a\u062d\u062f\u064a\u062b \u0627\u0644\u0645\u062d\u062a\u0648\u0649 \u0623\u0648 \u062a\u0639\u062f\u064a\u0644\u0647 \u0623\u0648 \u0625\u0632\u0627\u0644\u062a\u0647 \u0641\u064a \u0623\u064a \u0648\u0642\u062a \u062f\u0648\u0646 \u0625\u0634\u0639\u0627\u0631 \u0645\u0633\u0628\u0642.<br \/>4.3 \u0644\u0646 \u062a\u0643\u0648\u0646 \u062f\u064a\u0641\u0627 \u0646\u064a\u0648\u062a\u0631\u064a\u0634\u0646 \u0645\u0633\u0624\u0648\u0644\u0629 \u0639\u0646 \u0623\u064a \u0627\u0639\u062a\u0645\u0627\u062f \u0639\u0644\u0649 \u0627\u0644\u0645\u0639\u0644\u0648\u0645\u0627\u062a \u0627\u0644\u0645\u0642\u062f\u0645\u0629 \u0639\u0644\u0649 \u0627\u0644\u0645\u0648\u0642\u0639 \u0627\u0644\u0625\u0644\u0643\u062a\u0631\u0648\u0646\u064a.<\/p><\/li><li><p>\u0644\u0627 \u062a\u0648\u062c\u062f \u0639\u0644\u0627\u0642\u0629 \u062a\u0639\u0627\u0642\u062f\u064a\u0629<br \/>5.1 \u0625\u0646 \u0627\u0633\u062a\u062e\u062f\u0627\u0645 \u0647\u0630\u0627 \u0627\u0644\u0645\u0648\u0642\u0639 \u0627\u0644\u0625\u0644\u0643\u062a\u0631\u0648\u0646\u064a \u0644\u0627 \u064a\u0646\u0634\u0626 \u0623\u064a \u0639\u0644\u0627\u0642\u0629 \u062a\u0639\u0627\u0642\u062f\u064a\u0629 \u0623\u0648 \u0634\u0631\u0627\u0643\u0629 \u0623\u0648 \u0648\u0643\u0627\u0644\u0629 \u0623\u0648 \u0623\u064a \u0639\u0644\u0627\u0642\u0629 \u0642\u0627\u0646\u0648\u0646\u064a\u0629 \u0623\u062e\u0631\u0649 \u0628\u064a\u0646 \u0627\u0644\u0645\u0633\u062a\u062e\u062f\u0645 \u0648\u062f\u064a\u0641\u0627 \u0646\u064a\u0648\u062a\u0631\u064a\u0634\u0646.<br \/>5.2 \u0644\u0627 \u062a\u0634\u0643\u0644 \u0623\u064a \u0627\u0633\u062a\u0641\u0633\u0627\u0631\u0627\u062a \u0623\u0648 \u0637\u0644\u0628\u0627\u062a \u0623\u0648 \u0645\u0631\u0627\u0633\u0644\u0627\u062a \u064a\u062a\u0645 \u062a\u0642\u062f\u064a\u0645\u0647\u0627 \u0639\u0628\u0631 \u0646\u0645\u0627\u0630\u062c \u0627\u0644\u0627\u062a\u0635\u0627\u0644 \u0623\u0648 \u0627\u0644\u0628\u0631\u064a\u062f \u0627\u0644\u0625\u0644\u0643\u062a\u0631\u0648\u0646\u064a \u0623\u0648 \u0623\u064a \u0648\u0633\u064a\u0644\u0629 \u0623\u062e\u0631\u0649 \u0639\u0631\u0636\u0627\u064b \u0623\u0648 \u0642\u0628\u0648\u0644\u0627\u064b \u0644\u0644\u0639\u0631\u0636 \u0645\u0627 \u0644\u0645 \u062a\u0624\u0643\u062f \u062f\u064a\u0641\u0627 \u0646\u064a\u0648\u062a\u0631\u064a\u0634\u0646 \u0630\u0644\u0643 \u0635\u0631\u0627\u062d\u0629\u064b \u0643\u062a\u0627\u0628\u0629\u064b.<\/p><\/li><li><p>\u062a\u062d\u062f\u064a\u062f \u0627\u0644\u0645\u0633\u0624\u0648\u0644\u064a\u0629<br \/>6.1 \u0625\u0644\u0649 \u0623\u0642\u0635\u0649 \u062d\u062f \u064a\u0633\u0645\u062d \u0628\u0647 \u0627\u0644\u0642\u0627\u0646\u0648\u0646 \u0627\u0644\u0645\u0639\u0645\u0648\u0644 \u0628\u0647\u060c \u0644\u0646 \u062a\u0643\u0648\u0646 \u062f\u064a\u0641\u0627 \u0646\u064a\u0648\u062a\u0631\u064a\u0634\u0646 \u0645\u0633\u0624\u0648\u0644\u0629 \u0639\u0646 \u0623\u064a \u0623\u0636\u0631\u0627\u0631 \u0645\u0628\u0627\u0634\u0631\u0629 \u0623\u0648 \u063a\u064a\u0631 \u0645\u0628\u0627\u0634\u0631\u0629\u060c \u0628\u0645\u0627 \u0641\u064a \u0630\u0644\u0643 \u0639\u0644\u0649 \u0633\u0628\u064a\u0644 \u0627\u0644\u0645\u062b\u0627\u0644 \u0644\u0627 \u0627\u0644\u062d\u0635\u0631 \u062e\u0633\u0627\u0631\u0629 \u0627\u0644\u0623\u0631\u0628\u0627\u062d \u0623\u0648 \u0627\u0646\u0642\u0637\u0627\u0639 \u0627\u0644\u0623\u0639\u0645\u0627\u0644 \u0623\u0648 \u0641\u0642\u062f\u0627\u0646 \u0627\u0644\u0628\u064a\u0627\u0646\u0627\u062a \u0623\u0648 \u0627\u0644\u0625\u0636\u0631\u0627\u0631 \u0628\u0627\u0644\u0633\u0645\u0639\u0629 \u0627\u0644\u0646\u0627\u0634\u0626\u0629 \u0639\u0646 \u0627\u0633\u062a\u062e\u062f\u0627\u0645 \u0647\u0630\u0627 \u0627\u0644\u0645\u0648\u0642\u0639 \u0627\u0644\u0625\u0644\u0643\u062a\u0631\u0648\u0646\u064a \u0623\u0648 \u0639\u062f\u0645 \u0627\u0644\u0642\u062f\u0631\u0629 \u0639\u0644\u0649 \u0627\u0633\u062a\u062e\u062f\u0627\u0645\u0647.<br \/>6.2 \u0644\u0646 \u062a\u0643\u0648\u0646 \u062f\u064a\u0641\u0627 \u0646\u064a\u0648\u062a\u0631\u064a\u0634\u0646 \u0645\u0633\u0624\u0648\u0644\u0629 \u0639\u0646 \u0623\u064a \u0636\u0631\u0631 \u0646\u0627\u062a\u062c \u0639\u0646 \u0627\u0644\u0641\u064a\u0631\u0648\u0633\u0627\u062a \u0623\u0648 \u0627\u0644\u0628\u0631\u0645\u062c\u064a\u0627\u062a \u0627\u0644\u062e\u0628\u064a\u062b\u0629 \u0623\u0648 \u063a\u064a\u0631\u0647\u0627 \u0645\u0646 \u0627\u0644\u0645\u0643\u0648\u0646\u0627\u062a \u0627\u0644\u0636\u0627\u0631\u0629 \u0627\u0644\u062a\u064a \u0642\u062f \u062a\u0624\u062b\u0631 \u0639\u0644\u0649 \u0623\u062c\u0647\u0632\u0629 \u0627\u0644\u0645\u0633\u062a\u062e\u062f\u0645 \u0646\u062a\u064a\u062c\u0629 \u0627\u0644\u062f\u062e\u0648\u0644 \u0625\u0644\u0649 \u0627\u0644\u0645\u0648\u0642\u0639 \u0627\u0644\u0625\u0644\u0643\u062a\u0631\u0648\u0646\u064a.<br \/>6.3 \u0644\u0627 \u064a\u0648\u062c\u062f \u0641\u064a \u0647\u0630\u0647 \u0627\u0644\u0634\u0631\u0648\u0637 \u0648\u0627\u0644\u0623\u062d\u0643\u0627\u0645 \u0645\u0627 \u064a\u062d\u062f \u0645\u0646 \u0627\u0644\u0645\u0633\u0624\u0648\u0644\u064a\u0629 \u0639\u0646 \u0627\u0644\u0623\u0636\u0631\u0627\u0631 \u0627\u0644\u062a\u064a \u0644\u0627 \u064a\u0645\u0643\u0646 \u0627\u0633\u062a\u0628\u0639\u0627\u062f\u0647\u0627 \u0628\u0645\u0648\u062c\u0628 \u0642\u0627\u0646\u0648\u0646 \u0627\u0644\u0627\u062a\u062d\u0627\u062f \u0627\u0644\u0623\u0648\u0631\u0648\u0628\u064a \u0623\u0648 \u0627\u0644\u0642\u0627\u0646\u0648\u0646 \u0627\u0644\u062a\u0634\u064a\u0643\u064a \u0627\u0644\u0625\u0644\u0632\u0627\u0645\u064a.<\/p><\/li><li><p>\u0631\u0648\u0627\u0628\u0637 \u0627\u0644\u0637\u0631\u0641 \u0627\u0644\u062b\u0627\u0644\u062b<br \/>7.1 \u0642\u062f \u064a\u062d\u062a\u0648\u064a \u0627\u0644\u0645\u0648\u0642\u0639 \u0627\u0644\u0625\u0644\u0643\u062a\u0631\u0648\u0646\u064a \u0639\u0644\u0649 \u0631\u0648\u0627\u0628\u0637 \u0644\u0645\u0648\u0627\u0642\u0639 \u0625\u0644\u0643\u062a\u0631\u0648\u0646\u064a\u0629 \u062a\u0627\u0628\u0639\u0629 \u0644\u062c\u0647\u0627\u062a \u062e\u0627\u0631\u062c\u064a\u0629 \u0644\u0623\u063a\u0631\u0627\u0636 \u0627\u0644\u062a\u064a\u0633\u064a\u0631 \u0623\u0648 \u0644\u0623\u063a\u0631\u0627\u0636 \u0625\u0639\u0644\u0627\u0645\u064a\u0629.<br \/>7.2 \u0644\u0627 \u062a\u062a\u062d\u0643\u0645 \u062f\u064a\u0641\u0627 \u0646\u064a\u0648\u062a\u0631\u064a\u0634\u0646 \u0628\u0645\u062d\u062a\u0648\u0649 \u0623\u0648 \u062a\u0634\u063a\u064a\u0644 \u0627\u0644\u0645\u0648\u0627\u0642\u0639 \u0627\u0644\u0625\u0644\u0643\u062a\u0631\u0648\u0646\u064a\u0629 \u0644\u0644\u063a\u064a\u0631 \u0648\u0644\u0627 \u062a\u062a\u062d\u0645\u0644 \u0623\u064a \u0645\u0633\u0624\u0648\u0644\u064a\u0629 \u0623\u0648 \u0627\u0644\u062a\u0632\u0627\u0645 \u062a\u062c\u0627\u0647\u0647\u0627.<br \/>7.3 \u064a\u0643\u0648\u0646 \u0627\u0644\u062f\u062e\u0648\u0644 \u0625\u0644\u0649 \u0627\u0644\u0645\u0648\u0627\u0642\u0639 \u0627\u0644\u0625\u0644\u0643\u062a\u0631\u0648\u0646\u064a\u0629 \u0627\u0644\u062a\u0627\u0628\u0639\u0629 \u0644\u062c\u0647\u0627\u062a \u062e\u0627\u0631\u062c\u064a\u0629 \u0639\u0644\u0649 \u0645\u0633\u0624\u0648\u0644\u064a\u0629 \u0627\u0644\u0645\u0633\u062a\u062e\u062f\u0645 \u0627\u0644\u062e\u0627\u0635\u0629 \u0648\u064a\u062e\u0636\u0639 \u0644\u0634\u0631\u0648\u0637 \u0648\u0623\u062d\u0643\u0627\u0645 \u062a\u0644\u0643 \u0627\u0644\u0645\u0648\u0627\u0642\u0639 \u0627\u0644\u0625\u0644\u0643\u062a\u0631\u0648\u0646\u064a\u0629.<\/p><\/li><li><p>\u062d\u0645\u0627\u064a\u0629 \u0627\u0644\u0628\u064a\u0627\u0646\u0627\u062a \u0648\u0645\u0644\u0641\u0627\u062a \u062a\u0639\u0631\u064a\u0641 \u0627\u0644\u0627\u0631\u062a\u0628\u0627\u0637<br \/>8.1 \u062a\u062e\u0636\u0639 \u0645\u0639\u0627\u0644\u062c\u0629 \u0627\u0644\u0628\u064a\u0627\u0646\u0627\u062a \u0627\u0644\u0634\u062e\u0635\u064a\u0629 \u0644\u0633\u064a\u0627\u0633\u0629 \u0627\u0644\u062e\u0635\u0648\u0635\u064a\u0629 \u0627\u0644\u062a\u064a \u062a\u0634\u0643\u0644 \u062c\u0632\u0621\u064b\u0627 \u0644\u0627 \u064a\u062a\u062c\u0632\u0623 \u0645\u0646 \u0647\u0630\u0647 \u0627\u0644\u0634\u0631\u0648\u0637 \u0648\u0627\u0644\u0623\u062d\u0643\u0627\u0645.<br \/>8.2 \u062a\u0639\u0627\u0644\u062c \u0634\u0631\u0643\u0629 \u062f\u064a\u0641\u0627 \u0646\u064a\u0648\u062a\u0631\u0634\u0646 \u0627\u0644\u0628\u064a\u0627\u0646\u0627\u062a \u0627\u0644\u0634\u062e\u0635\u064a\u0629 \u0648\u0641\u0642\u064b\u0627 \u0644\u0644\u0627\u0626\u062d\u0629 (\u0627\u0644\u0627\u062a\u062d\u0627\u062f \u0627\u0644\u0623\u0648\u0631\u0648\u0628\u064a) 2016\/679 (\u0627\u0644\u0644\u0627\u0626\u062d\u0629 \u0627\u0644\u0639\u0627\u0645\u0629 \u0644\u062d\u0645\u0627\u064a\u0629 \u0627\u0644\u0628\u064a\u0627\u0646\u0627\u062a) \u0648\u0642\u0648\u0627\u0646\u064a\u0646 \u062d\u0645\u0627\u064a\u0629 \u0627\u0644\u0628\u064a\u0627\u0646\u0627\u062a \u0627\u0644\u062a\u0634\u064a\u0643\u064a\u0629 \u0627\u0644\u0645\u0639\u0645\u0648\u0644 \u0628\u0647\u0627.<br \/>8.3 \u064a\u0631\u062f \u0648\u0635\u0641 \u0627\u0633\u062a\u062e\u062f\u0627\u0645 \u0645\u0644\u0641\u0627\u062a \u062a\u0639\u0631\u064a\u0641 \u0627\u0644\u0627\u0631\u062a\u0628\u0627\u0637 \u0648\u0627\u0644\u062a\u0642\u0646\u064a\u0627\u062a \u0627\u0644\u0645\u0645\u0627\u062b\u0644\u0629 \u0641\u064a \u0633\u064a\u0627\u0633\u0629 \u0645\u0644\u0641\u0627\u062a \u062a\u0639\u0631\u064a\u0641 \u0627\u0644\u0627\u0631\u062a\u0628\u0627\u0637 \u0627\u0644\u0645\u062a\u0627\u062d\u0629 \u0639\u0644\u0649 \u0627\u0644\u0645\u0648\u0642\u0639 \u0627\u0644\u0625\u0644\u0643\u062a\u0631\u0648\u0646\u064a.<\/p><\/li><li><p>\u0633\u0631\u064a\u0629 \u0627\u0644\u0627\u062a\u0635\u0627\u0644\u0627\u062a<br \/>9.1 \u0644\u0627 \u062a\u0639\u062a\u0628\u0631 \u0623\u064a \u0645\u0639\u0644\u0648\u0645\u0627\u062a \u063a\u064a\u0631 \u0639\u0627\u0645\u0629 \u064a\u062a\u0645 \u0627\u0644\u0625\u0641\u0635\u0627\u062d \u0639\u0646\u0647\u0627 \u0644\u0634\u0631\u0643\u0629 \u062f\u064a\u0641\u0627 \u0644\u0644\u062a\u063a\u0630\u064a\u0629 \u0645\u0646 \u062e\u0644\u0627\u0644 \u0627\u0644\u0645\u0648\u0642\u0639 \u0627\u0644\u0625\u0644\u0643\u062a\u0631\u0648\u0646\u064a \u0623\u0648 \u0639\u0646 \u0637\u0631\u064a\u0642 \u0627\u0644\u0628\u0631\u064a\u062f \u0627\u0644\u0625\u0644\u0643\u062a\u0631\u0648\u0646\u064a \u0633\u0631\u064a\u0629 \u0645\u0627 \u0644\u0645 \u064a\u062a\u0645 \u0627\u0644\u0627\u062a\u0641\u0627\u0642 \u0635\u0631\u0627\u062d\u0629\u064b \u0639\u0644\u0649 \u0630\u0644\u0643 \u0643\u062a\u0627\u0628\u0629\u064b.<br \/>9.2 \u062a\u0648\u0635\u064a \u062f\u064a\u0641\u0627 \u0646\u064a\u0648\u062a\u0631\u064a\u0634\u0646 \u0628\u0639\u062f\u0645 \u0625\u0631\u0633\u0627\u0644 \u0645\u0639\u0644\u0648\u0645\u0627\u062a \u062d\u0633\u0627\u0633\u0629 \u0623\u0648 \u0633\u0631\u064a\u0629 \u0639\u0628\u0631 \u0627\u0644\u0645\u0648\u0642\u0639 \u0627\u0644\u0625\u0644\u0643\u062a\u0631\u0648\u0646\u064a \u062f\u0648\u0646 \u0645\u0648\u0627\u0641\u0642\u0629 \u0645\u0633\u0628\u0642\u0629.<\/p><\/li><li><p>\u0627\u0644\u0642\u0627\u0646\u0648\u0646 \u0627\u0644\u062d\u0627\u0643\u0645 \u0648\u0627\u0644\u0627\u062e\u062a\u0635\u0627\u0635 \u0627\u0644\u0642\u0636\u0627\u0626\u064a<br \/>10.1 \u062a\u062e\u0636\u0639 \u0647\u0630\u0647 \u0627\u0644\u0634\u0631\u0648\u0637 \u0648\u0627\u0644\u0623\u062d\u0643\u0627\u0645 \u0644\u0642\u0648\u0627\u0646\u064a\u0646 \u062c\u0645\u0647\u0648\u0631\u064a\u0629 \u0627\u0644\u062a\u0634\u064a\u0643 \u0648\u062a\u0641\u0633\u0631 \u0648\u0641\u0642\u064b\u0627 \u0644\u0642\u0648\u0627\u0646\u064a\u0646 \u062c\u0645\u0647\u0648\u0631\u064a\u0629 \u0627\u0644\u062a\u0634\u064a\u0643.<br \/>10.2 \u062a\u062e\u0636\u0639 \u0623\u064a \u0646\u0632\u0627\u0639\u0627\u062a \u062a\u0646\u0634\u0623 \u0639\u0646 \u0623\u0648 \u0641\u064a\u0645\u0627 \u064a\u062a\u0639\u0644\u0642 \u0628\u0627\u0633\u062a\u062e\u062f\u0627\u0645 \u0647\u0630\u0627 \u0627\u0644\u0645\u0648\u0642\u0639 \u0627\u0644\u0625\u0644\u0643\u062a\u0631\u0648\u0646\u064a \u0644\u0644\u0627\u062e\u062a\u0635\u0627\u0635 \u0627\u0644\u0642\u0636\u0627\u0626\u064a \u0627\u0644\u062d\u0635\u0631\u064a \u0644\u0644\u0645\u062d\u0627\u0643\u0645 \u0627\u0644\u0645\u062e\u062a\u0635\u0629 \u0641\u064a \u062c\u0645\u0647\u0648\u0631\u064a\u0629 \u0627\u0644\u062a\u0634\u064a\u0643\u060c \u0645\u0627 \u0644\u0645 \u064a\u0646\u0635 \u0642\u0627\u0646\u0648\u0646 \u0627\u0644\u0627\u062a\u062d\u0627\u062f \u0627\u0644\u0623\u0648\u0631\u0648\u0628\u064a \u0627\u0644\u0625\u0644\u0632\u0627\u0645\u064a \u0639\u0644\u0649 \u062e\u0644\u0627\u0641 \u0630\u0644\u0643.<\/p><\/li><li><p>\u0642\u0627\u0628\u0644\u064a\u0629 \u0627\u0644\u0641\u0635\u0644<br \/>11.1 \u0625\u0630\u0627 \u062a\u0645 \u0627\u0639\u062a\u0628\u0627\u0631 \u0623\u064a \u062d\u0643\u0645 \u0645\u0646 \u0647\u0630\u0647 \u0627\u0644\u0634\u0631\u0648\u0637 \u0648\u0627\u0644\u0623\u062d\u0643\u0627\u0645 \u063a\u064a\u0631 \u0635\u0627\u0644\u062d \u0623\u0648 \u063a\u064a\u0631 \u0642\u0627\u0628\u0644 \u0644\u0644\u062a\u0646\u0641\u064a\u0630\u060c \u062a\u0638\u0644 \u0627\u0644\u0623\u062d\u0643\u0627\u0645 \u0627\u0644\u0645\u062a\u0628\u0642\u064a\u0629 \u0633\u0627\u0631\u064a\u0629 \u0627\u0644\u0645\u0641\u0639\u0648\u0644 \u0648\u0627\u0644\u062a\u0623\u062b\u064a\u0631 \u0627\u0644\u0643\u0627\u0645\u0644.<\/p><\/li><li><p>\u0627\u0644\u062a\u0639\u062f\u064a\u0644\u0627\u062a<br \/>12.1 \u062a\u062d\u062a\u0641\u0638 \u062f\u064a\u0641\u0627 \u0646\u064a\u0648\u062a\u0631\u0634\u0646 \u0628\u0627\u0644\u062d\u0642 \u0641\u064a \u062a\u0639\u062f\u064a\u0644 \u0623\u0648 \u062a\u062d\u062f\u064a\u062b \u0647\u0630\u0647 \u0627\u0644\u0634\u0631\u0648\u0637 \u0648\u0627\u0644\u0623\u062d\u0643\u0627\u0645 \u0641\u064a \u0623\u064a \u0648\u0642\u062a.<br \/>12.2 \u062a\u0643\u0648\u0646 \u0627\u0644\u0646\u0633\u062e\u0629 \u0627\u0644\u062d\u0627\u0644\u064a\u0629 \u0645\u062a\u0627\u062d\u0629 \u062f\u0627\u0626\u0645\u064b\u0627 \u0639\u0644\u0649 \u0627\u0644\u0645\u0648\u0642\u0639 \u0627\u0644\u0625\u0644\u0643\u062a\u0631\u0648\u0646\u064a \u0648\u062a\u0635\u0628\u062d \u0633\u0627\u0631\u064a\u0629 \u0627\u0644\u0645\u0641\u0639\u0648\u0644 \u0639\u0646\u062f \u0646\u0634\u0631\u0647\u0627.<\/p><\/li><li><p>\u062a\u0641\u0627\u0635\u064a\u0644 \u0627\u0644\u0627\u062a\u0635\u0627\u0644<br \/>13.1 \u0644\u0623\u064a\u0629 \u0623\u0633\u0626\u0644\u0629 \u062a\u062a\u0639\u0644\u0642 \u0628\u0647\u0630\u0647 \u0627\u0644\u0634\u0631\u0648\u0637 \u0648\u0627\u0644\u0623\u062d\u0643\u0627\u0645 \u0623\u0648 \u0627\u0644\u0645\u0648\u0642\u0639 \u0627\u0644\u0625\u0644\u0643\u062a\u0631\u0648\u0646\u064a\u060c \u064a\u064f\u0631\u062c\u0649 \u0627\u0644\u0627\u062a\u0635\u0627\u0644 \u0628\u0640<br \/>\u062f\u064a\u0641\u0627 \u0646\u064a\u0648\u062a\u0631\u064a\u0634\u0646 \u0623.\u0633.<br \/>\u0627\u0644\u062c\u0646\u0631\u0627\u0644 \u0643\u0644\u0627\u0628\u0627\u0644\u0643\u0627 519<br \/>549 01 549 \u0646\u0648\u0641\u064a\u0647 \u0645\u064a\u0633\u062a\u0648 \u0646\u0627\u062f \u0645\u064a\u062a\u0648\u064a\u064a<br \/>\u0627\u0644\u062c\u0645\u0647\u0648\u0631\u064a\u0629 \u0627\u0644\u062a\u0634\u064a\u0643\u064a\u0629<br \/>\u0627\u0644\u0628\u0631\u064a\u062f \u0627\u0644\u0625\u0644\u0643\u062a\u0631\u0648\u0646\u064a: <a href=\"mailto:info@deva.cz\" target=\"_blank\" rel=\"noopener\">info@deva.cz<\/a><br \/>\u062a\u0644\u064a\u0641\u0648\u0646 +420 491 439 111<\/p><\/li><\/ol>\t\t\t\t\t\t\t\t<\/div>\n\t\t\t\t<\/div>\n\t\t\t\t<\/div>","protected":false},"excerpt":{"rendered":"<p>TERMS AND CONDITIONSDeva Nutrition a.s. General Information1.1 These Terms and Conditions govern the use of the website operated by Deva Nutrition a.s., with its registered office at Gen. Klap\u00e1lka 519, 549 01 Nov\u00e9 M\u011bsto nad Metuj\u00ed, Czech Republic, Company ID: 60916788, VAT No.: CZ60916788, registered in the Commercial Register of the Czech Republic (hereinafter referred [&hellip;]<\/p>\n","protected":false},"author":1,"featured_media":0,"parent":0,"menu_order":0,"comment_status":"closed","ping_status":"open","template":"","meta":{"two_page_speed":[],"footnotes":""},"class_list":["post-1305","page","type-page","status-publish","hentry"],"_links":{"self":[{"href":"https:\/\/deva.cz\/ar\/wp-json\/wp\/v2\/pages\/1305","targetHints":{"allow":["GET"]}}],"collection":[{"href":"https:\/\/deva.cz\/ar\/wp-json\/wp\/v2\/pages"}],"about":[{"href":"https:\/\/deva.cz\/ar\/wp-json\/wp\/v2\/types\/page"}],"author":[{"embeddable":true,"href":"https:\/\/deva.cz\/ar\/wp-json\/wp\/v2\/users\/1"}],"replies":[{"embeddable":true,"href":"https:\/\/deva.cz\/ar\/wp-json\/wp\/v2\/comments?post=1305"}],"version-history":[{"count":0,"href":"https:\/\/deva.cz\/ar\/wp-json\/wp\/v2\/pages\/1305\/revisions"}],"wp:attachment":[{"href":"https:\/\/deva.cz\/ar\/wp-json\/wp\/v2\/media?parent=1305"}],"curies":[{"name":"\u062f\u0628\u0644\u064a\u0648 \u0628\u064a","href":"https:\/\/api.w.org\/{rel}","templated":true}]}}