{"id":3,"date":"2026-02-05T12:06:09","date_gmt":"2026-02-05T12:06:09","guid":{"rendered":"https:\/\/deva.cz\/?page_id=3"},"modified":"2026-02-28T10:19:40","modified_gmt":"2026-02-28T10:19:40","slug":"%d8%b3%d9%8a%d8%a7%d8%b3%d8%a9-%d8%a7%d9%84%d8%ae%d8%b5%d9%88%d8%b5%d9%8a%d8%a9","status":"publish","type":"page","link":"https:\/\/deva.cz\/ar\/privacy-policy\/","title":{"rendered":"\u0633\u064a\u0627\u0633\u0629 \u0627\u0644\u062e\u0635\u0648\u0635\u064a\u0629"},"content":{"rendered":"<div data-elementor-type=\"wp-page\" data-elementor-id=\"3\" class=\"elementor elementor-3\">\n\t\t\t\t<div class=\"elementor-element elementor-element-6252416a e-flex e-con-boxed e-con e-parent\" data-id=\"6252416a\" data-element_type=\"container\" data-e-type=\"container\">\n\t\t\t\t\t<div class=\"e-con-inner\">\n\t\t\t\t<div class=\"elementor-element elementor-element-6382f05e elementor-widget elementor-widget-text-editor\" data-id=\"6382f05e\" data-element_type=\"widget\" data-e-type=\"widget\" data-widget_type=\"text-editor.default\">\n\t\t\t\t\t\t\t\t\t<p><\/p>\n<p>\u0633\u064a\u0627\u0633\u0629 \u0627\u0644\u062e\u0635\u0648\u0635\u064a\u0629<\/p>\n<p><span style=\"font-size: 18px;\">\u062a\u0634\u0631\u062d \u0633\u064a\u0627\u0633\u0629 \u0627\u0644\u062e\u0635\u0648\u0635\u064a\u0629 \u0647\u0630\u0647 \u0643\u064a\u0641 \u062a\u0642\u0648\u0645 \u0634\u0631\u0643\u0629 \u062f\u064a\u0641\u0627 \u0646\u064a\u0648\u062a\u0631\u064a\u0634\u0646 \u0623.\u0633. (\u201c\u0646\u062d\u0646\u201d\u060c \u201c\u0644\u0646\u0627\u201d\u060c \u201c\u0644\u0646\u0627\u201d) \u0628\u062c\u0645\u0639 \u0648\u0627\u0633\u062a\u062e\u062f\u0627\u0645 \u0648\u062a\u062e\u0632\u064a\u0646 \u0648\u062d\u0645\u0627\u064a\u0629 \u0627\u0644\u0628\u064a\u0627\u0646\u0627\u062a \u0627\u0644\u0634\u062e\u0635\u064a\u0629 \u0639\u0646\u062f \u0632\u064a\u0627\u0631\u062a\u0643 \u0623\u0648 \u0627\u0633\u062a\u062e\u062f\u0627\u0645\u0643 \u0644\u0644\u0645\u0648\u0642\u0639 \u0627\u0644\u0625\u0644\u0643\u062a\u0631\u0648\u0646\u064a <\/span><a href=\"https:\/\/deva.cz\/ar\/\" target=\"_blank\" rel=\"noopener\" style=\"font-family: inherit; font-size: 18px; letter-spacing: normal; text-transform: none; word-spacing: 0px; background-color: rgb(255, 255, 255);\">https:\/\/www.deva.cz<\/a><span style=\"font-size: 18px;\"> (\u201c\u0627\u0644\u0645\u0648\u0642\u0639 \u0627\u0644\u0625\u0644\u0643\u062a\u0631\u0648\u0646\u064a\u201d). \u0646\u062d\u0646 \u0646\u0639\u0627\u0644\u062c \u0627\u0644\u0628\u064a\u0627\u0646\u0627\u062a \u0627\u0644\u0634\u062e\u0635\u064a\u0629 \u0648\u0641\u0642\u064b\u0627 \u0644\u0644\u0627\u0626\u062d\u0629 (\u0627\u0644\u0627\u062a\u062d\u0627\u062f \u0627\u0644\u0623\u0648\u0631\u0648\u0628\u064a) 2016\/679 \u0627\u0644\u0635\u0627\u062f\u0631\u0629 \u0639\u0646 \u0627\u0644\u0628\u0631\u0644\u0645\u0627\u0646 \u0627\u0644\u0623\u0648\u0631\u0648\u0628\u064a \u0648\u0627\u0644\u0645\u062c\u0644\u0633 \u0627\u0644\u0623\u0648\u0631\u0648\u0628\u064a (\u0627\u0644\u0644\u0627\u0626\u062d\u0629 \u0627\u0644\u0639\u0627\u0645\u0629 \u0644\u062d\u0645\u0627\u064a\u0629 \u0627\u0644\u0628\u064a\u0627\u0646\u0627\u062a - GDPR) \u0648\u0627\u0644\u062a\u0634\u0631\u064a\u0639\u0627\u062a \u0627\u0644\u062a\u0634\u064a\u0643\u064a\u0629 \u0627\u0644\u0645\u0639\u0645\u0648\u0644 \u0628\u0647\u0627.<\/span><\/p>\n<ol>\n<li>\u0645\u0631\u0627\u0642\u0628 \u0627\u0644\u0628\u064a\u0627\u0646\u0627\u062a<\/li>\n<\/ol>\n<p>\u0627\u0633\u0645 \u0627\u0644\u0634\u0631\u0643\u0629: Deva Nutrition a.s.<br>\u0627\u0644\u0639\u0646\u0648\u0627\u0646 \u0627\u0644\u0645\u0633\u062c\u0644: Gen. Klap\u00e1lka 519, 549 01 Nov\u00e9 M\u011bsto nad Metuj\u00ed, Czechia<br>\u0631\u0642\u0645 \u0636\u0631\u064a\u0628\u0629 \u0627\u0644\u0642\u064a\u0645\u0629 \u0627\u0644\u0645\u0636\u0627\u0641\u0629: CZ6091616788<br>\u0627\u0644\u0628\u0631\u064a\u062f \u0627\u0644\u0625\u0644\u0643\u062a\u0631\u0648\u0646\u064a <a href=\"mailto:info@deva.cz\" target=\"_blank\" rel=\"noopener\">info@deva.cz<\/a><\/p>\n<p>\u0634\u0631\u0643\u0629 Deva Nutrition a.s. \u0647\u064a \u0627\u0644\u062c\u0647\u0629 \u0627\u0644\u0645\u0633\u0624\u0648\u0644\u0629 \u0639\u0646 \u0645\u0639\u0627\u0644\u062c\u0629 \u0628\u064a\u0627\u0646\u0627\u062a\u0643 \u0627\u0644\u0634\u062e\u0635\u064a\u0629.<\/p>\n<ol start=\"2\">\n<li>\u0627\u0644\u0628\u064a\u0627\u0646\u0627\u062a \u0627\u0644\u0634\u062e\u0635\u064a\u0629 \u0627\u0644\u062a\u064a \u0646\u0639\u0627\u0644\u062c\u0647\u0627<\/li>\n<\/ol>\n<p>\u0627\u0639\u062a\u0645\u0627\u062f\u0627\u064b \u0639\u0644\u0649 \u0643\u064a\u0641\u064a\u0629 \u0627\u0633\u062a\u062e\u062f\u0627\u0645\u0643 \u0644\u0644\u0645\u0648\u0642\u0639 \u0627\u0644\u0625\u0644\u0643\u062a\u0631\u0648\u0646\u064a\u060c \u0642\u062f \u0646\u0642\u0648\u0645 \u0628\u0645\u0639\u0627\u0644\u062c\u0629 \u0627\u0644\u0641\u0626\u0627\u062a \u0627\u0644\u062a\u0627\u0644\u064a\u0629 \u0645\u0646 \u0627\u0644\u0628\u064a\u0627\u0646\u0627\u062a \u0627\u0644\u0634\u062e\u0635\u064a\u0629.<\/p>\n<p>2.1 \u0627\u0644\u0628\u064a\u0627\u0646\u0627\u062a \u0627\u0644\u062a\u064a \u062a\u0642\u062f\u0645\u0647\u0627 \u0645\u0628\u0627\u0634\u0631\u0629\u064b<br>- \u0627\u0644\u0627\u0633\u0645 \u0648\u0627\u0644\u0644\u0642\u0628<br>- \u0639\u0646\u0648\u0627\u0646 \u0627\u0644\u0628\u0631\u064a\u062f \u0627\u0644\u0625\u0644\u0643\u062a\u0631\u0648\u0646\u064a<br>- \u0631\u0642\u0645 \u0627\u0644\u0647\u0627\u062a\u0641<br>- \u0627\u0644\u0639\u0646\u0648\u0627\u0646\u060c \u0625\u0630\u0627 \u062a\u0645 \u062a\u0648\u0641\u064a\u0631\u0647<br>- \u0623\u064a \u0645\u0639\u0644\u0648\u0645\u0627\u062a \u062a\u062f\u0631\u062c\u0647\u0627 \u0641\u064a \u0646\u0645\u0627\u0630\u062c \u0627\u0644\u0627\u062a\u0635\u0627\u0644 \u0623\u0648 \u0627\u0644\u062a\u0648\u0627\u0635\u0644 \u0639\u0628\u0631 \u0627\u0644\u0628\u0631\u064a\u062f \u0627\u0644\u0625\u0644\u0643\u062a\u0631\u0648\u0646\u064a<\/p>\n<p>2.2 \u0627\u0644\u0628\u064a\u0627\u0646\u0627\u062a \u0627\u0644\u062a\u064a \u064a\u062a\u0645 \u062c\u0645\u0639\u0647\u0627 \u062a\u0644\u0642\u0627\u0626\u064a\u064b\u0627<br>\u0639\u0646\u062f \u0632\u064a\u0627\u0631\u062a\u0643 \u0644\u0644\u0645\u0648\u0642\u0639 \u0627\u0644\u0625\u0644\u0643\u062a\u0631\u0648\u0646\u064a\u060c \u0642\u062f \u064a\u062a\u0645 \u062c\u0645\u0639 \u0628\u0639\u0636 \u0627\u0644\u0628\u064a\u0627\u0646\u0627\u062a \u062a\u0644\u0642\u0627\u0626\u064a\u0627\u064b\u060c \u0628\u0645\u0627 \u0641\u064a \u0630\u0644\u0643:<br>- \u0639\u0646\u0648\u0627\u0646 IP<br>- \u062a\u0627\u0631\u064a\u062e \u0648\u0648\u0642\u062a \u0627\u0644\u0648\u0635\u0648\u0644<br>- \u0646\u0648\u0639 \u0627\u0644\u0645\u0633\u062a\u0639\u0631\u0636 \u0648\u0625\u0635\u062f\u0627\u0631\u0647<br>- \u0646\u0638\u0627\u0645 \u0627\u0644\u062a\u0634\u063a\u064a\u0644<br>- \u0627\u0644\u0645\u0648\u0642\u0639 \u0627\u0644\u0625\u0644\u0643\u062a\u0631\u0648\u0646\u064a \u0627\u0644\u0645\u064f\u062d\u064a\u0644<br>- \u0627\u0644\u0635\u0641\u062d\u0627\u062a \u0627\u0644\u062a\u064a \u062a\u0645\u062a \u0632\u064a\u0627\u0631\u062a\u0647\u0627 \u0639\u0644\u0649 \u0645\u0648\u0642\u0639\u0646\u0627 \u0627\u0644\u0625\u0644\u0643\u062a\u0631\u0648\u0646\u064a<\/p>\n<p>2.3 \u0645\u0644\u0641\u0627\u062a \u062a\u0639\u0631\u064a\u0641 \u0627\u0644\u0627\u0631\u062a\u0628\u0627\u0637 \u0648\u0627\u0644\u062a\u0642\u0646\u064a\u0627\u062a \u0627\u0644\u0645\u0634\u0627\u0628\u0647\u0629<br>\u0646\u0633\u062a\u062e\u062f\u0645 \u0645\u0644\u0641\u0627\u062a \u062a\u0639\u0631\u064a\u0641 \u0627\u0644\u0627\u0631\u062a\u0628\u0627\u0637 \u0648\u0627\u0644\u062a\u0642\u0646\u064a\u0627\u062a \u0627\u0644\u0645\u0634\u0627\u0628\u0647\u0629 \u0644\u0636\u0645\u0627\u0646 \u062d\u0633\u0646 \u0633\u064a\u0631 \u0639\u0645\u0644 \u0627\u0644\u0645\u0648\u0642\u0639 \u0627\u0644\u0625\u0644\u0643\u062a\u0631\u0648\u0646\u064a\u060c \u0648\u0639\u0646\u062f \u0627\u0644\u0627\u0642\u062a\u0636\u0627\u0621\u060c \u0644\u0623\u063a\u0631\u0627\u0636 \u0627\u0644\u062a\u062d\u0644\u064a\u0644\u0627\u062a \u0648\u0627\u0644\u062a\u0633\u0648\u064a\u0642. \u0648\u062a\u0631\u062f \u062a\u0641\u0627\u0635\u064a\u0644 \u062d\u0648\u0644 \u0627\u0633\u062a\u062e\u062f\u0627\u0645 \u0645\u0644\u0641\u0627\u062a \u062a\u0639\u0631\u064a\u0641 \u0627\u0644\u0627\u0631\u062a\u0628\u0627\u0637 \u0641\u064a \u0633\u064a\u0627\u0633\u0629 \u0645\u0644\u0641\u0627\u062a \u062a\u0639\u0631\u064a\u0641 \u0627\u0644\u0627\u0631\u062a\u0628\u0627\u0637 \u0623\u0648 \u0641\u064a \u0625\u0639\u062f\u0627\u062f\u0627\u062a \u0645\u0644\u0641\u0627\u062a \u062a\u0639\u0631\u064a\u0641 \u0627\u0644\u0627\u0631\u062a\u0628\u0627\u0637 \u0627\u0644\u0645\u062a\u0627\u062d\u0629 \u0639\u0644\u0649 \u0627\u0644\u0645\u0648\u0642\u0639 \u0627\u0644\u0625\u0644\u0643\u062a\u0631\u0648\u0646\u064a.<\/p>\n<ol start=\"3\">\n<li>\u0627\u0644\u0623\u063a\u0631\u0627\u0636 \u0648\u0627\u0644\u0623\u0633\u0633 \u0627\u0644\u0642\u0627\u0646\u0648\u0646\u064a\u0629 \u0644\u0644\u0645\u0639\u0627\u0644\u062c\u0629<\/li>\n<\/ol>\n<p>\u0646\u062d\u0646 \u0646\u0639\u0627\u0644\u062c \u0627\u0644\u0628\u064a\u0627\u0646\u0627\u062a \u0627\u0644\u0634\u062e\u0635\u064a\u0629 \u0641\u0642\u0637 \u0639\u0646\u062f\u0645\u0627 \u064a\u0643\u0648\u0646 \u0644\u062f\u064a\u0646\u0627 \u0623\u0633\u0627\u0633 \u0642\u0627\u0646\u0648\u0646\u064a \u0635\u0627\u0644\u062d \u0628\u0645\u0648\u062c\u0628 \u0627\u0644\u0644\u0627\u0626\u062d\u0629 \u0627\u0644\u0639\u0627\u0645\u0629 \u0644\u062d\u0645\u0627\u064a\u0629 \u0627\u0644\u0628\u064a\u0627\u0646\u0627\u062a.<\/p>\n<p>- \u0627\u0644\u0631\u062f \u0639\u0644\u0649 \u0627\u0644\u0627\u0633\u062a\u0641\u0633\u0627\u0631\u0627\u062a \u0648\u0627\u0644\u0627\u062a\u0635\u0627\u0644\u0627\u062a: \u062a\u0646\u0641\u064a\u0630 \u0627\u0644\u0639\u0642\u062f \u0623\u0648 \u0627\u0644\u062e\u0637\u0648\u0627\u062a \u0627\u0644\u0645\u062a\u062e\u0630\u0629 \u0642\u0628\u0644 \u0625\u0628\u0631\u0627\u0645 \u0627\u0644\u0639\u0642\u062f (\u0627\u0644\u0645\u0627\u062f\u0629 6 (1) (\u0628) \u0645\u0646 \u0627\u0644\u0644\u0627\u0626\u062d\u0629 \u0627\u0644\u0639\u0627\u0645\u0629 \u0644\u062d\u0645\u0627\u064a\u0629 \u0627\u0644\u0628\u064a\u0627\u0646\u0627\u062a).<br>- \u062a\u0634\u063a\u064a\u0644 \u0627\u0644\u0645\u0648\u0642\u0639 \u0627\u0644\u0625\u0644\u0643\u062a\u0631\u0648\u0646\u064a\u0651 \u0648\u0635\u064a\u0627\u0646\u062a\u0647 \u0648\u0623\u0645\u0646\u0647: \u0645\u0635\u0644\u062d\u062a\u0646\u0627 \u0627\u0644\u0645\u0634\u0631\u0648\u0639\u0629 (\u0627\u0644\u0645\u0627\u062f\u0629 6 (1) (\u0648) \u0645\u0646 \u0627\u0644\u0644\u0627\u0626\u062d\u0629 \u0627\u0644\u0639\u0627\u0645\u0629 \u0644\u062d\u0645\u0627\u064a\u0629 \u0627\u0644\u0628\u064a\u0627\u0646\u0627\u062a).<br>- \u0627\u0644\u0627\u0645\u062a\u062b\u0627\u0644 \u0644\u0644\u0627\u0644\u062a\u0632\u0627\u0645\u0627\u062a \u0627\u0644\u0642\u0627\u0646\u0648\u0646\u064a\u0629\u060c \u0628\u0645\u0627 \u0641\u064a \u0630\u0644\u0643 \u0627\u0644\u0648\u0627\u062c\u0628\u0627\u062a \u0627\u0644\u0645\u062d\u0627\u0633\u0628\u064a\u0629 \u0648\u0627\u0644\u0636\u0631\u064a\u0628\u064a\u0629: \u0627\u0644\u0627\u0644\u062a\u0632\u0627\u0645 \u0627\u0644\u0642\u0627\u0646\u0648\u0646\u064a (\u0627\u0644\u0645\u0627\u062f\u0629 6 (1) (\u062c) \u0645\u0646 \u0627\u0644\u0644\u0627\u0626\u062d\u0629 \u0627\u0644\u0639\u0627\u0645\u0629 \u0644\u062d\u0645\u0627\u064a\u0629 \u0627\u0644\u0628\u064a\u0627\u0646\u0627\u062a).<br>- \u0627\u0644\u062a\u0648\u0627\u0635\u0644 \u0627\u0644\u062a\u0633\u0648\u064a\u0642\u064a\u060c \u0625\u0646 \u0623\u0645\u0643\u0646: \u0645\u0648\u0627\u0641\u0642\u062a\u0643 (\u0627\u0644\u0645\u0627\u062f\u0629 6 (1) (\u0623) \u0645\u0646 \u0627\u0644\u0644\u0627\u0626\u062d\u0629 \u0627\u0644\u0639\u0627\u0645\u0629 \u0644\u062d\u0645\u0627\u064a\u0629 \u0627\u0644\u0628\u064a\u0627\u0646\u0627\u062a).<br>- \u062a\u062d\u0644\u064a\u0644\u0627\u062a \u0627\u0644\u0645\u0648\u0642\u0639 \u0627\u0644\u0625\u0644\u0643\u062a\u0631\u0648\u0646\u064a: \u0645\u0648\u0627\u0641\u0642\u062a\u0643 \u0623\u0648 \u0645\u0635\u0644\u062d\u062a\u0646\u0627 \u0627\u0644\u0645\u0634\u0631\u0648\u0639\u0629\u060c \u0627\u0639\u062a\u0645\u0627\u062f\u064b\u0627 \u0639\u0644\u0649 \u0627\u0644\u0623\u062f\u0627\u0629 \u0627\u0644\u0645\u062d\u062f\u062f\u0629 \u0627\u0644\u0645\u0633\u062a\u062e\u062f\u0645\u0629.<\/p>\n<ol start=\"4\">\n<li>\u0645\u0633\u062a\u0644\u0645\u0648 \u0627\u0644\u0628\u064a\u0627\u0646\u0627\u062a \u0627\u0644\u0634\u062e\u0635\u064a\u0629<\/li>\n<\/ol>\n<p>\u0644\u0627 \u064a\u062c\u0648\u0632 \u0627\u0644\u0625\u0641\u0635\u0627\u062d \u0639\u0646 \u0628\u064a\u0627\u0646\u0627\u062a\u0643 \u0627\u0644\u0634\u062e\u0635\u064a\u0629 \u0625\u0644\u0627 \u0625\u0644\u0649:<br>- \u0645\u0648\u0638\u0641\u0648\u0646\u0627 \u0627\u0644\u0645\u0639\u062a\u0645\u062f\u0648\u0646<br>- \u0645\u0632\u0648\u062f\u0648 \u0627\u0644\u062e\u062f\u0645\u0627\u062a \u0627\u0644\u062e\u0627\u0631\u062c\u064a\u0648\u0646 \u0627\u0644\u0630\u064a\u0646 \u064a\u0639\u0645\u0644\u0648\u0646 \u0643\u0645\u0639\u0627\u0644\u062c\u064a\u0646 \u0644\u0644\u0628\u064a\u0627\u0646\u0627\u062a\u060c \u0645\u062b\u0644 \u0645\u0632\u0648\u062f\u064a \u062a\u0643\u0646\u0648\u0644\u0648\u062c\u064a\u0627 \u0627\u0644\u0645\u0639\u0644\u0648\u0645\u0627\u062a \u0623\u0648 \u0627\u0644\u0627\u0633\u062a\u0636\u0627\u0641\u0629 \u0623\u0648 \u0627\u0644\u062a\u062d\u0644\u064a\u0644\u0627\u062a<br>- \u0627\u0644\u0633\u0644\u0637\u0627\u062a \u0627\u0644\u0639\u0627\u0645\u0629 \u062d\u064a\u062b\u0645\u0627 \u064a\u0642\u062a\u0636\u064a \u0627\u0644\u0642\u0627\u0646\u0648\u0646 \u0630\u0644\u0643<\/p>\n<p>\u062c\u0645\u064a\u0639 \u0645\u0639\u0627\u0644\u062c\u064a \u0627\u0644\u0628\u064a\u0627\u0646\u0627\u062a \u0645\u064f\u0644\u0632\u064e\u0645\u0648\u0646 \u062a\u0639\u0627\u0642\u062f\u064a\u064b\u0627 \u0628\u062d\u0645\u0627\u064a\u0629 \u0627\u0644\u0628\u064a\u0627\u0646\u0627\u062a \u0627\u0644\u0634\u062e\u0635\u064a\u0629 \u0648\u0645\u0639\u0627\u0644\u062c\u062a\u0647\u0627 \u0641\u0642\u0637 \u0648\u0641\u0642\u064b\u0627 \u0644\u062a\u0639\u0644\u064a\u0645\u0627\u062a\u0646\u0627 \u0648\u0627\u0644\u0644\u0627\u0626\u062d\u0629 \u0627\u0644\u0639\u0627\u0645\u0629 \u0644\u062d\u0645\u0627\u064a\u0629 \u0627\u0644\u0628\u064a\u0627\u0646\u0627\u062a.<\/p>\n<ol start=\"5\">\n<li>\u0646\u0642\u0644 \u0627\u0644\u0628\u064a\u0627\u0646\u0627\u062a \u062e\u0627\u0631\u062c \u0627\u0644\u0627\u062a\u062d\u0627\u062f \u0627\u0644\u0623\u0648\u0631\u0648\u0628\u064a \u0623\u0648 \u0627\u0644\u0645\u0646\u0637\u0642\u0629 \u0627\u0644\u0627\u0642\u062a\u0635\u0627\u062f\u064a\u0629 \u0627\u0644\u0623\u0648\u0631\u0648\u0628\u064a\u0629<\/li>\n<\/ol>\n<p>\u0644\u0627 \u0646\u0646\u0648\u064a \u0646\u0642\u0644 \u0627\u0644\u0628\u064a\u0627\u0646\u0627\u062a \u0627\u0644\u0634\u062e\u0635\u064a\u0629 \u062e\u0627\u0631\u062c \u0627\u0644\u0627\u062a\u062d\u0627\u062f \u0627\u0644\u0623\u0648\u0631\u0648\u0628\u064a \u0623\u0648 \u0627\u0644\u0645\u0646\u0637\u0642\u0629 \u0627\u0644\u0627\u0642\u062a\u0635\u0627\u062f\u064a\u0629 \u0627\u0644\u0623\u0648\u0631\u0648\u0628\u064a\u0629. \u0625\u0630\u0627 \u0623\u0635\u0628\u062d \u0647\u0630\u0627 \u0627\u0644\u0646\u0642\u0644 \u0636\u0631\u0648\u0631\u064a\u064b\u0627\u060c \u0641\u0633\u064a\u062a\u0645 \u062a\u0646\u0641\u064a\u0630\u0647 \u0641\u0642\u0637 \u0628\u0645\u0627 \u064a\u062a\u0648\u0627\u0641\u0642 \u0645\u0639 \u0627\u0644\u0644\u0627\u0626\u062d\u0629 \u0627\u0644\u0639\u0627\u0645\u0629 \u0644\u062d\u0645\u0627\u064a\u0629 \u0627\u0644\u0628\u064a\u0627\u0646\u0627\u062a\u060c \u0628\u0627\u0633\u062a\u062e\u062f\u0627\u0645 \u0627\u0644\u0636\u0645\u0627\u0646\u0627\u062a \u0627\u0644\u0645\u0646\u0627\u0633\u0628\u0629 \u0645\u062b\u0644 \u0627\u0644\u0628\u0646\u0648\u062f \u0627\u0644\u062a\u0639\u0627\u0642\u062f\u064a\u0629 \u0627\u0644\u0642\u064a\u0627\u0633\u064a\u0629.<\/p>\n<ol start=\"6\">\n<li>\u0627\u0644\u0627\u062d\u062a\u0641\u0627\u0638 \u0628\u0627\u0644\u0628\u064a\u0627\u0646\u0627\u062a<\/li>\n<\/ol>\n<p>\u0646\u062d\u062a\u0641\u0638 \u0628\u0627\u0644\u0628\u064a\u0627\u0646\u0627\u062a \u0627\u0644\u0634\u062e\u0635\u064a\u0629 \u0641\u0642\u0637 \u0637\u0627\u0644\u0645\u0627 \u0643\u0627\u0646\u062a \u0636\u0631\u0648\u0631\u064a\u0629 \u0644\u0644\u0623\u063a\u0631\u0627\u0636 \u0627\u0644\u062a\u064a \u062c\u064f\u0645\u0639\u062a \u0645\u0646 \u0623\u062c\u0644\u0647\u0627.<br>- \u064a\u062a\u0645 \u0627\u0644\u0627\u062d\u062a\u0641\u0627\u0638 \u0628\u0628\u064a\u0627\u0646\u0627\u062a \u0627\u0644\u0627\u062a\u0635\u0627\u0644 \u0648\u0627\u0644\u0627\u062a\u0635\u0627\u0644 \u0637\u0648\u0627\u0644 \u0645\u062f\u0629 \u0627\u0644\u0627\u062a\u0635\u0627\u0644 \u0648\u0641\u062a\u0631\u0629 \u0645\u062a\u0627\u0628\u0639\u0629 \u0645\u0639\u0642\u0648\u0644\u0629.<br>- \u064a\u062a\u0645 \u0627\u0644\u0627\u062d\u062a\u0641\u0627\u0638 \u0628\u0627\u0644\u0628\u064a\u0627\u0646\u0627\u062a \u0627\u0644\u062a\u0639\u0627\u0642\u062f\u064a\u0629 \u0648\u0627\u0644\u0642\u0627\u0646\u0648\u0646\u064a\u0629 \u0644\u0644\u0641\u062a\u0631\u0629 \u0627\u0644\u062a\u064a \u064a\u062a\u0637\u0644\u0628\u0647\u0627 \u0627\u0644\u0642\u0627\u0646\u0648\u0646 \u0627\u0644\u0645\u0639\u0645\u0648\u0644 \u0628\u0647.<br>- \u064a\u062a\u0645 \u062a\u062e\u0632\u064a\u0646 \u0628\u064a\u0627\u0646\u0627\u062a \u0627\u0644\u062a\u0633\u0648\u064a\u0642 \u062d\u062a\u0649 \u064a\u062a\u0645 \u0633\u062d\u0628 \u0627\u0644\u0645\u0648\u0627\u0641\u0642\u0629.<\/p>\n<p>\u0628\u0639\u062f \u0627\u0646\u062a\u0647\u0627\u0621 \u0641\u062a\u0631\u0629 \u0627\u0644\u0627\u062d\u062a\u0641\u0627\u0638 \u0630\u0627\u062a \u0627\u0644\u0635\u0644\u0629\u060c \u064a\u062a\u0645 \u062d\u0630\u0641 \u0627\u0644\u0628\u064a\u0627\u0646\u0627\u062a \u0627\u0644\u0634\u062e\u0635\u064a\u0629 \u0628\u0634\u0643\u0644 \u0622\u0645\u0646 \u0623\u0648 \u0625\u062e\u0641\u0627\u0621 \u0647\u0648\u064a\u062a\u0647\u0627.<\/p>\n<ol start=\"7\">\n<li>\u062d\u0642\u0648\u0642\u0643 \u0628\u0645\u0648\u062c\u0628 \u0627\u0644\u0644\u0627\u0626\u062d\u0629 \u0627\u0644\u0639\u0627\u0645\u0629 \u0644\u062d\u0645\u0627\u064a\u0629 \u0627\u0644\u0628\u064a\u0627\u0646\u0627\u062a \u0627\u0644\u0639\u0627\u0645\u0629<\/li>\n<\/ol>\n<p>\u0644\u062f\u064a\u0643 \u0627\u0644\u062d\u0642\u0648\u0642 \u0627\u0644\u062a\u0627\u0644\u064a\u0629 \u0641\u064a\u0645\u0627 \u064a\u062a\u0639\u0644\u0642 \u0628\u0628\u064a\u0627\u0646\u0627\u062a\u0643 \u0627\u0644\u0634\u062e\u0635\u064a\u0629:<br>- \u062d\u0642 \u0627\u0644\u0648\u0635\u0648\u0644<br>- \u0627\u0644\u062d\u0642 \u0641\u064a \u0627\u0644\u062a\u0635\u062d\u064a\u062d<br>- \u0627\u0644\u062d\u0642 \u0641\u064a \u0627\u0644\u0645\u062d\u0648<br>- \u0627\u0644\u062d\u0642 \u0641\u064a \u062a\u0642\u064a\u064a\u062f \u0627\u0644\u0645\u0639\u0627\u0644\u062c\u0629<br>- \u0627\u0644\u062d\u0642 \u0641\u064a \u0625\u0645\u0643\u0627\u0646\u064a\u0629 \u0646\u0642\u0644 \u0627\u0644\u0628\u064a\u0627\u0646\u0627\u062a<br>- \u0627\u0644\u062d\u0642 \u0641\u064a \u0627\u0644\u0627\u0639\u062a\u0631\u0627\u0636 \u0639\u0644\u0649 \u0627\u0644\u0645\u0639\u0627\u0644\u062c\u0629<br>- \u0627\u0644\u062d\u0642 \u0641\u064a \u0633\u062d\u0628 \u0627\u0644\u0645\u0648\u0627\u0641\u0642\u0629 \u0641\u064a \u0623\u064a \u0648\u0642\u062a<\/p>\n<p>\u064a\u0645\u0643\u0646\u0643 \u0645\u0645\u0627\u0631\u0633\u0629 \u0647\u0630\u0647 \u0627\u0644\u062d\u0642\u0648\u0642 \u0645\u0646 \u062e\u0644\u0627\u0644 \u0627\u0644\u0627\u062a\u0635\u0627\u0644 \u0628\u0646\u0627 \u0639\u0644\u0649 <a href=\"mailto:info@deva.cz\" target=\"_blank\" rel=\"noopener\">info@deva.cz<\/a>.<\/p>\n<ol start=\"8\">\n<li>\u0627\u0644\u062d\u0642 \u0641\u064a \u062a\u0642\u062f\u064a\u0645 \u0634\u0643\u0648\u0649<\/li>\n<\/ol>\n<p>\u0625\u0630\u0627 \u0643\u0646\u062a \u062a\u0639\u062a\u0642\u062f \u0623\u0646 \u0628\u064a\u0627\u0646\u0627\u062a\u0643 \u0627\u0644\u0634\u062e\u0635\u064a\u0629 \u0642\u062f \u062a\u0645\u062a \u0645\u0639\u0627\u0644\u062c\u062a\u0647\u0627 \u0628\u0634\u0643\u0644 \u063a\u064a\u0631 \u0642\u0627\u0646\u0648\u0646\u064a\u060c \u064a\u062d\u0642 \u0644\u0643 \u062a\u0642\u062f\u064a\u0645 \u0634\u0643\u0648\u0649 \u0625\u0644\u0649 \u0627\u0644\u0633\u0644\u0637\u0629 \u0627\u0644\u0625\u0634\u0631\u0627\u0641\u064a\u0629:<\/p>\n<p>\u0645\u0643\u062a\u0628 \u062d\u0645\u0627\u064a\u0629 \u0627\u0644\u0628\u064a\u0627\u0646\u0627\u062a \u0627\u0644\u0634\u062e\u0635\u064a\u0629 (\u00da \u00da\u0159ad pro ochranu osobn\u00edch \u00fadaj\u016f)<br>\u0628\u0644\u0643 \u0633\u0648\u0634\u0648\u0631\u0627 27<br>170 00 170 \u0628\u0631\u0627\u063a 7<br>\u0627\u0644\u062c\u0645\u0647\u0648\u0631\u064a\u0629 \u0627\u0644\u062a\u0634\u064a\u0643\u064a\u0629<br>\u0627\u0644\u0645\u0648\u0642\u0639 \u0627\u0644\u0625\u0644\u0643\u062a\u0631\u0648\u0646\u064a: <a href=\"https:\/\/www.uoou.cz\/\" target=\"_blank\" rel=\"noopener\">https:\/\/www.uoou.cz<\/a><\/p>\n<ol start=\"9\">\n<li>\u0623\u0645\u0646 \u0627\u0644\u0628\u064a\u0627\u0646\u0627\u062a<\/li>\n<\/ol>\n<p>\u0646\u062d\u0646 \u0646\u0637\u0628\u0642 \u0627\u0644\u062a\u062f\u0627\u0628\u064a\u0631 \u0627\u0644\u062a\u0642\u0646\u064a\u0629 \u0648\u0627\u0644\u062a\u0646\u0638\u064a\u0645\u064a\u0629 \u0627\u0644\u0645\u0646\u0627\u0633\u0628\u0629 \u0644\u062d\u0645\u0627\u064a\u0629 \u0627\u0644\u0628\u064a\u0627\u0646\u0627\u062a \u0627\u0644\u0634\u062e\u0635\u064a\u0629 \u0645\u0646 \u0627\u0644\u0648\u0635\u0648\u0644 \u063a\u064a\u0631 \u0627\u0644\u0645\u0635\u0631\u062d \u0628\u0647 \u0623\u0648 \u0627\u0644\u0641\u0642\u062f\u0627\u0646 \u0623\u0648 \u0625\u0633\u0627\u0621\u0629 \u0627\u0644\u0627\u0633\u062a\u062e\u062f\u0627\u0645 \u0623\u0648 \u0627\u0644\u062a\u063a\u064a\u064a\u0631.<\/p>\n<ol start=\"10\">\n<li>\u0627\u0644\u062a\u063a\u064a\u064a\u0631\u0627\u062a \u0639\u0644\u0649 \u0633\u064a\u0627\u0633\u0629 \u0627\u0644\u062e\u0635\u0648\u0635\u064a\u0629 \u0647\u0630\u0647<\/li>\n<\/ol>\n<p>\u0642\u062f \u0646\u0642\u0648\u0645 \u0628\u062a\u062d\u062f\u064a\u062b \u0633\u064a\u0627\u0633\u0629 \u0627\u0644\u062e\u0635\u0648\u0635\u064a\u0629 \u0647\u0630\u0647 \u0645\u0646 \u0648\u0642\u062a \u0644\u0622\u062e\u0631. \u0633\u062a\u0643\u0648\u0646 \u0627\u0644\u0646\u0633\u062e\u0629 \u0627\u0644\u062d\u0627\u0644\u064a\u0629 \u0645\u062a\u0627\u062d\u0629 \u062f\u0627\u0626\u0645\u064b\u0627 \u0639\u0644\u0649 \u0627\u0644\u0645\u0648\u0642\u0639 \u0627\u0644\u0625\u0644\u0643\u062a\u0631\u0648\u0646\u064a\u060c \u0628\u0627\u0644\u0625\u0636\u0627\u0641\u0629 \u0625\u0644\u0649 \u062a\u0627\u0631\u064a\u062e \u0622\u062e\u0631 \u062a\u062d\u062f\u064a\u062b.<\/p>\n<ol start=\"11\">\n<li>\u0627\u062a\u0635\u0644 \u0628\u0646\u0627<\/li>\n<\/ol>\n<p>\u0625\u0630\u0627 \u0643\u0627\u0646\u062a \u0644\u062f\u064a\u0643 \u0623\u064a \u0623\u0633\u0626\u0644\u0629 \u0628\u062e\u0635\u0648\u0635 \u0633\u064a\u0627\u0633\u0629 \u0627\u0644\u062e\u0635\u0648\u0635\u064a\u0629 \u0647\u0630\u0647 \u0623\u0648 \u0645\u0639\u0627\u0644\u062c\u0629 \u0628\u064a\u0627\u0646\u0627\u062a\u0643 \u0627\u0644\u0634\u062e\u0635\u064a\u0629\u060c \u064a\u064f\u0631\u062c\u0649 \u0627\u0644\u0627\u062a\u0635\u0627\u0644 \u0628\u0646\u0627:<\/p>\n<p>\u0627\u0644\u0628\u0631\u064a\u062f \u0627\u0644\u0625\u0644\u0643\u062a\u0631\u0648\u0646\u064a <a href=\"mailto:info@deva.cz\" target=\"_blank\" rel=\"noopener\">info@deva.cz<\/a><br>\u0627\u0644\u0639\u0646\u0648\u0627\u0646: Gen. Klap\u00e1lka 519, 549 01 Nov\u00e9 M\u011bsto nad Metuj\u00ed, Czechia<\/p>\t\t\t\t\t\t\t\t<\/div>\n\t\t\t\t\t<\/div>\n\t\t\t\t<\/div>\n\t\t\t\t<\/div>","protected":false},"excerpt":{"rendered":"<p>Privacy Policy This Privacy Policy explains how Deva Nutrition a.s. (\u201cwe\u201d, \u201cus\u201d, \u201cour\u201d) collects, uses, stores, and protects personal data when you visit or use the website https:\/\/www.deva.cz (the \u201cWebsite\u201d). We process personal data in accordance with Regulation (EU) 2016\/679 of the European Parliament and of the Council (the General Data Protection Regulation \u2013 GDPR) [&hellip;]<\/p>\n","protected":false},"author":1,"featured_media":0,"parent":0,"menu_order":0,"comment_status":"closed","ping_status":"open","template":"","meta":{"two_page_speed":[],"footnotes":""},"class_list":["post-3","page","type-page","status-publish","hentry"],"_links":{"self":[{"href":"https:\/\/deva.cz\/ar\/wp-json\/wp\/v2\/pages\/3","targetHints":{"allow":["GET"]}}],"collection":[{"href":"https:\/\/deva.cz\/ar\/wp-json\/wp\/v2\/pages"}],"about":[{"href":"https:\/\/deva.cz\/ar\/wp-json\/wp\/v2\/types\/page"}],"author":[{"embeddable":true,"href":"https:\/\/deva.cz\/ar\/wp-json\/wp\/v2\/users\/1"}],"replies":[{"embeddable":true,"href":"https:\/\/deva.cz\/ar\/wp-json\/wp\/v2\/comments?post=3"}],"version-history":[{"count":0,"href":"https:\/\/deva.cz\/ar\/wp-json\/wp\/v2\/pages\/3\/revisions"}],"wp:attachment":[{"href":"https:\/\/deva.cz\/ar\/wp-json\/wp\/v2\/media?parent=3"}],"curies":[{"name":"\u062f\u0628\u0644\u064a\u0648 \u0628\u064a","href":"https:\/\/api.w.org\/{rel}","templated":true}]}}