{"id":1305,"date":"2026-02-15T20:16:20","date_gmt":"2026-02-15T20:16:20","guid":{"rendered":"https:\/\/deva.cz\/?page_id=1305"},"modified":"2026-02-28T10:28:11","modified_gmt":"2026-02-28T10:28:11","slug":"vilkar-og-betingelser","status":"publish","type":"page","link":"https:\/\/deva.cz\/da\/terms-and-conditions\/","title":{"rendered":"Vilk\u00e5r og betingelser"},"content":{"rendered":"<div data-elementor-type=\"wp-page\" data-elementor-id=\"1305\" class=\"elementor elementor-1305\">\n\t\t\t\t<div class=\"elementor-element elementor-element-6252416a e-con-full e-flex e-con e-parent\" data-id=\"6252416a\" data-element_type=\"container\" data-e-type=\"container\">\n\t\t\t\t<div class=\"elementor-element elementor-element-6382f05e elementor-widget elementor-widget-text-editor\" data-id=\"6382f05e\" data-element_type=\"widget\" data-e-type=\"widget\" data-widget_type=\"text-editor.default\">\n\t\t\t\t\t\t\t\t\t<p>VILK\u00c5R OG BETINGELSER<br \/>Deva Nutrition a.s.<\/p><ol><li><p>Generel information<br \/>1.1 Disse vilk\u00e5r og betingelser regulerer brugen af det websted, der drives af Deva Nutrition a.s., med hjemsted p\u00e5 Gen. Klap\u00e1lka 519, 549 01 Nov\u00e9 M\u011bsto nad Metuj\u00ed, Tjekkiet, virksomheds-ID: 60916788, momsnummer: CZ60916788, registreret i handelsregistret i Tjekkiet (i det f\u00f8lgende ben\u00e6vnt \u201cDeva Nutrition\u201d eller \u201cvirksomheden\u201d).<br \/>1.2 Dette websted er udelukkende beregnet til business-to-business (B2B)-form\u00e5l. Det tilbyder ikke nogen e-handelsfunktionalitet og giver ikke forbrugere mulighed for at afgive ordrer, indg\u00e5 kontrakter eller foretage betalinger online.<br \/>1.3 Ved at f\u00e5 adgang til eller bruge dette websted bekr\u00e6fter du, at du handler i en professionel eller forretningsm\u00e6ssig kapacitet og accepterer at v\u00e6re bundet af disse vilk\u00e5r og betingelser.<\/p><\/li><li><p>Form\u00e5let med hjemmesiden<br \/>2.1 Hjemmesiden indeholder generelle oplysninger om Deva Nutrition, dets produkter, tjenester, m\u00e6rker, certificeringer, produktionsprocesser og forretningsaktiviteter.<br \/>2.2 Alle oplysninger, der offentligg\u00f8res p\u00e5 webstedet, er kun til informations- og salgsfremmende form\u00e5l og udg\u00f8r ikke et bindende tilbud eller en kontraktlig forpligtelse.<br \/>2.3 Ethvert forretningssamarbejde, private label-produktion eller kontraktproduktion er genstand for individuelle forhandlinger og en separat skriftlig aftale.<\/p><\/li><li><p>Intellektuelle ejendomsrettigheder<br \/>3.1 Alt indhold p\u00e5 dette websted, herunder, men ikke begr\u00e6nset til, tekst, billeder, grafik, logoer, videoer, varem\u00e6rker, produktbeskrivelser og layout, tilh\u00f8rer Deva Nutrition eller dets licensgivere og er beskyttet af g\u00e6ldende love om intellektuel ejendomsret i Den Europ\u00e6iske Union og Den Tjekkiske Republik.<br \/>3.2 Ingen del af hjemmesiden m\u00e5 kopieres, reproduceres, \u00e6ndres, distribueres, offentligg\u00f8res eller bruges til kommercielle form\u00e5l uden forudg\u00e5ende skriftligt samtykke fra Deva Nutrition.<br \/>3.3 Det er strengt forbudt at bruge virksomhedens navn, varem\u00e6rker eller logoer uden tilladelse.<\/p><\/li><li><p>N\u00f8jagtighed og tilg\u00e6ngelighed af information<br \/>4.1 Deva Nutrition g\u00f8r en rimelig indsats for at sikre, at oplysningerne p\u00e5 hjemmesiden er n\u00f8jagtige, fuldst\u00e6ndige og opdaterede.<br \/>4.2 Virksomheden garanterer dog ikke, at indholdet er fri for fejl, udeladelser eller un\u00f8jagtigheder, og forbeholder sig ret til at opdatere, \u00e6ndre eller fjerne indhold til enhver tid uden forudg\u00e5ende varsel.<br \/>4.3 Deva Nutrition kan ikke holdes ansvarlig for nogen form for tillid til oplysningerne p\u00e5 hjemmesiden.<\/p><\/li><li><p>Ingen kontraktlig relation<br \/>5.1 Brugen af denne hjemmeside skaber ikke noget kontraktligt, partnerskab, agentur eller andet juridisk forhold mellem brugeren og Deva Nutrition.<br \/>5.2 Eventuelle foresp\u00f8rgsler, anmodninger eller kommunikation, der indsendes via kontaktformularer, e-mail eller andre midler, udg\u00f8r ikke et tilbud eller en accept af et tilbud, medmindre det udtrykkeligt er bekr\u00e6ftet skriftligt af Deva Nutrition.<\/p><\/li><li><p>Begr\u00e6nsning af ansvar<br \/>6.1 I det maksimale omfang, det er tilladt i henhold til g\u00e6ldende lovgivning, er Deva Nutrition ikke ansvarlig for direkte eller indirekte skader, herunder men ikke begr\u00e6nset til tab af fortjeneste, forretningsafbrydelse, tab af data eller skade p\u00e5 omd\u00f8mme, der opst\u00e5r som f\u00f8lge af brugen af eller manglende evne til at bruge dette websted.<br \/>6.2 Deva Nutrition er ikke ansvarlig for eventuelle skader for\u00e5rsaget af virus, malware eller andre skadelige komponenter, der kan p\u00e5virke brugerens udstyr som f\u00f8lge af adgang til hjemmesiden.<br \/>6.3 Intet i disse vilk\u00e5r og betingelser begr\u00e6nser ansvaret for skader, der ikke kan udelukkes i henhold til obligatorisk EU- eller tjekkisk lovgivning.<\/p><\/li><li><p>Links til tredjeparter<br \/>7.1 Webstedet kan indeholde links til tredjepartswebsteder for nemheds skyld eller til informationsform\u00e5l.<br \/>7.2 Deva Nutrition har ingen kontrol over indholdet eller driften af tredjepartswebsteder og p\u00e5tager sig intet ansvar for dem.<br \/>7.3 Adgang til tredjepartswebsteder sker p\u00e5 brugerens egen risiko og er underlagt vilk\u00e5rene og betingelserne for disse websteder.<\/p><\/li><li><p>Databeskyttelse og cookies<br \/>8.1 Behandlingen af personoplysninger er reguleret af privatlivspolitikken, som udg\u00f8r en integreret del af disse vilk\u00e5r og betingelser.<br \/>8.2 Deva Nutrition behandler personoplysninger i overensstemmelse med forordning (EU) 2016\/679 (generel forordning om databeskyttelse) og g\u00e6ldende tjekkisk databeskyttelseslovgivning.<br \/>8.3 Brugen af cookies og lignende teknologier er beskrevet i den cookiepolitik, der er tilg\u00e6ngelig p\u00e5 hjemmesiden.<\/p><\/li><li><p>Fortrolighed af kommunikation<br \/>9.1 Alle ikke-offentlige oplysninger, der videregives til Deva Nutrition via hjemmesiden eller via e-mail, betragtes ikke som fortrolige, medmindre det udtrykkeligt er aftalt skriftligt.<br \/>9.2 Deva Nutrition anbefaler, at brugerne ikke indsender f\u00f8lsomme eller fortrolige oplysninger via hjemmesiden uden forudg\u00e5ende aftale.<\/p><\/li><li><p>G\u00e6ldende lov og jurisdiktion<br \/>10.1 Disse vilk\u00e5r og betingelser er underlagt og fortolkes i overensstemmelse med lovgivningen i Tjekkiet.<br \/>10.2 Alle tvister, der opst\u00e5r som f\u00f8lge af eller i forbindelse med brugen af dette websted, skal v\u00e6re underlagt den eksklusive jurisdiktion for de kompetente domstole i Tjekkiet, medmindre obligatorisk EU-lovgivning bestemmer andet.<\/p><\/li><li><p>Forskellighed<br \/>11.1 Hvis en bestemmelse i disse vilk\u00e5r og betingelser anses for at v\u00e6re ugyldig eller ikke kan h\u00e5ndh\u00e6ves, skal de resterende bestemmelser forblive i fuld kraft og virkning.<\/p><\/li><li><p>\u00c6ndringer<br \/>12.1 Deva Nutrition forbeholder sig ret til at \u00e6ndre eller opdatere disse vilk\u00e5r og betingelser til enhver tid.<br \/>12.2 Den aktuelle version er altid tilg\u00e6ngelig p\u00e5 hjemmesiden og tr\u00e6der i kraft ved offentligg\u00f8relsen.<\/p><\/li><li><p>Kontaktoplysninger<br \/>13.1 Hvis du har sp\u00f8rgsm\u00e5l vedr\u00f8rende disse vilk\u00e5r og betingelser eller hjemmesiden, bedes du kontakte:<br \/>Deva Nutrition a.s.<br \/>Gen. Klap\u00e1lka 519<br \/>549 01 Nov\u00e9 M\u011bsto nad Metuj\u00ed<br \/>Tjekkiet<br \/>E-mail: <a href=\"mailto:info@deva.cz\" target=\"_blank\" rel=\"noopener\">info@deva.cz<\/a><br \/>Telefon: +420 491 439 111<\/p><\/li><\/ol>\t\t\t\t\t\t\t\t<\/div>\n\t\t\t\t<\/div>\n\t\t\t\t<\/div>","protected":false},"excerpt":{"rendered":"<p>TERMS AND CONDITIONSDeva Nutrition a.s. General Information1.1 These Terms and Conditions govern the use of the website operated by Deva Nutrition a.s., with its registered office at Gen. Klap\u00e1lka 519, 549 01 Nov\u00e9 M\u011bsto nad Metuj\u00ed, Czech Republic, Company ID: 60916788, VAT No.: CZ60916788, registered in the Commercial Register of the Czech Republic (hereinafter referred [&hellip;]<\/p>\n","protected":false},"author":1,"featured_media":0,"parent":0,"menu_order":0,"comment_status":"closed","ping_status":"open","template":"","meta":{"two_page_speed":[],"footnotes":""},"class_list":["post-1305","page","type-page","status-publish","hentry"],"_links":{"self":[{"href":"https:\/\/deva.cz\/da\/wp-json\/wp\/v2\/pages\/1305","targetHints":{"allow":["GET"]}}],"collection":[{"href":"https:\/\/deva.cz\/da\/wp-json\/wp\/v2\/pages"}],"about":[{"href":"https:\/\/deva.cz\/da\/wp-json\/wp\/v2\/types\/page"}],"author":[{"embeddable":true,"href":"https:\/\/deva.cz\/da\/wp-json\/wp\/v2\/users\/1"}],"replies":[{"embeddable":true,"href":"https:\/\/deva.cz\/da\/wp-json\/wp\/v2\/comments?post=1305"}],"version-history":[{"count":0,"href":"https:\/\/deva.cz\/da\/wp-json\/wp\/v2\/pages\/1305\/revisions"}],"wp:attachment":[{"href":"https:\/\/deva.cz\/da\/wp-json\/wp\/v2\/media?parent=1305"}],"curies":[{"name":"wp","href":"https:\/\/api.w.org\/{rel}","templated":true}]}}