{"id":3,"date":"2026-02-05T12:06:09","date_gmt":"2026-02-05T12:06:09","guid":{"rendered":"https:\/\/deva.cz\/?page_id=3"},"modified":"2026-02-28T10:19:40","modified_gmt":"2026-02-28T10:19:40","slug":"privatlivspolitik","status":"publish","type":"page","link":"https:\/\/deva.cz\/da\/privacy-policy\/","title":{"rendered":"Privatlivspolitik"},"content":{"rendered":"<div data-elementor-type=\"wp-page\" data-elementor-id=\"3\" class=\"elementor elementor-3\">\n\t\t\t\t<div class=\"elementor-element elementor-element-6252416a e-flex e-con-boxed e-con e-parent\" data-id=\"6252416a\" data-element_type=\"container\" data-e-type=\"container\">\n\t\t\t\t\t<div class=\"e-con-inner\">\n\t\t\t\t<div class=\"elementor-element elementor-element-6382f05e elementor-widget elementor-widget-text-editor\" data-id=\"6382f05e\" data-element_type=\"widget\" data-e-type=\"widget\" data-widget_type=\"text-editor.default\">\n\t\t\t\t\t\t\t\t\t<p><\/p>\n<p>Privatlivspolitik<\/p>\n<p><span style=\"font-size: 18px;\">Denne fortrolighedspolitik forklarer, hvordan Deva Nutrition a.s. (\u201cvi\u201d, \u201cos\u201d, \u201cvores\u201d) indsamler, bruger, opbevarer og beskytter personoplysninger, n\u00e5r du bes\u00f8ger eller bruger hjemmesiden <\/span><a href=\"https:\/\/deva.cz\/da\/\" target=\"_blank\" rel=\"noopener\" style=\"font-family: inherit; font-size: 18px; letter-spacing: normal; text-transform: none; word-spacing: 0px; background-color: rgb(255, 255, 255);\">https:\/\/www.deva.cz<\/a><span style=\"font-size: 18px;\"> (\u201cHjemmesiden\u201d). Vi behandler personoplysninger i overensstemmelse med Europa-Parlamentets og R\u00e5dets forordning (EU) 2016\/679 (den generelle databeskyttelsesforordning - GDPR) og g\u00e6ldende tjekkisk lovgivning.<\/span><\/p>\n<ol>\n<li>Dataansvarlig<\/li>\n<\/ol>\n<p>Virksomhedens navn: Deva Nutrition a.s.<br>Registreret adresse: Gen. Klap\u00e1lka 519, 549 01 Nov\u00e9 M\u011bsto nad Metuj\u00ed, Tjekkiet<br>Momsnummer: CZ60916788<br>E-mail: <a href=\"mailto:info@deva.cz\" target=\"_blank\" rel=\"noopener\">info@deva.cz<\/a><\/p>\n<p>Deva Nutrition a.s. er den dataansvarlige, der er ansvarlig for behandlingen af dine personoplysninger.<\/p>\n<ol start=\"2\">\n<li>Personlige data, vi behandler<\/li>\n<\/ol>\n<p>Afh\u00e6ngigt af hvordan du bruger webstedet, kan vi behandle f\u00f8lgende kategorier af personoplysninger.<\/p>\n<p>2.1 Data, du giver direkte<br>- Navn og efternavn<br>- E-mail-adresse<br>- Telefonnummer<br>- Adresse, hvis oplyst<br>- Alle oplysninger, du angiver i kontaktformularer eller e-mail-kommunikation<\/p>\n<p>2.2 Data indsamlet automatisk<br>N\u00e5r du bes\u00f8ger webstedet, kan visse data indsamles automatisk, herunder:<br>- IP-adresse<br>- Dato og tidspunkt for adgang<br>- Browsertype og -version<br>- Operativsystem<br>- Henvisende websted<br>- Bes\u00f8gte sider p\u00e5 vores hjemmeside<\/p>\n<p>2.3 Cookies og lignende teknologier<br>Vi bruger cookies og lignende teknologier til at sikre, at webstedet fungerer korrekt, og, hvor det er relevant, til analyse- og markedsf\u00f8ringsform\u00e5l. Detaljer om brugen af cookies findes i cookiepolitikken eller i de cookieindstillinger, der er tilg\u00e6ngelige p\u00e5 webstedet.<\/p>\n<ol start=\"3\">\n<li>Form\u00e5l og retsgrundlag for behandling<\/li>\n<\/ol>\n<p>Vi behandler kun personoplysninger, hvor vi har et gyldigt retsgrundlag i henhold til GDPR.<\/p>\n<p>- Besvarelse af foresp\u00f8rgsler og kommunikation: opfyldelse af en kontrakt eller skridt, der tages forud for indg\u00e5else af en kontrakt (artikel 6, stk. 1, litra b), i GDPR).<br>- Drift, vedligeholdelse og sikkerhed af webstedet: vores legitime interesse (artikel 6, stk. 1, litra f), i GDPR).<br>- Overholdelse af retlige forpligtelser, herunder regnskabs- og skattepligter: retlig forpligtelse (artikel 6, stk. 1, litra c), i GDPR).<br>- Markedsf\u00f8ringskommunikation, hvis relevant: dit samtykke (artikel 6, stk. 1, litra a), i GDPR).<br>- Webstedsanalyse: dit samtykke eller vores legitime interesse, afh\u00e6ngigt af det specifikke v\u00e6rkt\u00f8j, der bruges.<\/p>\n<ol start=\"4\">\n<li>Modtagere af personlige data<\/li>\n<\/ol>\n<p>Dine personlige data m\u00e5 kun videregives til:<br>- Vores autoriserede medarbejdere<br>- Eksterne tjenesteudbydere, der fungerer som databehandlere, f.eks. it-, hosting- eller analyseudbydere<br>- Offentlige myndigheder, hvor loven kr\u00e6ver det<\/p>\n<p>Alle databehandlere er kontraktligt forpligtet til at beskytte personoplysninger og til kun at behandle dem i overensstemmelse med vores instruktioner og GDPR.<\/p>\n<ol start=\"5\">\n<li>Overf\u00f8rsel af data uden for EU eller E\u00d8S<\/li>\n<\/ol>\n<p>Vi har ikke til hensigt at overf\u00f8re personoplysninger uden for Den Europ\u00e6iske Union eller Det Europ\u00e6iske \u00d8konomiske Samarbejdsomr\u00e5de. Hvis en s\u00e5dan overf\u00f8rsel bliver n\u00f8dvendig, vil den kun blive udf\u00f8rt i overensstemmelse med GDPR ved hj\u00e6lp af passende sikkerhedsforanstaltninger som f.eks. standardkontraktbestemmelser.<\/p>\n<ol start=\"6\">\n<li>Opbevaring af data<\/li>\n<\/ol>\n<p>Vi opbevarer kun personoplysninger, s\u00e5 l\u00e6nge det er n\u00f8dvendigt til de form\u00e5l, som de blev indsamlet til.<br>- Kommunikations- og kontaktdata opbevares, s\u00e5 l\u00e6nge kommunikationen varer, og i en rimelig opf\u00f8lgningsperiode.<br>- Kontraktlige og juridiske data opbevares i den periode, der kr\u00e6ves i henhold til g\u00e6ldende lovgivning.<br>- Markedsf\u00f8ringsdata gemmes, indtil samtykket tr\u00e6kkes tilbage.<\/p>\n<p>N\u00e5r den relevante opbevaringsperiode er udl\u00f8bet, slettes eller anonymiseres personoplysningerne p\u00e5 en sikker m\u00e5de.<\/p>\n<ol start=\"7\">\n<li>Dine rettigheder under GDPR<\/li>\n<\/ol>\n<p>Du har f\u00f8lgende rettigheder i forhold til dine personlige data:<br>- Retten til adgang<br>- Retten til berigtigelse<br>- Retten til sletning<br>- Retten til begr\u00e6nsning af behandling<br>- Retten til dataportabilitet<br>- Retten til at g\u00f8re indsigelse mod behandling<br>- Retten til at tr\u00e6kke samtykke tilbage til enhver tid<\/p>\n<p>Du kan ud\u00f8ve disse rettigheder ved at kontakte os p\u00e5 <a href=\"mailto:info@deva.cz\" target=\"_blank\" rel=\"noopener\">info@deva.cz<\/a>.<\/p>\n<ol start=\"8\">\n<li>Ret til at indgive en klage<\/li>\n<\/ol>\n<p>Hvis du mener, at dine persondata er blevet behandlet ulovligt, har du ret til at indgive en klage til tilsynsmyndigheden:<\/p>\n<p>Kontoret for beskyttelse af personoplysninger (\u00da\u0159ad pro ochranu osobn\u00edch \u00fadaj\u016f)<br>Pplk. Sochora 27<br>170 00 Prag 7<br>Tjekkiet<br>Hjemmeside: <a href=\"https:\/\/www.uoou.cz\/\" target=\"_blank\" rel=\"noopener\">https:\/\/www.uoou.cz<\/a><\/p>\n<ol start=\"9\">\n<li>Datasikkerhed<\/li>\n<\/ol>\n<p>Vi anvender passende tekniske og organisatoriske foranstaltninger til at beskytte personoplysninger mod uautoriseret adgang, tab, misbrug eller \u00e6ndring.<\/p>\n<ol start=\"10\">\n<li>\u00c6ndringer af denne privatlivspolitik<\/li>\n<\/ol>\n<p>Vi kan opdatere denne privatlivspolitik fra tid til anden. Den aktuelle version vil altid v\u00e6re tilg\u00e6ngelig p\u00e5 webstedet sammen med datoen for den seneste opdatering.<\/p>\n<ol start=\"11\">\n<li>Kontakt<\/li>\n<\/ol>\n<p>Hvis du har sp\u00f8rgsm\u00e5l til denne privatlivspolitik eller behandlingen af dine personoplysninger, bedes du kontakte os:<\/p>\n<p>E-mail: <a href=\"mailto:info@deva.cz\" target=\"_blank\" rel=\"noopener\">info@deva.cz<\/a><br>Adresse: Gen: Gen. Klap\u00e1lka 519, 549 01 Nov\u00e9 M\u011bsto nad Metuj\u00ed, Tjekkiet<\/p>\t\t\t\t\t\t\t\t<\/div>\n\t\t\t\t\t<\/div>\n\t\t\t\t<\/div>\n\t\t\t\t<\/div>","protected":false},"excerpt":{"rendered":"<p>Privacy Policy This Privacy Policy explains how Deva Nutrition a.s. (\u201cwe\u201d, \u201cus\u201d, \u201cour\u201d) collects, uses, stores, and protects personal data when you visit or use the website https:\/\/www.deva.cz (the \u201cWebsite\u201d). We process personal data in accordance with Regulation (EU) 2016\/679 of the European Parliament and of the Council (the General Data Protection Regulation \u2013 GDPR) [&hellip;]<\/p>\n","protected":false},"author":1,"featured_media":0,"parent":0,"menu_order":0,"comment_status":"closed","ping_status":"open","template":"","meta":{"two_page_speed":[],"footnotes":""},"class_list":["post-3","page","type-page","status-publish","hentry"],"_links":{"self":[{"href":"https:\/\/deva.cz\/da\/wp-json\/wp\/v2\/pages\/3","targetHints":{"allow":["GET"]}}],"collection":[{"href":"https:\/\/deva.cz\/da\/wp-json\/wp\/v2\/pages"}],"about":[{"href":"https:\/\/deva.cz\/da\/wp-json\/wp\/v2\/types\/page"}],"author":[{"embeddable":true,"href":"https:\/\/deva.cz\/da\/wp-json\/wp\/v2\/users\/1"}],"replies":[{"embeddable":true,"href":"https:\/\/deva.cz\/da\/wp-json\/wp\/v2\/comments?post=3"}],"version-history":[{"count":0,"href":"https:\/\/deva.cz\/da\/wp-json\/wp\/v2\/pages\/3\/revisions"}],"wp:attachment":[{"href":"https:\/\/deva.cz\/da\/wp-json\/wp\/v2\/media?parent=3"}],"curies":[{"name":"wp","href":"https:\/\/api.w.org\/{rel}","templated":true}]}}