{"id":3,"date":"2026-02-05T12:06:09","date_gmt":"2026-02-05T12:06:09","guid":{"rendered":"https:\/\/deva.cz\/?page_id=3"},"modified":"2026-02-28T10:19:40","modified_gmt":"2026-02-28T10:19:40","slug":"datenschutzbestimmungen","status":"publish","type":"page","link":"https:\/\/deva.cz\/de\/privacy-policy\/","title":{"rendered":"Datenschutzbestimmungen"},"content":{"rendered":"<div data-elementor-type=\"wp-page\" data-elementor-id=\"3\" class=\"elementor elementor-3\">\n\t\t\t\t<div class=\"elementor-element elementor-element-6252416a e-flex e-con-boxed e-con e-parent\" data-id=\"6252416a\" data-element_type=\"container\" data-e-type=\"container\">\n\t\t\t\t\t<div class=\"e-con-inner\">\n\t\t\t\t<div class=\"elementor-element elementor-element-6382f05e elementor-widget elementor-widget-text-editor\" data-id=\"6382f05e\" data-element_type=\"widget\" data-e-type=\"widget\" data-widget_type=\"text-editor.default\">\n\t\t\t\t\t\t\t\t\t<p><\/p>\n<p>Datenschutzbestimmungen<\/p>\n<p><span style=\"font-size: 18px;\">Diese Datenschutzerkl\u00e4rung erl\u00e4utert, wie Deva Nutrition a.s. (\u201cwir\u201d, \u201cuns\u201d, \u201cunser\u201d) personenbezogene Daten erhebt, verwendet, speichert und sch\u00fctzt, wenn Sie die Website besuchen oder nutzen <\/span><a href=\"https:\/\/deva.cz\/de\/\" target=\"_blank\" rel=\"noopener\" style=\"font-family: inherit; font-size: 18px; letter-spacing: normal; text-transform: none; word-spacing: 0px; background-color: rgb(255, 255, 255);\">https:\/\/www.deva.cz<\/a><span style=\"font-size: 18px;\"> (die \u201cWebsite\u201d). Wir verarbeiten personenbezogene Daten in \u00dcbereinstimmung mit der Verordnung (EU) 2016\/679 des Europ\u00e4ischen Parlaments und des Rates (die Allgemeine Datenschutzverordnung - GDPR) und den geltenden tschechischen Rechtsvorschriften.<\/span><\/p>\n<ol>\n<li>Datenkontrolleur<\/li>\n<\/ol>\n<p>Name des Unternehmens: Deva Nutrition a.s.<br>Eingetragene Anschrift: Gen. Klap\u00e1lka 519, 549 01 Nov\u00e9 M\u011bsto nad Metuj\u00ed, Tschechische Republik<br>Umsatzsteuer-Identifikationsnummer: CZ60916788<br>E-Mail: <a href=\"mailto:info@deva.cz\" target=\"_blank\" rel=\"noopener\">info@deva.cz<\/a><\/p>\n<p>Deva Nutrition a.s. ist der Verantwortliche f\u00fcr die Verarbeitung Ihrer pers\u00f6nlichen Daten.<\/p>\n<ol start=\"2\">\n<li>Pers\u00f6nliche Daten, die wir verarbeiten<\/li>\n<\/ol>\n<p>Je nachdem, wie Sie die Website nutzen, k\u00f6nnen wir die folgenden Kategorien von personenbezogenen Daten verarbeiten.<\/p>\n<p>2.1 Von Ihnen direkt bereitgestellte Daten<br>- Vorname und Nachname<br>- E-Mail Adresse<br>- Rufnummer<br>- Adresse, falls angegeben<br>- Alle Informationen, die Sie in Kontaktformulare oder E-Mail-Kommunikation eingeben<\/p>\n<p>2.2 Automatisch erfasste Daten<br>Wenn Sie die Website besuchen, k\u00f6nnen bestimmte Daten automatisch erfasst werden, unter anderem:<br>- IP-Adresse<br>- Datum und Uhrzeit des Zugriffs<br>- Browsertyp und -version<br>- Das Betriebssystem<br>- Verweisende Website<br>- Besuchte Seiten auf unserer Website<\/p>\n<p>2.3 Cookies und \u00e4hnliche Technologien<br>Wir verwenden Cookies und \u00e4hnliche Technologien, um das ordnungsgem\u00e4\u00dfe Funktionieren der Website zu gew\u00e4hrleisten und ggf. f\u00fcr Analyse- und Marketingzwecke. Einzelheiten \u00fcber die Verwendung von Cookies finden Sie in der Cookie-Richtlinie oder in den Cookie-Einstellungen auf der Website.<\/p>\n<ol start=\"3\">\n<li>Zwecke und Rechtsgrundlagen der Verarbeitung<\/li>\n<\/ol>\n<p>Wir verarbeiten personenbezogene Daten nur dann, wenn wir eine g\u00fcltige Rechtsgrundlage gem\u00e4\u00df GDPR haben.<\/p>\n<p>- Beantwortung von Anfragen und Kommunikation: Erf\u00fcllung eines Vertrags oder Schritte vor Vertragsabschluss (Artikel 6 Absatz 1 Buchstabe b DSGVO).<br>- Betrieb, Wartung und Sicherheit der Website: unser berechtigtes Interesse (Artikel 6 Absatz 1 Buchstabe f) GDPR).<br>- Erf\u00fcllung rechtlicher Verpflichtungen, einschlie\u00dflich Buchf\u00fchrungs- und Steuerpflichten: rechtliche Verpflichtung (Artikel 6 Absatz 1 Buchstabe c DSGVO).<br>- Marketingkommunikation, falls zutreffend: Ihre Einwilligung (Artikel 6 Absatz 1 Buchstabe a) DSGVO).<br>- Website-Analysen: Ihre Zustimmung oder unser berechtigtes Interesse, je nach dem verwendeten Tool.<\/p>\n<ol start=\"4\">\n<li>Empf\u00e4nger von personenbezogenen Daten<\/li>\n<\/ol>\n<p>Ihre pers\u00f6nlichen Daten d\u00fcrfen nur weitergegeben werden an:<br>- Unsere autorisierten Mitarbeiter<br>- Externe Dienstleister, die als Datenverarbeiter fungieren, wie IT-, Hosting- oder Analyseanbieter<br>- \u00d6ffentliche Beh\u00f6rden, sofern gesetzlich vorgeschrieben<\/p>\n<p>Alle Datenverarbeiter sind vertraglich verpflichtet, personenbezogene Daten zu sch\u00fctzen und sie nur in \u00dcbereinstimmung mit unseren Anweisungen und der DSGVO zu verarbeiten.<\/p>\n<ol start=\"5\">\n<li>\u00dcbertragung von Daten au\u00dferhalb der EU oder des EWR<\/li>\n<\/ol>\n<p>Wir beabsichtigen nicht, personenbezogene Daten au\u00dferhalb der Europ\u00e4ischen Union oder des Europ\u00e4ischen Wirtschaftsraums zu \u00fcbermitteln. Sollte eine solche \u00dcbermittlung notwendig werden, wird sie nur in \u00dcbereinstimmung mit der DSGVO und unter Verwendung geeigneter Schutzma\u00dfnahmen wie Standardvertragsklauseln durchgef\u00fchrt.<\/p>\n<ol start=\"6\">\n<li>Aufbewahrung von Daten<\/li>\n<\/ol>\n<p>Wir bewahren personenbezogene Daten nur so lange auf, wie es f\u00fcr die Zwecke, f\u00fcr die sie erhoben wurden, erforderlich ist.<br>- Kommunikations- und Kontaktdaten werden f\u00fcr die Dauer der Kommunikation und einen angemessenen Nachbereitungszeitraum gespeichert.<br>- Vertragliche und rechtliche Daten werden f\u00fcr den Zeitraum aufbewahrt, der nach geltendem Recht erforderlich ist.<br>- Marketingdaten werden so lange gespeichert, bis die Einwilligung widerrufen wird.<\/p>\n<p>Nach Ablauf der jeweiligen Aufbewahrungsfrist werden die personenbezogenen Daten sicher gel\u00f6scht oder anonymisiert.<\/p>\n<ol start=\"7\">\n<li>Ihre Rechte unter GDPR<\/li>\n<\/ol>\n<p>Sie haben die folgenden Rechte in Bezug auf Ihre personenbezogenen Daten:<br>- Das Recht auf Zugang<br>- Das Recht auf Berichtigung<br>- Das Recht auf L\u00f6schung<br>- Das Recht auf Einschr\u00e4nkung der Verarbeitung<br>- Das Recht auf Daten\u00fcbertragbarkeit<br>- Das Recht auf Widerspruch gegen die Verarbeitung<br>- Das Recht, die Zustimmung jederzeit zu widerrufen<\/p>\n<p>Sie k\u00f6nnen diese Rechte aus\u00fcben, indem Sie sich mit uns in Verbindung setzen <a href=\"mailto:info@deva.cz\" target=\"_blank\" rel=\"noopener\">info@deva.cz<\/a>.<\/p>\n<ol start=\"8\">\n<li>Recht auf Einreichung einer Beschwerde<\/li>\n<\/ol>\n<p>Wenn Sie der Meinung sind, dass Ihre personenbezogenen Daten unrechtm\u00e4\u00dfig verarbeitet wurden, haben Sie das Recht, eine Beschwerde bei der Aufsichtsbeh\u00f6rde einzureichen:<\/p>\n<p>Amt f\u00fcr den Schutz personenbezogener Daten (\u00da\u0159ad pro ochranu osobn\u00edch \u00fadaj\u016f)<br>Pplk. Sotschora 27<br>170 00 Prag 7<br>Tschechische Republik<br>Website: <a href=\"https:\/\/www.uoou.cz\/\" target=\"_blank\" rel=\"noopener\">https:\/\/www.uoou.cz<\/a><\/p>\n<ol start=\"9\">\n<li>Datensicherheit<\/li>\n<\/ol>\n<p>Wir wenden geeignete technische und organisatorische Ma\u00dfnahmen an, um personenbezogene Daten vor unbefugtem Zugriff, Verlust, Missbrauch oder Ver\u00e4nderung zu sch\u00fctzen.<\/p>\n<ol start=\"10\">\n<li>\u00c4nderungen an dieser Datenschutzrichtlinie<\/li>\n<\/ol>\n<p>Wir k\u00f6nnen diese Datenschutzrichtlinie von Zeit zu Zeit aktualisieren. Die aktuelle Version wird immer auf der Website verf\u00fcgbar sein, zusammen mit dem Datum der letzten Aktualisierung.<\/p>\n<ol start=\"11\">\n<li>Kontakt<\/li>\n<\/ol>\n<p>Wenn Sie Fragen zu dieser Datenschutzrichtlinie oder zur Verarbeitung Ihrer personenbezogenen Daten haben, wenden Sie sich bitte an uns:<\/p>\n<p>E-Mail: <a href=\"mailto:info@deva.cz\" target=\"_blank\" rel=\"noopener\">info@deva.cz<\/a><br>Anschrift: Gen. Klap\u00e1lka 519, 549 01 Nov\u00e9 M\u011bsto nad Metuj\u00ed, Tschechische Republik<\/p>\t\t\t\t\t\t\t\t<\/div>\n\t\t\t\t\t<\/div>\n\t\t\t\t<\/div>\n\t\t\t\t<\/div>","protected":false},"excerpt":{"rendered":"<p>Privacy Policy This Privacy Policy explains how Deva Nutrition a.s. (\u201cwe\u201d, \u201cus\u201d, \u201cour\u201d) collects, uses, stores, and protects personal data when you visit or use the website https:\/\/www.deva.cz (the \u201cWebsite\u201d). We process personal data in accordance with Regulation (EU) 2016\/679 of the European Parliament and of the Council (the General Data Protection Regulation \u2013 GDPR) [&hellip;]<\/p>\n","protected":false},"author":1,"featured_media":0,"parent":0,"menu_order":0,"comment_status":"closed","ping_status":"open","template":"","meta":{"two_page_speed":[],"footnotes":""},"class_list":["post-3","page","type-page","status-publish","hentry"],"_links":{"self":[{"href":"https:\/\/deva.cz\/de\/wp-json\/wp\/v2\/pages\/3","targetHints":{"allow":["GET"]}}],"collection":[{"href":"https:\/\/deva.cz\/de\/wp-json\/wp\/v2\/pages"}],"about":[{"href":"https:\/\/deva.cz\/de\/wp-json\/wp\/v2\/types\/page"}],"author":[{"embeddable":true,"href":"https:\/\/deva.cz\/de\/wp-json\/wp\/v2\/users\/1"}],"replies":[{"embeddable":true,"href":"https:\/\/deva.cz\/de\/wp-json\/wp\/v2\/comments?post=3"}],"version-history":[{"count":0,"href":"https:\/\/deva.cz\/de\/wp-json\/wp\/v2\/pages\/3\/revisions"}],"wp:attachment":[{"href":"https:\/\/deva.cz\/de\/wp-json\/wp\/v2\/media?parent=3"}],"curies":[{"name":"wp","href":"https:\/\/api.w.org\/{rel}","templated":true}]}}