{"id":3,"date":"2026-02-05T12:06:09","date_gmt":"2026-02-05T12:06:09","guid":{"rendered":"https:\/\/deva.cz\/?page_id=3"},"modified":"2026-02-28T10:19:40","modified_gmt":"2026-02-28T10:19:40","slug":"politica-de-privacidad","status":"publish","type":"page","link":"https:\/\/deva.cz\/es\/privacy-policy\/","title":{"rendered":"Pol\u00edtica de privacidad"},"content":{"rendered":"<div data-elementor-type=\"wp-page\" data-elementor-id=\"3\" class=\"elementor elementor-3\">\n\t\t\t\t<div class=\"elementor-element elementor-element-6252416a e-flex e-con-boxed e-con e-parent\" data-id=\"6252416a\" data-element_type=\"container\" data-e-type=\"container\">\n\t\t\t\t\t<div class=\"e-con-inner\">\n\t\t\t\t<div class=\"elementor-element elementor-element-6382f05e elementor-widget elementor-widget-text-editor\" data-id=\"6382f05e\" data-element_type=\"widget\" data-e-type=\"widget\" data-widget_type=\"text-editor.default\">\n\t\t\t\t\t\t\t\t\t<p><\/p>\n<p>Pol\u00edtica de privacidad<\/p>\n<p><span style=\"font-size: 18px;\">La presente Pol\u00edtica de Privacidad explica c\u00f3mo Deva Nutrition a.s. (\u201cnosotros\u201d, \u201cnos\u201d, \u201cnuestro\u201d) recoge, utiliza, almacena y protege los datos personales cuando usted visita o utiliza el sitio web <\/span><a href=\"https:\/\/deva.cz\/es\/\" target=\"_blank\" rel=\"noopener\" style=\"font-family: inherit; font-size: 18px; letter-spacing: normal; text-transform: none; word-spacing: 0px; background-color: rgb(255, 255, 255);\">https:\/\/www.deva.cz<\/a><span style=\"font-size: 18px;\"> (el \u201cSitio web\u201d). Tratamos los datos personales de conformidad con el Reglamento (UE) 2016\/679 del Parlamento Europeo y del Consejo (el Reglamento General de Protecci\u00f3n de Datos - RGPD) y la legislaci\u00f3n checa aplicable.<\/span><\/p>\n<ol>\n<li>Controlador de datos<\/li>\n<\/ol>\n<p>Nombre de la empresa: Deva Nutrition a.s.<br>Domicilio social: Gen. Klap\u00e1lka 519, 549 01 Nov\u00e9 M\u011bsto nad Metuj\u00ed, Chequia<br>N\u00famero de IVA: CZ60916788<br>Correo electr\u00f3nico: <a href=\"mailto:info@deva.cz\" target=\"_blank\" rel=\"noopener\">info@deva.cz<\/a><\/p>\n<p>Deva Nutrition a.s. es el responsable del tratamiento de sus datos personales.<\/p>\n<ol start=\"2\">\n<li>Datos personales que tratamos<\/li>\n<\/ol>\n<p>Dependiendo de c\u00f3mo utilice el sitio web, podemos tratar las siguientes categor\u00edas de datos personales.<\/p>\n<p>2.1 Datos facilitados directamente por el usuario<br>- Nombre y apellidos<br>- Correo electr\u00f3nico<br>- N\u00famero de tel\u00e9fono<br>- Direcci\u00f3n, si se facilita<br>- Cualquier informaci\u00f3n que incluya en formularios de contacto o comunicaciones por correo electr\u00f3nico<\/p>\n<p>2.2 Datos recogidos autom\u00e1ticamente<br>Cuando visita el sitio web, es posible que se recopilen autom\u00e1ticamente determinados datos, entre los que se incluyen:<br>- Direcci\u00f3n IP<br>- Fecha y hora de acceso<br>- Tipo y versi\u00f3n de navegador<br>- Sistema operativo<br>- Sitio web de referencia<br>- P\u00e1ginas visitadas en nuestro sitio web<\/p>\n<p>2.3 Cookies y tecnolog\u00edas similares<br>Utilizamos cookies y tecnolog\u00edas similares para garantizar el correcto funcionamiento del Sitio Web y, en su caso, con fines anal\u00edticos y de marketing. Encontrar\u00e1 informaci\u00f3n detallada sobre el uso de cookies en la Pol\u00edtica de cookies o en la configuraci\u00f3n de cookies disponible en el Sitio web.<\/p>\n<ol start=\"3\">\n<li>Fines y bases jur\u00eddicas del tratamiento<\/li>\n<\/ol>\n<p>Solo procesamos datos personales cuando tenemos una base jur\u00eddica v\u00e1lida en virtud del GDPR.<\/p>\n<p>- Respuesta a consultas y comunicaci\u00f3n: ejecuci\u00f3n de un contrato o pasos previos a la celebraci\u00f3n de un contrato (art\u00edculo 6, apartado 1, letra b) del RGPD).<br>- Funcionamiento, mantenimiento y seguridad del sitio web: nuestro inter\u00e9s leg\u00edtimo (art\u00edculo 6, apartado 1, letra f) del RGPD).<br>- Cumplimiento de obligaciones legales, incluidas las contables y fiscales: obligaci\u00f3n legal (art\u00edculo 6, apartado 1, letra c) del RGPD).<br>- Comunicaci\u00f3n de marketing, si procede: su consentimiento (art\u00edculo 6, apartado 1, letra a) del RGPD).<br>- An\u00e1lisis de sitios web: su consentimiento o nuestro inter\u00e9s leg\u00edtimo, en funci\u00f3n de la herramienta espec\u00edfica utilizada.<\/p>\n<ol start=\"4\">\n<li>Destinatarios de los datos personales<\/li>\n<\/ol>\n<p>Sus datos personales s\u00f3lo podr\u00e1n comunicarse a:<br>- Nuestros empleados autorizados<br>- Proveedores de servicios externos que act\u00faan como procesadores de datos, como proveedores de TI, alojamiento o an\u00e1lisis.<br>- Autoridades p\u00fablicas cuando as\u00ed lo exija la ley<\/p>\n<p>Todos los procesadores de datos est\u00e1n obligados contractualmente a proteger los datos personales y a procesarlos \u00fanicamente de acuerdo con nuestras instrucciones y el GDPR.<\/p>\n<ol start=\"5\">\n<li>Transferencia de datos fuera de la UE o del EEE<\/li>\n<\/ol>\n<p>No tenemos intenci\u00f3n de transferir datos personales fuera de la Uni\u00f3n Europea o del Espacio Econ\u00f3mico Europeo. Si dicha transferencia fuera necesaria, se llevar\u00e1 a cabo \u00fanicamente de conformidad con el RGPD, utilizando las salvaguardias adecuadas, como las Cl\u00e1usulas Contractuales Tipo.<\/p>\n<ol start=\"6\">\n<li>Conservaci\u00f3n de datos<\/li>\n<\/ol>\n<p>Conservamos los datos personales s\u00f3lo durante el tiempo necesario para los fines para los que fueron recogidos.<br>- Los datos de comunicaci\u00f3n y contacto se conservan mientras dura la comunicaci\u00f3n y durante un periodo de seguimiento razonable.<br>- Los datos contractuales y legales se conservan durante el periodo exigido por la legislaci\u00f3n aplicable.<br>- Los datos de marketing se almacenan hasta que se retira el consentimiento.<\/p>\n<p>Una vez transcurrido el periodo de conservaci\u00f3n correspondiente, los datos personales se eliminan de forma segura o se convierten en an\u00f3nimos.<\/p>\n<ol start=\"7\">\n<li>Sus derechos en virtud del GDPR<\/li>\n<\/ol>\n<p>Usted tiene los siguientes derechos en relaci\u00f3n con sus datos personales:<br>- Derecho de acceso<br>- Derecho de rectificaci\u00f3n<br>- Derecho de supresi\u00f3n<br>- Derecho a la limitaci\u00f3n del tratamiento<br>- Derecho a la portabilidad de los datos<br>- Derecho a oponerse al tratamiento<br>- Derecho a retirar el consentimiento en cualquier momento<\/p>\n<p>Puede ejercer estos derechos poni\u00e9ndose en contacto con nosotros en <a href=\"mailto:info@deva.cz\" target=\"_blank\" rel=\"noopener\">info@deva.cz<\/a>.<\/p>\n<ol start=\"8\">\n<li>Derecho a presentar una denuncia<\/li>\n<\/ol>\n<p>Si cree que sus datos personales han sido tratados ilegalmente, tiene derecho a presentar una reclamaci\u00f3n ante la autoridad de control:<\/p>\n<p>Oficina de Protecci\u00f3n de Datos Personales (\u00da\u0159ad pro ochranu osobn\u00edch \u00fadaj\u016f)<br>Pplk. Sochora 27<br>170 00 Praga 7<br>Rep\u00fablica Checa<br>P\u00e1gina web: <a href=\"https:\/\/www.uoou.cz\/\" target=\"_blank\" rel=\"noopener\">https:\/\/www.uoou.cz<\/a><\/p>\n<ol start=\"9\">\n<li>Seguridad de los datos<\/li>\n<\/ol>\n<p>Aplicamos medidas t\u00e9cnicas y organizativas adecuadas para proteger los datos personales contra el acceso no autorizado, la p\u00e9rdida, el uso indebido o la alteraci\u00f3n.<\/p>\n<ol start=\"10\">\n<li>Cambios en esta pol\u00edtica de privacidad<\/li>\n<\/ol>\n<p>Podemos actualizar esta Pol\u00edtica de Privacidad de vez en cuando. La versi\u00f3n actual estar\u00e1 siempre disponible en el sitio web, junto con la fecha de la \u00faltima actualizaci\u00f3n.<\/p>\n<ol start=\"11\">\n<li>P\u00f3ngase en contacto con<\/li>\n<\/ol>\n<p>Si tiene alguna pregunta sobre esta Pol\u00edtica de privacidad o sobre el tratamiento de sus datos personales, p\u00f3ngase en contacto con nosotros:<\/p>\n<p>Correo electr\u00f3nico: <a href=\"mailto:info@deva.cz\" target=\"_blank\" rel=\"noopener\">info@deva.cz<\/a><br>Direcci\u00f3n: Gen. Klap\u00e1lka 519, 549 01 Nov\u00e9 M\u011bsto nad Metuj\u00ed, Chequia<\/p>\t\t\t\t\t\t\t\t<\/div>\n\t\t\t\t\t<\/div>\n\t\t\t\t<\/div>\n\t\t\t\t<\/div>","protected":false},"excerpt":{"rendered":"<p>Privacy Policy This Privacy Policy explains how Deva Nutrition a.s. (\u201cwe\u201d, \u201cus\u201d, \u201cour\u201d) collects, uses, stores, and protects personal data when you visit or use the website https:\/\/www.deva.cz (the \u201cWebsite\u201d). We process personal data in accordance with Regulation (EU) 2016\/679 of the European Parliament and of the Council (the General Data Protection Regulation \u2013 GDPR) [&hellip;]<\/p>\n","protected":false},"author":1,"featured_media":0,"parent":0,"menu_order":0,"comment_status":"closed","ping_status":"open","template":"","meta":{"two_page_speed":[],"footnotes":""},"class_list":["post-3","page","type-page","status-publish","hentry"],"_links":{"self":[{"href":"https:\/\/deva.cz\/es\/wp-json\/wp\/v2\/pages\/3","targetHints":{"allow":["GET"]}}],"collection":[{"href":"https:\/\/deva.cz\/es\/wp-json\/wp\/v2\/pages"}],"about":[{"href":"https:\/\/deva.cz\/es\/wp-json\/wp\/v2\/types\/page"}],"author":[{"embeddable":true,"href":"https:\/\/deva.cz\/es\/wp-json\/wp\/v2\/users\/1"}],"replies":[{"embeddable":true,"href":"https:\/\/deva.cz\/es\/wp-json\/wp\/v2\/comments?post=3"}],"version-history":[{"count":0,"href":"https:\/\/deva.cz\/es\/wp-json\/wp\/v2\/pages\/3\/revisions"}],"wp:attachment":[{"href":"https:\/\/deva.cz\/es\/wp-json\/wp\/v2\/media?parent=3"}],"curies":[{"name":"wp","href":"https:\/\/api.w.org\/{rel}","templated":true}]}}