{"id":3,"date":"2026-02-05T12:06:09","date_gmt":"2026-02-05T12:06:09","guid":{"rendered":"https:\/\/deva.cz\/?page_id=3"},"modified":"2026-02-28T10:19:40","modified_gmt":"2026-02-28T10:19:40","slug":"informativa-sulla-privacy","status":"publish","type":"page","link":"https:\/\/deva.cz\/it\/privacy-policy\/","title":{"rendered":"Informativa sulla privacy"},"content":{"rendered":"<div data-elementor-type=\"wp-page\" data-elementor-id=\"3\" class=\"elementor elementor-3\">\n\t\t\t\t<div class=\"elementor-element elementor-element-6252416a e-flex e-con-boxed e-con e-parent\" data-id=\"6252416a\" data-element_type=\"container\" data-e-type=\"container\">\n\t\t\t\t\t<div class=\"e-con-inner\">\n\t\t\t\t<div class=\"elementor-element elementor-element-6382f05e elementor-widget elementor-widget-text-editor\" data-id=\"6382f05e\" data-element_type=\"widget\" data-e-type=\"widget\" data-widget_type=\"text-editor.default\">\n\t\t\t\t\t\t\t\t\t<p><\/p>\n<p>Informativa sulla privacy<\/p>\n<p><span style=\"font-size: 18px;\">La presente Informativa sulla privacy spiega come Deva Nutrition a.s. (\u201cnoi\u201d, \u201cci\u201d, \u201cnostro\u201d) raccoglie, utilizza, archivia e protegge i dati personali quando visitate o utilizzate il sito web <\/span><a href=\"https:\/\/deva.cz\/it\/\" target=\"_blank\" rel=\"noopener\" style=\"font-family: inherit; font-size: 18px; letter-spacing: normal; text-transform: none; word-spacing: 0px; background-color: rgb(255, 255, 255);\">https:\/\/www.deva.cz<\/a><span style=\"font-size: 18px;\"> (il \u201cSito web\u201d). Trattiamo i dati personali in conformit\u00e0 al Regolamento (UE) 2016\/679 del Parlamento europeo e del Consiglio (il Regolamento generale sulla protezione dei dati - GDPR) e alla legislazione ceca applicabile.<\/span><\/p>\n<ol>\n<li>Titolare del trattamento dei dati<\/li>\n<\/ol>\n<p>Nome della societ\u00e0: Deva Nutrition a.s.<br>Indirizzo registrato: Gen. Klap\u00e1lka 519, 549 01 Nov\u00e9 M\u011bsto nad Metuj\u00ed, Czechia<br>Numero di partita IVA: CZ60916788<br>E-mail: <a href=\"mailto:info@deva.cz\" target=\"_blank\" rel=\"noopener\">info@deva.cz<\/a><\/p>\n<p>Deva Nutrition a.s. \u00e8 il titolare del trattamento dei vostri dati personali.<\/p>\n<ol start=\"2\">\n<li>Dati personali trattati<\/li>\n<\/ol>\n<p>A seconda delle modalit\u00e0 di utilizzo del sito web, possiamo trattare le seguenti categorie di dati personali.<\/p>\n<p>2.1 Dati forniti direttamente dall'utente<br>- Nome e cognome<br>- Indirizzo e-mail<br>- Numero di telefono<br>- Indirizzo, se fornito<br>- Qualsiasi informazione inserita nei moduli di contatto o nelle comunicazioni via e-mail<\/p>\n<p>2.2 Dati raccolti automaticamente<br>Quando visitate il Sito, alcuni dati possono essere raccolti automaticamente, tra cui:<br>- Indirizzo IP<br>- Data e ora dell'accesso<br>- Tipo e versione del browser<br>- Sistema operativo<br>- Sito web di riferimento<br>- Pagine visitate sul nostro sito web<\/p>\n<p>2.3 Cookie e tecnologie simili<br>Utilizziamo i cookie e tecnologie simili per garantire il corretto funzionamento del Sito web e, ove applicabile, per scopi analitici e di marketing. I dettagli sull'uso dei cookie sono forniti nella Politica sui cookie o nelle impostazioni dei cookie disponibili sul Sito web.<\/p>\n<ol start=\"3\">\n<li>Finalit\u00e0 e basi giuridiche del trattamento<\/li>\n<\/ol>\n<p>Trattiamo i dati personali solo se abbiamo una base legale valida ai sensi del GDPR.<\/p>\n<p>- Rispondere a richieste di informazioni e comunicazioni: esecuzione di un contratto o passi compiuti prima della stipula di un contratto (articolo 6, paragrafo 1, lettera b), del GDPR).<br>- Funzionamento, manutenzione e sicurezza del sito web: nostro legittimo interesse (articolo 6, paragrafo 1, lettera f), del GDPR).<br>- Adempimento di obblighi legali, compresi quelli contabili e fiscali: obbligo legale (articolo 6, paragrafo 1, lettera c), del GDPR).<br>- Comunicazione di marketing, se applicabile: il vostro consenso (articolo 6, paragrafo 1, lettera a), del GDPR).<br>- Analisi del sito web: il vostro consenso o il nostro legittimo interesse, a seconda dello strumento specifico utilizzato.<\/p>\n<ol start=\"4\">\n<li>Destinatari dei dati personali<\/li>\n<\/ol>\n<p>I vostri dati personali potranno essere comunicati solo a:<br>- I nostri dipendenti autorizzati<br>- Fornitori di servizi esterni che agiscono come responsabili del trattamento dei dati, come fornitori di servizi informatici, di hosting o di analisi.<br>- Autorit\u00e0 pubbliche, ove richiesto dalla legge<\/p>\n<p>Tutti i responsabili del trattamento dei dati sono tenuti per contratto a proteggere i dati personali e a trattarli solo in conformit\u00e0 alle nostre istruzioni e al GDPR.<\/p>\n<ol start=\"5\">\n<li>Trasferimento di dati al di fuori dell'UE o del SEE<\/li>\n<\/ol>\n<p>Non intendiamo trasferire i dati personali al di fuori dell'Unione Europea o dello Spazio Economico Europeo. Se tale trasferimento si rendesse necessario, sar\u00e0 effettuato solo in conformit\u00e0 al GDPR, utilizzando garanzie adeguate come le Clausole contrattuali standard.<\/p>\n<ol start=\"6\">\n<li>Conservazione dei dati<\/li>\n<\/ol>\n<p>Conserviamo i dati personali solo per il tempo necessario agli scopi per cui sono stati raccolti.<br>- I dati di comunicazione e contatto vengono conservati per la durata della comunicazione e per un ragionevole periodo di follow-up.<br>- I dati contrattuali e legali vengono conservati per il periodo richiesto dalla legge applicabile.<br>- I dati di marketing vengono conservati fino alla revoca del consenso.<\/p>\n<p>Allo scadere del relativo periodo di conservazione, i dati personali vengono cancellati in modo sicuro o resi anonimi.<\/p>\n<ol start=\"7\">\n<li>I vostri diritti ai sensi del GDPR<\/li>\n<\/ol>\n<p>L'utente ha i seguenti diritti in relazione ai propri dati personali:<br>- Il diritto di accesso<br>- Il diritto di rettifica<br>- Il diritto alla cancellazione<br>- Diritto alla limitazione del trattamento<br>- Il diritto alla portabilit\u00e0 dei dati<br>- Il diritto di opporsi al trattamento<br>- Il diritto di ritirare il consenso in qualsiasi momento<\/p>\n<p>L'utente pu\u00f2 esercitare tali diritti contattandoci all'indirizzo <a href=\"mailto:info@deva.cz\" target=\"_blank\" rel=\"noopener\">info@deva.cz<\/a>.<\/p>\n<ol start=\"8\">\n<li>Diritto di presentare un reclamo<\/li>\n<\/ol>\n<p>Se ritenete che i vostri dati personali siano stati trattati illegalmente, avete il diritto di presentare un reclamo all'autorit\u00e0 di controllo:<\/p>\n<p>Ufficio per la protezione dei dati personali (\u00da\u0159ad pro ochranu osobn\u00edch \u00fadaj\u016f)<br>Pplk. Sochora 27<br>170 00 Praga 7<br>Repubblica Ceca<br>Sito web: <a href=\"https:\/\/www.uoou.cz\/\" target=\"_blank\" rel=\"noopener\">https:\/\/www.uoou.cz<\/a><\/p>\n<ol start=\"9\">\n<li>Sicurezza dei dati<\/li>\n<\/ol>\n<p>Applichiamo misure tecniche e organizzative adeguate per proteggere i dati personali da accessi non autorizzati, perdita, uso improprio o alterazione.<\/p>\n<ol start=\"10\">\n<li>Modifiche alla presente Informativa sulla privacy<\/li>\n<\/ol>\n<p>La presente Informativa sulla privacy pu\u00f2 essere aggiornata di tanto in tanto. La versione attuale sar\u00e0 sempre disponibile sul Sito Web, insieme alla data dell'ultimo aggiornamento.<\/p>\n<ol start=\"11\">\n<li>Contatto<\/li>\n<\/ol>\n<p>Per qualsiasi domanda relativa alla presente Informativa sulla privacy o al trattamento dei vostri dati personali, vi preghiamo di contattarci:<\/p>\n<p>E-mail: <a href=\"mailto:info@deva.cz\" target=\"_blank\" rel=\"noopener\">info@deva.cz<\/a><br>Indirizzo: Gen. Klap\u00e1lka 519, 549 01 Nov\u00e9 M\u011bsto nad Metuj\u00ed, Repubblica Ceca<\/p>\t\t\t\t\t\t\t\t<\/div>\n\t\t\t\t\t<\/div>\n\t\t\t\t<\/div>\n\t\t\t\t<\/div>","protected":false},"excerpt":{"rendered":"<p>Privacy Policy This Privacy Policy explains how Deva Nutrition a.s. (\u201cwe\u201d, \u201cus\u201d, \u201cour\u201d) collects, uses, stores, and protects personal data when you visit or use the website https:\/\/www.deva.cz (the \u201cWebsite\u201d). We process personal data in accordance with Regulation (EU) 2016\/679 of the European Parliament and of the Council (the General Data Protection Regulation \u2013 GDPR) [&hellip;]<\/p>\n","protected":false},"author":1,"featured_media":0,"parent":0,"menu_order":0,"comment_status":"closed","ping_status":"open","template":"","meta":{"two_page_speed":[],"footnotes":""},"class_list":["post-3","page","type-page","status-publish","hentry"],"_links":{"self":[{"href":"https:\/\/deva.cz\/it\/wp-json\/wp\/v2\/pages\/3","targetHints":{"allow":["GET"]}}],"collection":[{"href":"https:\/\/deva.cz\/it\/wp-json\/wp\/v2\/pages"}],"about":[{"href":"https:\/\/deva.cz\/it\/wp-json\/wp\/v2\/types\/page"}],"author":[{"embeddable":true,"href":"https:\/\/deva.cz\/it\/wp-json\/wp\/v2\/users\/1"}],"replies":[{"embeddable":true,"href":"https:\/\/deva.cz\/it\/wp-json\/wp\/v2\/comments?post=3"}],"version-history":[{"count":0,"href":"https:\/\/deva.cz\/it\/wp-json\/wp\/v2\/pages\/3\/revisions"}],"wp:attachment":[{"href":"https:\/\/deva.cz\/it\/wp-json\/wp\/v2\/media?parent=3"}],"curies":[{"name":"wp","href":"https:\/\/api.w.org\/{rel}","templated":true}]}}