{"id":1305,"date":"2026-02-15T20:16:20","date_gmt":"2026-02-15T20:16:20","guid":{"rendered":"https:\/\/deva.cz\/?page_id=1305"},"modified":"2026-02-28T10:28:11","modified_gmt":"2026-02-28T10:28:11","slug":"%e8%ab%b8%e6%9d%a1%e4%bb%b6","status":"publish","type":"page","link":"https:\/\/deva.cz\/ja\/terms-and-conditions\/","title":{"rendered":"\u3054\u5229\u7528\u6761\u4ef6"},"content":{"rendered":"<div data-elementor-type=\"wp-page\" data-elementor-id=\"1305\" class=\"elementor elementor-1305\">\n\t\t\t\t<div class=\"elementor-element elementor-element-6252416a e-con-full e-flex e-con e-parent\" data-id=\"6252416a\" data-element_type=\"container\" data-e-type=\"container\">\n\t\t\t\t<div class=\"elementor-element elementor-element-6382f05e elementor-widget elementor-widget-text-editor\" data-id=\"6382f05e\" data-element_type=\"widget\" data-e-type=\"widget\" data-widget_type=\"text-editor.default\">\n\t\t\t\t\t\t\t\t\t<p>\u8af8\u6761\u4ef6<br \/>\u30c7\u30f4\u30a1\u30fb\u30cb\u30e5\u30fc\u30c8\u30ea\u30b7\u30e7\u30f3a.s.<\/p><ol><li><p>\u4e00\u822c\u60c5\u5831<br \/>1.1 \u672c\u5229\u7528\u898f\u7d04\u306f\u3001Gen. Klap\u00e1lka 519, 549 01 Nov\u00e9 M\u011bsto nad Metuj\u00ed, Czech Republic\u306b\u767b\u9332\u4e8b\u52d9\u6240\u3092\u7f6e\u304d\u3001\u4f1a\u793eID\uff1a60916788\u3001VAT\u756a\u53f7\uff1aCZ60916788\u3001\u30c1\u30a7\u30b3\u5171\u548c\u56fd\u306e\u5546\u696d\u767b\u8a18\u7c3f\u306b\u767b\u9332\u3055\u308c\u3066\u3044\u308bDeva Nutrition a.s.\uff08\u4ee5\u4e0b\u3001\u300cDeva Nutrition\u300d\u307e\u305f\u306f\u300c\u5f53\u793e\u300d\uff09\u304c\u904b\u55b6\u3059\u308b\u30a6\u30a7\u30d6\u30b5\u30a4\u30c8\u306e\u4f7f\u7528\u3092\u898f\u5b9a\u3057\u307e\u3059\u3002.<br \/>1.2 \u672c\u30a6\u30a7\u30d6\u30b5\u30a4\u30c8\u306f\u3001\u4f01\u696d\u9593\u53d6\u5f15\uff08B2B\uff09\u306e\u307f\u3092\u76ee\u7684\u3068\u3057\u3066\u3044\u307e\u3059\u3002\u96fb\u5b50\u5546\u53d6\u5f15\u6a5f\u80fd\u306f\u63d0\u4f9b\u3057\u3066\u304a\u3089\u305a\u3001\u6d88\u8cbb\u8005\u304c\u30aa\u30f3\u30e9\u30a4\u30f3\u3067\u6ce8\u6587\u3001\u5951\u7d04\u3001\u652f\u6255\u3044\u3092\u884c\u3046\u3053\u3068\u306f\u3067\u304d\u307e\u305b\u3093\u3002.<br \/>1.3 \u5f53\u30a6\u30a7\u30d6\u30b5\u30a4\u30c8\u306b\u30a2\u30af\u30bb\u30b9\u3059\u308b\u3001\u307e\u305f\u306f\u5f53\u30a6\u30a7\u30d6\u30b5\u30a4\u30c8\u3092\u5229\u7528\u3059\u308b\u3053\u3068\u306b\u3088\u308a\u3001\u5229\u7528\u8005\u306f\u8077\u696d\u4e0a\u307e\u305f\u306f\u696d\u52d9\u4e0a\u306e\u7acb\u5834\u3067\u884c\u52d5\u3057\u3066\u3044\u308b\u3053\u3068\u3092\u78ba\u8a8d\u3057\u3001\u672c\u5229\u7528\u898f\u7d04\u306b\u62d8\u675f\u3055\u308c\u308b\u3053\u3068\u306b\u540c\u610f\u3059\u308b\u3082\u306e\u3068\u3057\u307e\u3059\u3002.<\/p><\/li><li><p>\u30a6\u30a7\u30d6\u30b5\u30a4\u30c8\u306e\u76ee\u7684<br \/>2.1 \u5f53\u30a6\u30a7\u30d6\u30b5\u30a4\u30c8\u306f\u3001Deva Nutrition\u3001\u305d\u306e\u88fd\u54c1\u3001\u30b5\u30fc\u30d3\u30b9\u3001\u30d6\u30e9\u30f3\u30c9\u3001\u8a8d\u8a3c\u3001\u751f\u7523\u5de5\u7a0b\u3001\u304a\u3088\u3073\u4e8b\u696d\u6d3b\u52d5\u306b\u95a2\u3059\u308b\u4e00\u822c\u7684\u306a\u60c5\u5831\u3092\u63d0\u4f9b\u3057\u307e\u3059\u3002.<br \/>2.2 \u30a6\u30a7\u30d6\u30b5\u30a4\u30c8\u306b\u63b2\u8f09\u3055\u308c\u3066\u3044\u308b\u60c5\u5831\u306f\u3001\u60c5\u5831\u63d0\u4f9b\u304a\u3088\u3073\u8ca9\u58f2\u4fc3\u9032\u306e\u307f\u3092\u76ee\u7684\u3068\u3057\u305f\u3082\u306e\u3067\u3042\u308a\u3001\u62d8\u675f\u529b\u306e\u3042\u308b\u7533\u3057\u51fa\u3001\u898b\u7a4d\u3082\u308a\u3001\u307e\u305f\u306f\u5951\u7d04\u4e0a\u306e\u7d04\u675f\u3092\u69cb\u6210\u3059\u308b\u3082\u306e\u3067\u306f\u3042\u308a\u307e\u305b\u3093\u3002.<br \/>2.3 \u3044\u304b\u306a\u308b\u696d\u52d9\u63d0\u643a\u3001\u30d7\u30e9\u30a4\u30d9\u30fc\u30c8\u30d6\u30e9\u30f3\u30c9\u751f\u7523\u3001\u307e\u305f\u306f\u88fd\u9020\u59d4\u8a17\u3082\u3001\u500b\u5225\u306e\u4ea4\u6e09\u3068\u500b\u5225\u306e\u66f8\u9762\u306b\u3088\u308b\u5951\u7d04\u306e\u5bfe\u8c61\u3068\u306a\u308b\u3002.<\/p><\/li><li><p>\u77e5\u7684\u8ca1\u7523\u6a29<br \/>3.1 \u30c6\u30ad\u30b9\u30c8\u3001\u753b\u50cf\u3001\u30b0\u30e9\u30d5\u30a3\u30c3\u30af\u3001\u30ed\u30b4\u3001\u30d3\u30c7\u30aa\u3001\u5546\u6a19\u3001\u88fd\u54c1\u8aac\u660e\u3001\u30ec\u30a4\u30a2\u30a6\u30c8\u3092\u542b\u3080\uff08\u305f\u3060\u3057\u5fc5\u305a\u3057\u3082\u3053\u308c\u3089\u306b\u9650\u5b9a\u3055\u308c\u306a\u3044\uff09\u672c\u30a6\u30a7\u30d6\u30b5\u30a4\u30c8\u4e0a\u306e\u3059\u3079\u3066\u306e\u30b3\u30f3\u30c6\u30f3\u30c4\u306f\u3001Deva Nutrition\u307e\u305f\u306f\u305d\u306e\u30e9\u30a4\u30bb\u30f3\u30b5\u30fc\u306e\u6240\u6709\u7269\u3067\u3042\u308a\u3001\u6b27\u5dde\u9023\u5408\u304a\u3088\u3073\u30c1\u30a7\u30b3\u5171\u548c\u56fd\u306e\u9069\u7528\u3055\u308c\u308b\u77e5\u7684\u8ca1\u7523\u6cd5\u306b\u3088\u3063\u3066\u4fdd\u8b77\u3055\u308c\u3066\u3044\u307e\u3059\u3002.<br \/>3.2 \u30a6\u30a7\u30d6\u30b5\u30a4\u30c8\u306e\u3044\u304b\u306a\u308b\u90e8\u5206\u3082\u3001Deva Nutrition\u306e\u66f8\u9762\u306b\u3088\u308b\u4e8b\u524d\u306e\u540c\u610f\u306a\u3057\u306b\u3001\u30b3\u30d4\u30fc\u3001\u8907\u88fd\u3001\u4fee\u6b63\u3001\u914d\u5e03\u3001\u51fa\u7248\u3001\u307e\u305f\u306f\u5546\u696d\u76ee\u7684\u3067\u4f7f\u7528\u3059\u308b\u3053\u3068\u306f\u3067\u304d\u307e\u305b\u3093\u3002.<br \/>3.3 \u5f53\u793e\u306e\u540d\u79f0\u3001\u5546\u6a19\u3001\u30ed\u30b4\u3092\u8a31\u53ef\u306a\u304f\u4f7f\u7528\u3059\u308b\u3053\u3068\u306f\u56fa\u304f\u7981\u3058\u3089\u308c\u3066\u3044\u307e\u3059\u3002.<\/p><\/li><li><p>\u60c5\u5831\u306e\u6b63\u78ba\u6027\u3068\u5165\u624b\u53ef\u80fd\u6027<br \/>4.1 Deva Nutrition\u306f\u3001\u30a6\u30a7\u30d6\u30b5\u30a4\u30c8\u4e0a\u3067\u63d0\u4f9b\u3055\u308c\u308b\u60c5\u5831\u304c\u6b63\u78ba\u3001\u5b8c\u5168\u3001\u6700\u65b0\u3067\u3042\u308b\u3053\u3068\u3092\u4fdd\u8a3c\u3059\u308b\u305f\u3081\u306b\u5408\u7406\u7684\u306a\u52aa\u529b\u3092\u3057\u307e\u3059\u3002.<br \/>4.2 \u305f\u3060\u3057\u3001\u5f53\u793e\u306f\u3001\u30b3\u30f3\u30c6\u30f3\u30c4\u306b\u8aa4\u308a\u3001\u907a\u6f0f\u307e\u305f\u306f\u4e0d\u6b63\u78ba\u306a\u70b9\u304c\u306a\u3044\u3053\u3068\u3092\u4fdd\u8a3c\u3059\u308b\u3082\u306e\u3067\u306f\u306a\u304f\u3001\u307e\u305f\u3001\u4e8b\u524d\u306e\u901a\u77e5\u306a\u3057\u306b\u3044\u3064\u3067\u3082\u30b3\u30f3\u30c6\u30f3\u30c4\u3092\u66f4\u65b0\u3001\u4fee\u6b63\u307e\u305f\u306f\u524a\u9664\u3059\u308b\u6a29\u5229\u3092\u7559\u4fdd\u3057\u307e\u3059\u3002.<br \/>4.3 Deva Nutrition\u306f\u3001\u30a6\u30a7\u30d6\u30b5\u30a4\u30c8\u4e0a\u3067\u63d0\u4f9b\u3055\u308c\u305f\u60c5\u5831\u3092\u4fe1\u983c\u3057\u305f\u5834\u5408\u3001\u8cac\u4efb\u3092\u8ca0\u308f\u306a\u3044\u3082\u306e\u3068\u3057\u307e\u3059\u3002.<\/p><\/li><li><p>\u5951\u7d04\u95a2\u4fc2\u306a\u3057<br \/>5.1 \u5f53\u30a6\u30a7\u30d6\u30b5\u30a4\u30c8\u306e\u4f7f\u7528\u306f\u3001\u30e6\u30fc\u30b6\u30fc\u3068Deva Nutrition\u306e\u9593\u306b\u3044\u304b\u306a\u308b\u5951\u7d04\u3001\u30d1\u30fc\u30c8\u30ca\u30fc\u30b7\u30c3\u30d7\u3001\u4ee3\u7406\u5e97\u3001\u307e\u305f\u306f\u305d\u306e\u4ed6\u306e\u6cd5\u7684\u95a2\u4fc2\u3092\u751f\u307f\u51fa\u3059\u3082\u306e\u3067\u306f\u3042\u308a\u307e\u305b\u3093\u3002.<br \/>5.2 \u304a\u554f\u3044\u5408\u308f\u305b\u30d5\u30a9\u30fc\u30e0\u3001\u96fb\u5b50\u30e1\u30fc\u30eb\u3001\u307e\u305f\u306f\u305d\u306e\u4ed6\u306e\u624b\u6bb5\u3067\u9001\u4fe1\u3055\u308c\u305f\u304a\u554f\u3044\u5408\u308f\u305b\u3001\u3054\u8981\u671b\u3001\u307e\u305f\u306f\u3054\u9023\u7d61\u306f\u3001Deva Nutrition\u304c\u66f8\u9762\u3067\u660e\u793a\u7684\u306b\u78ba\u8a8d\u3057\u306a\u3044\u9650\u308a\u3001\u7533\u3057\u51fa\u307e\u305f\u306f\u627f\u8afe\u3092\u69cb\u6210\u3059\u308b\u3082\u306e\u3067\u306f\u3042\u308a\u307e\u305b\u3093\u3002.<\/p><\/li><li><p>\u8cac\u4efb\u306e\u5236\u9650<br \/>6.1 \u9069\u7528\u3055\u308c\u308b\u6cd5\u5f8b\u3067\u8a31\u53ef\u3055\u308c\u308b\u6700\u5927\u9650\u306e\u7bc4\u56f2\u306b\u304a\u3044\u3066\u3001Deva Nutrition\u306f\u672c\u30a6\u30a7\u30d6\u30b5\u30a4\u30c8\u306e\u4f7f\u7528\u3001\u307e\u305f\u306f\u4f7f\u7528\u3067\u304d\u306a\u3044\u3053\u3068\u304b\u3089\u751f\u3058\u308b\u5229\u76ca\u306e\u640d\u5931\u3001\u4e8b\u696d\u306e\u4e2d\u65ad\u3001\u30c7\u30fc\u30bf\u306e\u640d\u5931\u3001\u307e\u305f\u306f\u98a8\u8a55\u88ab\u5bb3\u3092\u542b\u3080\uff08\u305f\u3060\u3057\u5fc5\u305a\u3057\u3082\u3053\u308c\u3089\u306b\u9650\u5b9a\u3055\u308c\u306a\u3044\uff09\u76f4\u63a5\u7684\u307e\u305f\u306f\u9593\u63a5\u7684\u306a\u640d\u5bb3\u306b\u5bfe\u3057\u3066\u8cac\u4efb\u3092\u8ca0\u308f\u306a\u3044\u3082\u306e\u3068\u3057\u307e\u3059\u3002.<br \/>6.2 Deva Nutrition\u306f\u3001\u30a6\u30a7\u30d6\u30b5\u30a4\u30c8\u306b\u30a2\u30af\u30bb\u30b9\u3057\u305f\u7d50\u679c\u3001\u30e6\u30fc\u30b6\u30fc\u306e\u6a5f\u5668\u306b\u5f71\u97ff\u3092\u4e0e\u3048\u308b\u53ef\u80fd\u6027\u306e\u3042\u308b\u30a6\u30a4\u30eb\u30b9\u3001\u30de\u30eb\u30a6\u30a7\u30a2\u3001\u307e\u305f\u306f\u305d\u306e\u4ed6\u306e\u6709\u5bb3\u306a\u30b3\u30f3\u30dd\u30fc\u30cd\u30f3\u30c8\u306b\u3088\u3063\u3066\u5f15\u304d\u8d77\u3053\u3055\u308c\u308b\u640d\u5bb3\u306b\u3064\u3044\u3066\u8cac\u4efb\u3092\u8ca0\u308f\u306a\u3044\u3082\u306e\u3068\u3057\u307e\u3059\u3002.<br \/>6.3 \u672c\u5229\u7528\u898f\u7d04\u306e\u3044\u304b\u306a\u308b\u898f\u5b9a\u3082\u3001\u5f37\u5236\u7684\u306aEU\u6cd5\u307e\u305f\u306f\u30c1\u30a7\u30b3\u6cd5\u306e\u4e0b\u3067\u9664\u5916\u3067\u304d\u306a\u3044\u640d\u5bb3\u8ce0\u511f\u8cac\u4efb\u3092\u5236\u9650\u3059\u308b\u3082\u306e\u3067\u306f\u3042\u308a\u307e\u305b\u3093\u3002.<\/p><\/li><li><p>\u30b5\u30fc\u30c9\u30d1\u30fc\u30c6\u30a3\u30fb\u30ea\u30f3\u30af<br \/>7.1 \u672c\u30a6\u30a7\u30d6\u30b5\u30a4\u30c8\u306b\u306f\u3001\u4fbf\u5b9c\u4e0a\u307e\u305f\u306f\u60c5\u5831\u63d0\u4f9b\u3092\u76ee\u7684\u3068\u3057\u3066\u3001\u7b2c\u4e09\u8005\u306e\u30a6\u30a7\u30d6\u30b5\u30a4\u30c8\u3078\u306e\u30ea\u30f3\u30af\u304c\u542b\u307e\u308c\u3066\u3044\u308b\u5834\u5408\u304c\u3042\u308a\u307e\u3059\u3002.<br \/>7.2 Deva Nutrition\u306f\u7b2c\u4e09\u8005\u306e\u30a6\u30a7\u30d6\u30b5\u30a4\u30c8\u306e\u30b3\u30f3\u30c6\u30f3\u30c4\u307e\u305f\u306f\u904b\u55b6\u3092\u7ba1\u7406\u3057\u3066\u304a\u3089\u305a\u3001\u305d\u308c\u3089\u306b\u5bfe\u3059\u308b\u8cac\u4efb\u307e\u305f\u306f\u7fa9\u52d9\u3092\u8ca0\u3044\u307e\u305b\u3093\u3002.<br \/>7.3 \u7b2c\u4e09\u8005\u306e\u30a6\u30a7\u30d6\u30b5\u30a4\u30c8\u3078\u306e\u30a2\u30af\u30bb\u30b9\u306f\u3001\u5229\u7528\u8005\u81ea\u8eab\u306e\u8cac\u4efb\u306b\u304a\u3044\u3066\u884c\u3046\u3082\u306e\u3068\u3057\u3001\u5f53\u8a72\u30a6\u30a7\u30d6\u30b5\u30a4\u30c8\u306e\u5229\u7528\u898f\u7d04\u306b\u5f93\u3046\u3082\u306e\u3068\u3057\u307e\u3059\u3002.<\/p><\/li><li><p>\u30c7\u30fc\u30bf\u4fdd\u8b77\u3068\u30af\u30c3\u30ad\u30fc<br \/>8.1 \u500b\u4eba\u60c5\u5831\u306e\u53d6\u308a\u6271\u3044\u306f\u3001\u672c\u5229\u7528\u898f\u7d04\u306e\u4e0d\u53ef\u6b20\u306a\u90e8\u5206\u3092\u5f62\u6210\u3059\u308b\u30d7\u30e9\u30a4\u30d0\u30b7\u30fc\u30dd\u30ea\u30b7\u30fc\u306b\u3088\u3063\u3066\u7ba1\u7406\u3055\u308c\u307e\u3059\u3002.<br \/>8.2 Deva Nutrition\u306f\u3001\u898f\u5247\uff08EU\uff092016\/679\uff08\u4e00\u822c\u30c7\u30fc\u30bf\u4fdd\u8b77\u898f\u5247\uff09\u304a\u3088\u3073\u9069\u7528\u3055\u308c\u308b\u30c1\u30a7\u30b3\u306e\u30c7\u30fc\u30bf\u4fdd\u8b77\u6cd5\u306b\u5f93\u3063\u3066\u500b\u4eba\u30c7\u30fc\u30bf\u3092\u51e6\u7406\u3057\u307e\u3059\u3002.<br \/>8.3 \u30af\u30c3\u30ad\u30fc\u304a\u3088\u3073\u985e\u4f3c\u6280\u8853\u306e\u4f7f\u7528\u306b\u3064\u3044\u3066\u306f\u3001\u30a6\u30a7\u30d6\u30b5\u30a4\u30c8\u3067\u5165\u624b\u53ef\u80fd\u306a\u30af\u30c3\u30ad\u30fc\u30dd\u30ea\u30b7\u30fc\u306b\u8a18\u8f09\u3055\u308c\u3066\u3044\u307e\u3059\u3002.<\/p><\/li><li><p>\u901a\u4fe1\u306e\u79d8\u5bc6<br \/>9.1 \u30a6\u30a7\u30d6\u30b5\u30a4\u30c8\u307e\u305f\u306f\u96fb\u5b50\u30e1\u30fc\u30eb\u3092\u901a\u3058\u3066Deva Nutrition\u306b\u958b\u793a\u3055\u308c\u305f\u975e\u516c\u958b\u60c5\u5831\u306f\u3001\u66f8\u9762\u3067\u660e\u78ba\u306b\u5408\u610f\u3055\u308c\u306a\u3044\u9650\u308a\u3001\u6a5f\u5bc6\u60c5\u5831\u3068\u306f\u307f\u306a\u3055\u308c\u306a\u3044\u3082\u306e\u3068\u3057\u307e\u3059\u3002.<br \/>9.2 Deva Nutrition\u306f\u3001\u5229\u7528\u8005\u304c\u4e8b\u524d\u306e\u540c\u610f\u306a\u3057\u306b\u30a6\u30a7\u30d6\u30b5\u30a4\u30c8\u3092\u901a\u3058\u3066\u6a5f\u5bc6\u60c5\u5831\u3084\u6a5f\u5bc6\u60c5\u5831\u3092\u63d0\u51fa\u3057\u306a\u3044\u3053\u3068\u3092\u304a\u52e7\u3081\u3057\u307e\u3059\u3002.<\/p><\/li><li><p>\u6e96\u62e0\u6cd5\u304a\u3088\u3073\u7ba1\u8f44\u88c1\u5224\u6240<br \/>10.1 \u672c\u5229\u7528\u898f\u7d04\u306f\u30c1\u30a7\u30b3\u5171\u548c\u56fd\u306e\u6cd5\u5f8b\u306b\u6e96\u62e0\u3057\u3001\u305d\u308c\u306b\u5f93\u3063\u3066\u89e3\u91c8\u3055\u308c\u307e\u3059\u3002.<br \/>10.2 \u5f53\u30a6\u30a7\u30d6\u30b5\u30a4\u30c8\u306e\u5229\u7528\u306b\u8d77\u56e0\u307e\u305f\u306f\u95a2\u9023\u3059\u308b\u7d1b\u4e89\u306f\u3001\u5f37\u5236\u7684\u306aEU\u6cd5\u306b\u5225\u6bb5\u306e\u5b9a\u3081\u304c\u306a\u3044\u9650\u308a\u3001\u30c1\u30a7\u30b3\u5171\u548c\u56fd\u306e\u7ba1\u8f44\u88c1\u5224\u6240\u306e\u5c02\u5c5e\u7684\u7ba1\u8f44\u6a29\u306b\u670d\u3059\u308b\u3082\u306e\u3068\u3057\u307e\u3059\u3002.<\/p><\/li><li><p>\u53ef\u5206\u6027<br \/>11.1 \u672c\u5229\u7528\u898f\u7d04\u306e\u3044\u305a\u308c\u304b\u306e\u6761\u9805\u304c\u7121\u52b9\u307e\u305f\u306f\u57f7\u884c\u4e0d\u80fd\u3068\u5224\u65ad\u3055\u308c\u305f\u5834\u5408\u3067\u3082\u3001\u6b8b\u308a\u306e\u6761\u9805\u306f\u5b8c\u5168\u306b\u52b9\u529b\u3092\u6709\u3059\u308b\u3082\u306e\u3068\u3057\u307e\u3059\u3002.<\/p><\/li><li><p>\u4fee\u6b63<br \/>12.1 Deva Nutrition\u306f\u3044\u3064\u3067\u3082\u672c\u5229\u7528\u898f\u7d04\u3092\u4fee\u6b63\u307e\u305f\u306f\u66f4\u65b0\u3059\u308b\u6a29\u5229\u3092\u7559\u4fdd\u3057\u307e\u3059\u3002.<br \/>12.2 \u6700\u65b0\u7248\u306f\u5e38\u306b\u30a6\u30a7\u30d6\u30b5\u30a4\u30c8\u4e0a\u3067\u5165\u624b\u53ef\u80fd\u3067\u3042\u308a\u3001\u516c\u8868\u3068\u540c\u6642\u306b\u6709\u52b9\u3068\u306a\u308b\u3002.<\/p><\/li><li><p>\u9023\u7d61\u5148<br \/>13.1 \u672c\u5229\u7528\u898f\u7d04\u307e\u305f\u306f\u30a6\u30a7\u30d6\u30b5\u30a4\u30c8\u306b\u95a2\u3059\u308b\u3054\u8cea\u554f\u306f\u3001\u4e0b\u8a18\u307e\u3067\u3054\u9023\u7d61\u304f\u3060\u3055\u3044\uff1a<br \/>\u30c7\u30f4\u30a1\u30fb\u30cb\u30e5\u30fc\u30c8\u30ea\u30b7\u30e7\u30f3a.s.<br \/>\u30af\u30e9\u30d1\u30eb\u30ab\u5c06\u8ecd519<br \/>549 01 \u30ce\u30f4\u30a7\u30fb\u30df\u30a7\u30b9\u30c8\u30fb\u30ca\u30c9\u30fb\u30e1\u30c8\u30a5\u30b8<br \/>\u30c1\u30a7\u30b3\u5171\u548c\u56fd<br \/>E\u30e1\u30fc\u30eb <a href=\"mailto:info@deva.cz\" target=\"_blank\" rel=\"noopener\">info@deva.cz<\/a><br \/>\u96fb\u8a71\u756a\u53f7+420 491 439 111<\/p><\/li><\/ol>\t\t\t\t\t\t\t\t<\/div>\n\t\t\t\t<\/div>\n\t\t\t\t<\/div>","protected":false},"excerpt":{"rendered":"<p>TERMS AND CONDITIONSDeva Nutrition a.s. General Information1.1 These Terms and Conditions govern the use of the website operated by Deva Nutrition a.s., with its registered office at Gen. Klap\u00e1lka 519, 549 01 Nov\u00e9 M\u011bsto nad Metuj\u00ed, Czech Republic, Company ID: 60916788, VAT No.: CZ60916788, registered in the Commercial Register of the Czech Republic (hereinafter referred to as \u201cDeva Nutrition\u201d or \u201cthe Company\u201d).1.2 This website is intended exclusively for business-to-business (B2B) purposes. It does not offer any e-commerce functionality and does not allow consumers to place orders, conclude contracts, or make payments online.1.3 By accessing or using this website, you confirm that you are acting in a professional or business capacity [&hellip;]<\/p>\n","protected":false},"author":1,"featured_media":0,"parent":0,"menu_order":0,"comment_status":"closed","ping_status":"open","template":"","meta":{"two_page_speed":[],"footnotes":""},"class_list":["post-1305","page","type-page","status-publish","hentry"],"_links":{"self":[{"href":"https:\/\/deva.cz\/ja\/wp-json\/wp\/v2\/pages\/1305","targetHints":{"allow":["GET"]}}],"collection":[{"href":"https:\/\/deva.cz\/ja\/wp-json\/wp\/v2\/pages"}],"about":[{"href":"https:\/\/deva.cz\/ja\/wp-json\/wp\/v2\/types\/page"}],"author":[{"embeddable":true,"href":"https:\/\/deva.cz\/ja\/wp-json\/wp\/v2\/users\/1"}],"replies":[{"embeddable":true,"href":"https:\/\/deva.cz\/ja\/wp-json\/wp\/v2\/comments?post=1305"}],"version-history":[{"count":0,"href":"https:\/\/deva.cz\/ja\/wp-json\/wp\/v2\/pages\/1305\/revisions"}],"wp:attachment":[{"href":"https:\/\/deva.cz\/ja\/wp-json\/wp\/v2\/media?parent=1305"}],"curies":[{"name":"WP","href":"https:\/\/api.w.org\/{rel}","templated":true}]}}