{"id":3,"date":"2026-02-05T12:06:09","date_gmt":"2026-02-05T12:06:09","guid":{"rendered":"https:\/\/deva.cz\/?page_id=3"},"modified":"2026-02-28T10:19:40","modified_gmt":"2026-02-28T10:19:40","slug":"%e3%83%97%e3%83%a9%e3%82%a4%e3%83%90%e3%82%b7%e3%83%bc%e3%83%9d%e3%83%aa%e3%82%b7%e3%83%bc","status":"publish","type":"page","link":"https:\/\/deva.cz\/ja\/privacy-policy\/","title":{"rendered":"\u30d7\u30e9\u30a4\u30d0\u30b7\u30fc\u30dd\u30ea\u30b7\u30fc"},"content":{"rendered":"<div data-elementor-type=\"wp-page\" data-elementor-id=\"3\" class=\"elementor elementor-3\">\n\t\t\t\t<div class=\"elementor-element elementor-element-6252416a e-flex e-con-boxed e-con e-parent\" data-id=\"6252416a\" data-element_type=\"container\" data-e-type=\"container\">\n\t\t\t\t\t<div class=\"e-con-inner\">\n\t\t\t\t<div class=\"elementor-element elementor-element-6382f05e elementor-widget elementor-widget-text-editor\" data-id=\"6382f05e\" data-element_type=\"widget\" data-e-type=\"widget\" data-widget_type=\"text-editor.default\">\n\t\t\t\t\t\t\t\t\t<p><\/p>\n<p>\u30d7\u30e9\u30a4\u30d0\u30b7\u30fc\u30dd\u30ea\u30b7\u30fc<\/p>\n<p><span style=\"font-size: 18px;\">\u3053\u306e\u30d7\u30e9\u30a4\u30d0\u30b7\u30fc\u30dd\u30ea\u30b7\u30fc\u306f\u3001Deva Nutrition a.s.\uff08\u4ee5\u4e0b\u3001\u300c\u5f53\u793e\u300d\uff09\u304c\u3001\u304a\u5ba2\u69d8\u304c\u30a6\u30a7\u30d6\u30b5\u30a4\u30c8\u3092\u8a2a\u554f\u307e\u305f\u306f\u4f7f\u7528\u3059\u308b\u969b\u306b\u3001\u500b\u4eba\u30c7\u30fc\u30bf\u3092\u3069\u306e\u3088\u3046\u306b\u53ce\u96c6\u3001\u4f7f\u7528\u3001\u4fdd\u5b58\u3001\u4fdd\u8b77\u3059\u308b\u304b\u3092\u8aac\u660e\u3059\u308b\u3082\u306e\u3067\u3059\u3002 <\/span><a href=\"https:\/\/deva.cz\/ja\/\" target=\"_blank\" rel=\"noopener\" style=\"font-family: inherit; font-size: 18px; letter-spacing: normal; text-transform: none; word-spacing: 0px; background-color: rgb(255, 255, 255);\">https:\/\/www.deva.cz<\/a><span style=\"font-size: 18px;\"> (\u4ee5\u4e0b\u300c\u672c\u30a6\u30a7\u30d6\u30b5\u30a4\u30c8\u300d\u3068\u3044\u3044\u307e\u3059\u3002\uff09\u5f53\u793e\u306f\u3001\u6b27\u5dde\u8b70\u4f1a\u304a\u3088\u3073\u7406\u4e8b\u4f1a\u306e\u898f\u5247\uff08EU\uff092016\/679\uff08\u4e00\u822c\u30c7\u30fc\u30bf\u4fdd\u8b77\u898f\u5247-GDPR\uff09\u304a\u3088\u3073\u9069\u7528\u3055\u308c\u308b\u30c1\u30a7\u30b3\u306e\u6cd5\u4ee4\u306b\u5f93\u3063\u3066\u500b\u4eba\u30c7\u30fc\u30bf\u3092\u51e6\u7406\u3057\u307e\u3059\u3002.<\/span><\/p>\n<ol>\n<li>\u30c7\u30fc\u30bf\u7ba1\u7406\u8005<\/li>\n<\/ol>\n<p>\u4f1a\u793e\u540d\uff1aDeva Nutrition a.s.<br>\u767b\u9332\u4f4f\u6240Gen. Klap\u00e1lka 519, 549 01 Nov\u00e9 M\u011bsto nad Metuj\u00ed, Czechia<br>\u4ed8\u52a0\u4fa1\u5024\u7a0e\u756a\u53f7CZ60916788<br>E\u30e1\u30fc\u30eb <a href=\"mailto:info@deva.cz\" target=\"_blank\" rel=\"noopener\">info@deva.cz<\/a><\/p>\n<p>Deva Nutrition a.s.\u306f\u3001\u304a\u5ba2\u69d8\u306e\u500b\u4eba\u30c7\u30fc\u30bf\u306e\u51e6\u7406\u306b\u8cac\u4efb\u3092\u8ca0\u3046\u30c7\u30fc\u30bf\u7ba1\u7406\u8005\u3067\u3059\u3002.<\/p>\n<ol start=\"2\">\n<li>\u5f53\u793e\u304c\u51e6\u7406\u3059\u308b\u500b\u4eba\u30c7\u30fc\u30bf<\/li>\n<\/ol>\n<p>\u304a\u5ba2\u69d8\u304c\u5f53\u30a6\u30a7\u30d6\u30b5\u30a4\u30c8\u3092\u3069\u306e\u3088\u3046\u306b\u5229\u7528\u3055\u308c\u308b\u304b\u306b\u5fdc\u3058\u3066\u3001\u5f53\u793e\u306f\u4ee5\u4e0b\u306e\u30ab\u30c6\u30b4\u30ea\u30fc\u306e\u500b\u4eba\u30c7\u30fc\u30bf\u3092\u51e6\u7406\u3059\u308b\u5834\u5408\u304c\u3042\u308a\u307e\u3059\u3002.<\/p>\n<p>2.1 \u304a\u5ba2\u69d8\u304c\u76f4\u63a5\u63d0\u4f9b\u3059\u308b\u30c7\u30fc\u30bf<br>- \u6c0f\u540d\u304a\u3088\u3073\u59d3<br>- E\u30e1\u30fc\u30eb\u30a2\u30c9\u30ec\u30b9<br>- \u96fb\u8a71\u756a\u53f7<br>- \u4f4f\u6240\uff08\u63d0\u4f9b\u3055\u308c\u3066\u3044\u308b\u5834\u5408<br>- \u304a\u554f\u3044\u5408\u308f\u305b\u30d5\u30a9\u30fc\u30e0\u3084\u96fb\u5b50\u30e1\u30fc\u30eb\u306b\u8a18\u8f09\u3055\u308c\u305f\u60c5\u5831<\/p>\n<p>2.2 \u81ea\u52d5\u7684\u306b\u53ce\u96c6\u3055\u308c\u308b\u30c7\u30fc\u30bf<br>\u304a\u5ba2\u69d8\u304c\u5f53\u30a6\u30a7\u30d6\u30b5\u30a4\u30c8\u306b\u30a2\u30af\u30bb\u30b9\u3055\u308c\u308b\u3068\u3001\u4ee5\u4e0b\u306e\u3088\u3046\u306a\u7279\u5b9a\u306e\u30c7\u30fc\u30bf\u304c\u81ea\u52d5\u7684\u306b\u53ce\u96c6\u3055\u308c\u308b\u3053\u3068\u304c\u3042\u308a\u307e\u3059\uff1a<br>- IP\u30a2\u30c9\u30ec\u30b9<br>- \u30a2\u30af\u30bb\u30b9\u65e5\u6642<br>- \u30d6\u30e9\u30a6\u30b6\u306e\u7a2e\u985e\u3068\u30d0\u30fc\u30b8\u30e7\u30f3<br>- \u30aa\u30da\u30ec\u30fc\u30c6\u30a3\u30f3\u30b0\u30b7\u30b9\u30c6\u30e0<br>- \u53c2\u7167\u30a6\u30a7\u30d6\u30b5\u30a4\u30c8<br>- \u5f53\u30a6\u30a7\u30d6\u30b5\u30a4\u30c8\u306e\u8a2a\u554f\u30da\u30fc\u30b8<\/p>\n<p>2.3 \u30af\u30c3\u30ad\u30fc\u304a\u3088\u3073\u985e\u4f3c\u6280\u8853<br>\u5f53\u793e\u306f\u3001\u672c\u30a6\u30a7\u30d6\u30b5\u30a4\u30c8\u306e\u9069\u5207\u306a\u6a5f\u80fd\u3092\u78ba\u4fdd\u3059\u308b\u305f\u3081\u3001\u304a\u3088\u3073\u8a72\u5f53\u3059\u308b\u5834\u5408\u3001\u5206\u6790\u304a\u3088\u3073\u30de\u30fc\u30b1\u30c6\u30a3\u30f3\u30b0\u3092\u76ee\u7684\u3068\u3057\u3066\u3001\u30af\u30c3\u30ad\u30fc\u304a\u3088\u3073\u985e\u4f3c\u306e\u6280\u8853\u3092\u4f7f\u7528\u3057\u307e\u3059\u3002\u30af\u30c3\u30ad\u30fc\u306e\u4f7f\u7528\u306b\u95a2\u3059\u308b\u8a73\u7d30\u306f\u3001\u30af\u30c3\u30ad\u30fc\u30dd\u30ea\u30b7\u30fc\u307e\u305f\u306f\u30a6\u30a7\u30d6\u30b5\u30a4\u30c8\u4e0a\u306e\u30af\u30c3\u30ad\u30fc\u8a2d\u5b9a\u306b\u8a18\u8f09\u3055\u308c\u3066\u3044\u307e\u3059\u3002.<\/p>\n<ol start=\"3\">\n<li>\u51e6\u7406\u306e\u76ee\u7684\u3068\u6cd5\u7684\u6839\u62e0<\/li>\n<\/ol>\n<p>\u5f53\u793e\u306f\u3001GDPR\u306b\u57fa\u3065\u304f\u6709\u52b9\u306a\u6cd5\u7684\u6839\u62e0\u304c\u3042\u308b\u5834\u5408\u306b\u306e\u307f\u3001\u500b\u4eba\u30c7\u30fc\u30bf\u3092\u51e6\u7406\u3057\u307e\u3059\u3002.<\/p>\n<p>- \u554f\u3044\u5408\u308f\u305b\u304a\u3088\u3073\u9023\u7d61\u3078\u306e\u5bfe\u5fdc\uff1a\u5951\u7d04\u306e\u5c65\u884c\u307e\u305f\u306f\u5951\u7d04\u7de0\u7d50\u524d\u306e\u63aa\u7f6e\uff08GDPR\u7b2c6\u67611\u9805\uff08b\uff09\uff09\u3002.<br>- \u30a6\u30a7\u30d6\u30b5\u30a4\u30c8\u306e\u904b\u55b6\u3001\u4fdd\u5b88\u3001\u30bb\u30ad\u30e5\u30ea\u30c6\u30a3\uff1a\u5f53\u793e\u306e\u6b63\u5f53\u306a\u5229\u76ca\uff08GDPR\u7b2c6\u67611\u9805\uff08f\uff09\uff09\u3002.<br>- \u4f1a\u8a08\u304a\u3088\u3073\u7a0e\u52d9\u4e0a\u306e\u7fa9\u52d9\u3092\u542b\u3080\u6cd5\u7684\u7fa9\u52d9\u306e\u9075\u5b88\uff1a\u6cd5\u7684\u7fa9\u52d9\uff08GDPR\u7b2c6\u67611\u9805\uff08c\uff09\uff09\u3002.<br>- \u30de\u30fc\u30b1\u30c6\u30a3\u30f3\u30b0\u30b3\u30df\u30e5\u30cb\u30b1\u30fc\u30b7\u30e7\u30f3\uff08\u8a72\u5f53\u3059\u308b\u5834\u5408\uff09\uff1a\u304a\u5ba2\u69d8\u306e\u540c\u610f\uff08GDPR\u7b2c6\u67611\u9805\uff08a\uff09\uff09\u3002.<br>- \u30a6\u30a7\u30d6\u30b5\u30a4\u30c8\u5206\u6790\uff1a\u4f7f\u7528\u3055\u308c\u308b\u7279\u5b9a\u306e\u30c4\u30fc\u30eb\u306b\u5fdc\u3058\u3066\u3001\u304a\u5ba2\u69d8\u306e\u540c\u610f\u307e\u305f\u306f\u5f53\u793e\u306e\u6b63\u5f53\u306a\u5229\u76ca\u3002.<\/p>\n<ol start=\"4\">\n<li>\u500b\u4eba\u30c7\u30fc\u30bf\u306e\u53d7\u9818\u8005<\/li>\n<\/ol>\n<p>\u304a\u5ba2\u69d8\u306e\u500b\u4eba\u60c5\u5831\u306f\u3001\u4ee5\u4e0b\u306e\u5834\u5408\u306b\u306e\u307f\u958b\u793a\u3055\u308c\u307e\u3059\uff1a<br>- \u5f53\u793e\u516c\u8a8d\u306e\u5f93\u696d\u54e1<br>- IT\u3001\u30db\u30b9\u30c6\u30a3\u30f3\u30b0\u3001\u5206\u6790\u30d7\u30ed\u30d0\u30a4\u30c0\u30fc\u306a\u3069\u3001\u30c7\u30fc\u30bf\u51e6\u7406\u8005\u3068\u3057\u3066\u6a5f\u80fd\u3059\u308b\u5916\u90e8\u30b5\u30fc\u30d3\u30b9\u30d7\u30ed\u30d0\u30a4\u30c0\u30fc<br>- \u6cd5\u5f8b\u3067\u7fa9\u52d9\u4ed8\u3051\u3089\u308c\u3066\u3044\u308b\u516c\u7684\u6a5f\u95a2<\/p>\n<p>\u3059\u3079\u3066\u306e\u30c7\u30fc\u30bf\u51e6\u7406\u8005\u306f\u3001\u500b\u4eba\u30c7\u30fc\u30bf\u3092\u4fdd\u8b77\u3057\u3001\u5f53\u793e\u306e\u6307\u793a\u304a\u3088\u3073GDPR\u306b\u5f93\u3063\u3066\u306e\u307f\u51e6\u7406\u3059\u308b\u3053\u3068\u3092\u5951\u7d04\u4e0a\u7fa9\u52d9\u4ed8\u3051\u3089\u308c\u3066\u3044\u307e\u3059\u3002.<\/p>\n<ol start=\"5\">\n<li>EU\u307e\u305f\u306fEEA\u57df\u5916\u3078\u306e\u30c7\u30fc\u30bf\u79fb\u8ee2<\/li>\n<\/ol>\n<p>\u5f53\u793e\u306f\u3001\u500b\u4eba\u30c7\u30fc\u30bf\u3092\u6b27\u5dde\u9023\u5408\uff08EU\uff09\u307e\u305f\u306f\u6b27\u5dde\u7d4c\u6e08\u9818\u57df\u5916\u306b\u79fb\u8ee2\u3059\u308b\u3064\u3082\u308a\u306f\u3042\u308a\u307e\u305b\u3093\u3002\u305d\u306e\u3088\u3046\u306a\u79fb\u8ee2\u304c\u5fc5\u8981\u306b\u306a\u3063\u305f\u5834\u5408\u306f\u3001\u6a19\u6e96\u5951\u7d04\u6761\u9805\u306a\u3069\u306e\u9069\u5207\u306a\u4fdd\u8b77\u63aa\u7f6e\u3092\u7528\u3044\u3066\u3001GDPR\u306b\u6e96\u62e0\u3057\u305f\u5834\u5408\u306b\u306e\u307f\u5b9f\u65bd\u3055\u308c\u307e\u3059\u3002.<\/p>\n<ol start=\"6\">\n<li>\u30c7\u30fc\u30bf\u4fdd\u6301<\/li>\n<\/ol>\n<p>\u5f53\u793e\u306f\u3001\u500b\u4eba\u30c7\u30fc\u30bf\u3092\u3001\u305d\u308c\u304c\u53ce\u96c6\u3055\u308c\u305f\u76ee\u7684\u306b\u5fc5\u8981\u306a\u9650\u308a\u306b\u304a\u3044\u3066\u306e\u307f\u4fdd\u6301\u3057\u307e\u3059\u3002.<br>- \u30b3\u30df\u30e5\u30cb\u30b1\u30fc\u30b7\u30e7\u30f3\u304a\u3088\u3073\u9023\u7d61\u5148\u30c7\u30fc\u30bf\u306f\u3001\u30b3\u30df\u30e5\u30cb\u30b1\u30fc\u30b7\u30e7\u30f3\u671f\u9593\u304a\u3088\u3073\u5408\u7406\u7684\u306a\u30d5\u30a9\u30ed\u30fc\u30a2\u30c3\u30d7\u671f\u9593\u4e2d\u4fdd\u5b58\u3055\u308c\u307e\u3059\u3002.<br>- \u5951\u7d04\u4e0a\u304a\u3088\u3073\u6cd5\u5f8b\u4e0a\u306e\u30c7\u30fc\u30bf\u306f\u3001\u9069\u7528\u3055\u308c\u308b\u6cd5\u5f8b\u3067\u5b9a\u3081\u3089\u308c\u305f\u671f\u9593\u4fdd\u6301\u3055\u308c\u307e\u3059\u3002.<br>- \u30de\u30fc\u30b1\u30c6\u30a3\u30f3\u30b0\u30c7\u30fc\u30bf\u306f\u3001\u540c\u610f\u304c\u64a4\u56de\u3055\u308c\u308b\u307e\u3067\u4fdd\u5b58\u3055\u308c\u307e\u3059\u3002.<\/p>\n<p>\u8a72\u5f53\u3059\u308b\u4fdd\u5b58\u671f\u9593\u304c\u7d42\u4e86\u3057\u305f\u5f8c\u3001\u500b\u4eba\u30c7\u30fc\u30bf\u306f\u5b89\u5168\u306b\u524a\u9664\u307e\u305f\u306f\u533f\u540d\u5316\u3055\u308c\u307e\u3059\u3002.<\/p>\n<ol start=\"7\">\n<li>GDPR\u306b\u304a\u3051\u308b\u3042\u306a\u305f\u306e\u6a29\u5229<\/li>\n<\/ol>\n<p>\u304a\u5ba2\u69d8\u306f\u3001\u3054\u81ea\u8eab\u306e\u500b\u4eba\u30c7\u30fc\u30bf\u306b\u95a2\u3057\u3066\u4ee5\u4e0b\u306e\u6a29\u5229\u3092\u6709\u3057\u307e\u3059\uff1a<br>- \u30a2\u30af\u30bb\u30b9\u6a29<br>- \u4fee\u6b63\u3059\u308b\u6a29\u5229<br>- \u6d88\u53bb\u6a29<br>- \u51e6\u7406\u5236\u9650\u306e\u6a29\u5229<br>- \u30c7\u30fc\u30bf\u30fb\u30dd\u30fc\u30bf\u30d3\u30ea\u30c6\u30a3\u306e\u6a29\u5229<br>- \u51e6\u7406\u306b\u53cd\u5bfe\u3059\u308b\u6a29\u5229<br>- \u3044\u3064\u3067\u3082\u540c\u610f\u3092\u64a4\u56de\u3059\u308b\u6a29\u5229<\/p>\n<p>\u304a\u5ba2\u69d8\u306f\u3001\u4ee5\u4e0b\u306e\u9023\u7d61\u5148\u307e\u3067\u3054\u9023\u7d61\u3044\u305f\u3060\u304f\u3053\u3068\u306b\u3088\u308a\u3001\u3053\u308c\u3089\u306e\u6a29\u5229\u3092\u884c\u4f7f\u3059\u308b\u3053\u3068\u304c\u3067\u304d\u307e\u3059\u3002 <a href=\"mailto:info@deva.cz\" target=\"_blank\" rel=\"noopener\">info@deva.cz<\/a>.<\/p>\n<ol start=\"8\">\n<li>\u82e6\u60c5\u3092\u7533\u3057\u7acb\u3066\u308b\u6a29\u5229<\/li>\n<\/ol>\n<p>\u500b\u4eba\u30c7\u30fc\u30bf\u304c\u9055\u6cd5\u306b\u51e6\u7406\u3055\u308c\u305f\u3068\u601d\u308f\u308c\u308b\u5834\u5408\u3001\u76e3\u7763\u5f53\u5c40\u306b\u82e6\u60c5\u3092\u7533\u3057\u7acb\u3066\u308b\u6a29\u5229\u304c\u3042\u308a\u307e\u3059\uff1a<\/p>\n<p>\u500b\u4eba\u30c7\u30fc\u30bf\u4fdd\u8b77\u4e8b\u52d9\u6240\uff08\u00da\u0159ad pro ochranu osobn\u00edch \u00fadaj\u016f\uff09<br>Pplk.\u30bd\u30c1\u30e7\u30e927<br>170 00 \u30d7\u30e9\u30cf 7<br>\u30c1\u30a7\u30b3\u5171\u548c\u56fd<br>\u30a6\u30a7\u30d6\u30b5\u30a4\u30c8 <a href=\"https:\/\/www.uoou.cz\/\" target=\"_blank\" rel=\"noopener\">https:\/\/www.uoou.cz<\/a><\/p>\n<ol start=\"9\">\n<li>\u30c7\u30fc\u30bf\u30fb\u30bb\u30ad\u30e5\u30ea\u30c6\u30a3<\/li>\n<\/ol>\n<p>\u5f53\u793e\u306f\u3001\u500b\u4eba\u30c7\u30fc\u30bf\u3092\u4e0d\u6b63\u30a2\u30af\u30bb\u30b9\u3001\u7d1b\u5931\u3001\u8aa4\u7528\u3001\u6539\u5909\u304b\u3089\u4fdd\u8b77\u3059\u308b\u305f\u3081\u306b\u3001\u9069\u5207\u306a\u6280\u8853\u7684\u304a\u3088\u3073\u7d44\u7e54\u7684\u5bfe\u7b56\u3092\u9069\u7528\u3057\u307e\u3059\u3002.<\/p>\n<ol start=\"10\">\n<li>\u30d7\u30e9\u30a4\u30d0\u30b7\u30fc\u30dd\u30ea\u30b7\u30fc\u306e\u5909\u66f4<\/li>\n<\/ol>\n<p>\u5f53\u793e\u306f\u3001\u672c\u30d7\u30e9\u30a4\u30d0\u30b7\u30fc\u30dd\u30ea\u30b7\u30fc\u3092\u968f\u6642\u66f4\u65b0\u3059\u308b\u3053\u3068\u304c\u3042\u308a\u307e\u3059\u3002\u6700\u65b0\u306e\u30d0\u30fc\u30b8\u30e7\u30f3\u306f\u3001\u6700\u65b0\u306e\u66f4\u65b0\u65e5\u3068\u3068\u3082\u306b\u3001\u5e38\u306b\u672c\u30a6\u30a7\u30d6\u30b5\u30a4\u30c8\u3067\u3054\u89a7\u3044\u305f\u3060\u3051\u307e\u3059\u3002.<\/p>\n<ol start=\"11\">\n<li>\u9023\u7d61\u5148<\/li>\n<\/ol>\n<p>\u672c\u500b\u4eba\u60c5\u5831\u4fdd\u8b77\u65b9\u91dd\u307e\u305f\u306f\u304a\u5ba2\u69d8\u306e\u500b\u4eba\u30c7\u30fc\u30bf\u306e\u51e6\u7406\u306b\u95a2\u3057\u3066\u3054\u8cea\u554f\u304c\u3042\u308b\u5834\u5408\u306f\u3001\u5f53\u793e\u307e\u3067\u3054\u9023\u7d61\u304f\u3060\u3055\u3044\uff1a<\/p>\n<p>E\u30e1\u30fc\u30eb <a href=\"mailto:info@deva.cz\" target=\"_blank\" rel=\"noopener\">info@deva.cz<\/a><br>\u4f4f\u6240Gen. Klap\u00e1lka 519, 549 01 Nov\u00e9 M\u011bsto nad Metuj\u00ed, \u30c1\u30a7\u30b3<\/p>\t\t\t\t\t\t\t\t<\/div>\n\t\t\t\t\t<\/div>\n\t\t\t\t<\/div>\n\t\t\t\t<\/div>","protected":false},"excerpt":{"rendered":"<p>Privacy Policy This Privacy Policy explains how Deva Nutrition a.s. (\u201cwe\u201d, \u201cus\u201d, \u201cour\u201d) collects, uses, stores, and protects personal data when you visit or use the website https:\/\/www.deva.cz (the \u201cWebsite\u201d). We process personal data in accordance with Regulation (EU) 2016\/679 of the European Parliament and of the Council (the General Data Protection Regulation \u2013 GDPR) and applicable Czech legislation. Data Controller Company name: Deva Nutrition a.s.Registered address: Gen. Klap\u00e1lka 519, 549 01 Nov\u00e9 M\u011bsto nad Metuj\u00ed, CzechiaVAT number: CZ60916788E-mail: info@deva.cz Deva Nutrition a.s. is the data controller responsible for the processing of your personal data. Personal Data We Process Depending on how you use the Website, we may process the [&hellip;]<\/p>\n","protected":false},"author":1,"featured_media":0,"parent":0,"menu_order":0,"comment_status":"closed","ping_status":"open","template":"","meta":{"two_page_speed":[],"footnotes":""},"class_list":["post-3","page","type-page","status-publish","hentry"],"_links":{"self":[{"href":"https:\/\/deva.cz\/ja\/wp-json\/wp\/v2\/pages\/3","targetHints":{"allow":["GET"]}}],"collection":[{"href":"https:\/\/deva.cz\/ja\/wp-json\/wp\/v2\/pages"}],"about":[{"href":"https:\/\/deva.cz\/ja\/wp-json\/wp\/v2\/types\/page"}],"author":[{"embeddable":true,"href":"https:\/\/deva.cz\/ja\/wp-json\/wp\/v2\/users\/1"}],"replies":[{"embeddable":true,"href":"https:\/\/deva.cz\/ja\/wp-json\/wp\/v2\/comments?post=3"}],"version-history":[{"count":0,"href":"https:\/\/deva.cz\/ja\/wp-json\/wp\/v2\/pages\/3\/revisions"}],"wp:attachment":[{"href":"https:\/\/deva.cz\/ja\/wp-json\/wp\/v2\/media?parent=3"}],"curies":[{"name":"WP","href":"https:\/\/api.w.org\/{rel}","templated":true}]}}