{"id":1305,"date":"2026-02-15T20:16:20","date_gmt":"2026-02-15T20:16:20","guid":{"rendered":"https:\/\/deva.cz\/?page_id=1305"},"modified":"2026-02-28T10:28:11","modified_gmt":"2026-02-28T10:28:11","slug":"%ec%9d%b4%ec%9a%a9-%ec%95%bd%ea%b4%80","status":"publish","type":"page","link":"https:\/\/deva.cz\/ko\/terms-and-conditions\/","title":{"rendered":"\uc774\uc6a9 \uc57d\uad00"},"content":{"rendered":"<div data-elementor-type=\"wp-page\" data-elementor-id=\"1305\" class=\"elementor elementor-1305\">\n\t\t\t\t<div class=\"elementor-element elementor-element-6252416a e-con-full e-flex e-con e-parent\" data-id=\"6252416a\" data-element_type=\"container\" data-e-type=\"container\">\n\t\t\t\t<div class=\"elementor-element elementor-element-6382f05e elementor-widget elementor-widget-text-editor\" data-id=\"6382f05e\" data-element_type=\"widget\" data-e-type=\"widget\" data-widget_type=\"text-editor.default\">\n\t\t\t\t\t\t\t\t\t<p>\uc774\uc6a9 \uc57d\uad00<br \/>\ub370\ubc14 \ub274\ud2b8\ub9ac\uc158 a.s.<\/p><ol><li><p>\uc77c\ubc18 \uc815\ubcf4<br \/>1.1 \ubcf8 \uc57d\uad00\uc740 \uccb4\ucf54 \uc0c1\uc5c5\ub4f1\uae30\uc18c\uc5d0 \ub4f1\ub85d\ub41c \uc8fc\uc18c\uc9c0(Gen. Klap\u00e1lka 519, 549 01 Nov\u00e9 M\u011bsto nad Metuj\u00ed, \uccb4\ucf54, \ud68c\uc0ac ID: 60916788, VAT \ubc88\ud638: CZ60916788)\ub97c \uac00\uc9c4 Deva Nutrition a.s.(\uc774\ud558 \u201cDeva Nutrition\u201d \ub610\ub294 \u201c\ud68c\uc0ac\u201d)\uac00 \uc6b4\uc601\ud558\ub294 \uc6f9\uc0ac\uc774\ud2b8\uc758 \uc774\uc6a9\uc5d0 \uc801\uc6a9\ub420 \uc218 \uc788\uc2b5\ub2c8\ub2e4.<br \/>1.2 \ubcf8 \uc6f9\uc0ac\uc774\ud2b8\ub294 B2B(\uae30\uc5c5 \uac04 \uac70\ub798) \uc804\uc6a9\uc73c\ub85c \uc81c\uc791\ub418\uc5c8\uc2b5\ub2c8\ub2e4. \uc804\uc790\uc0c1\uac70\ub798 \uae30\ub2a5\uc744 \uc81c\uacf5\ud558\uc9c0 \uc54a\uc73c\uba70 \uc18c\ube44\uc790\uac00 \uc628\ub77c\uc778\uc73c\ub85c \uc8fc\ubb38, \uacc4\uc57d \uccb4\uacb0 \ub610\ub294 \uacb0\uc81c\ud558\ub294 \uac83\uc744 \ud5c8\uc6a9\ud558\uc9c0 \uc54a\uc2b5\ub2c8\ub2e4.<br \/>1.3 \ubcf8 \uc6f9\uc0ac\uc774\ud2b8\uc5d0 \uc561\uc138\uc2a4\ud558\uac70\ub098 \uc0ac\uc6a9\ud568\uc73c\ub85c\uc368 \uadc0\ud558\ub294 \uadc0\ud558\uac00 \uc804\ubb38\uac00 \ub610\ub294 \ube44\uc988\ub2c8\uc2a4 \uc790\uaca9\uc73c\ub85c \ud589\ub3d9\ud558\uace0 \uc788\uc73c\uba70 \ubcf8 \uc57d\uad00\uc744 \uc900\uc218\ud558\ub294 \ub370 \ub3d9\uc758\ud568\uc744 \ud655\uc778\ud569\ub2c8\ub2e4.<\/p><\/li><li><p>\uc6f9\uc0ac\uc774\ud2b8\uc758 \ubaa9\uc801<br \/>2.1 \uc6f9\uc0ac\uc774\ud2b8\ub294 \ub370\ubc14 \ub274\ud2b8\ub9ac\uc158, \uc81c\ud488, \uc11c\ube44\uc2a4, \ube0c\ub79c\ub4dc, \uc778\uc99d, \uc0dd\uc0b0 \ud504\ub85c\uc138\uc2a4 \ubc0f \ube44\uc988\ub2c8\uc2a4 \ud65c\ub3d9\uc5d0 \ub300\ud55c \uc77c\ubc18\uc801\uc778 \uc815\ubcf4\ub97c \uc81c\uacf5\ud569\ub2c8\ub2e4.<br \/>2.2 \uc6f9\uc0ac\uc774\ud2b8\uc5d0 \uac8c\uc2dc\ub41c \ubaa8\ub4e0 \uc815\ubcf4\ub294 \uc815\ubcf4 \uc81c\uacf5 \ubc0f \ud64d\ubcf4 \ubaa9\uc801\uc73c\ub85c\ub9cc \uc81c\uacf5\ub418\uba70 \uad6c\uc18d\ub825 \uc788\ub294 \uc81c\uc548, \uacac\uc801 \ub610\ub294 \uacc4\uc57d\uc0c1\uc758 \uc57d\uc18d\uc744 \uad6c\uc131\ud558\uc9c0 \uc54a\uc2b5\ub2c8\ub2e4.<br \/>2.3 \ubaa8\ub4e0 \ube44\uc988\ub2c8\uc2a4 \ud611\ub825, \uac1c\uc778 \uc0c1\ud45c \uc81c\uc791 \ub610\ub294 \uacc4\uc57d \uc81c\uc870\ub294 \uac1c\ubcc4 \ud611\uc0c1 \ubc0f \ubcc4\ub3c4\uc758 \uc11c\uba74 \uacc4\uc57d\uc774 \uc801\uc6a9\ub429\ub2c8\ub2e4.<\/p><\/li><li><p>\uc9c0\uc801 \uc7ac\uc0b0\uad8c<br \/>3.1 \ud14d\uc2a4\ud2b8, \uc774\ubbf8\uc9c0, \uadf8\ub798\ud53d, \ub85c\uace0, \ub3d9\uc601\uc0c1, \uc0c1\ud45c, \uc81c\ud488 \uc124\uba85 \ubc0f \ub808\uc774\uc544\uc6c3\uc744 \ud3ec\ud568\ud558\ub418 \uc774\uc5d0 \uad6d\ud55c\ub418\uc9c0 \uc54a\ub294 \ubcf8 \uc6f9\uc0ac\uc774\ud2b8\uc758 \ubaa8\ub4e0 \ucf58\ud150\uce20\ub294 \ub370\ubc14 \ub274\ud2b8\ub9ac\uc158 \ub610\ub294 \ud574\ub2f9 \ub77c\uc774\uc13c\uc2a4 \uc81c\uacf5\uc790\uc758 \uc790\uc0b0\uc774\uba70 \uc720\ub7fd\uc5f0\ud569 \ubc0f \uccb4\ucf54\uc758 \uad00\ub828 \uc9c0\uc801 \uc7ac\uc0b0\uad8c \ubc95\ub960\uc5d0 \uc758\ud574 \ubcf4\ud638\ub429\ub2c8\ub2e4.<br \/>3.2 \ub370\ubc14 \ub274\ud2b8\ub9ac\uc158\uc758 \uc0ac\uc804 \uc11c\uba74 \ub3d9\uc758 \uc5c6\uc774 \uc6f9\uc0ac\uc774\ud2b8\uc758 \uc5b4\ub5a0\ud55c \ubd80\ubd84\ub3c4 \ubcf5\uc0ac, \ubcf5\uc81c, \uc218\uc815, \ubc30\ud3ec, \ucd9c\ud310 \ub610\ub294 \uc0c1\uc5c5\uc801 \ubaa9\uc801\uc73c\ub85c \uc0ac\uc6a9\ud560 \uc218 \uc5c6\uc2b5\ub2c8\ub2e4.<br \/>3.3 \ud68c\uc0ac\uc758 \uc774\ub984, \uc0c1\ud45c \ub610\ub294 \ub85c\uace0\ub97c \ud5c8\uac00 \uc5c6\uc774 \uc0ac\uc6a9\ud558\ub294 \ud589\uc704\ub294 \uc5c4\uaca9\ud788 \uae08\uc9c0\ub429\ub2c8\ub2e4.<\/p><\/li><li><p>\uc815\ubcf4\uc758 \uc815\ud655\uc131 \ubc0f \uac00\uc6a9\uc131<br \/>4.1 \ub370\ubc14 \ub274\ud2b8\ub9ac\uc158\uc740 \uc6f9\uc0ac\uc774\ud2b8\uc5d0 \uc81c\uacf5\ub41c \uc815\ubcf4\uac00 \uc815\ud655\ud558\uace0 \uc644\uc804\ud558\uba70 \ucd5c\uc2e0 \uc0c1\ud0dc\uc778\uc9c0 \ud655\uc778\ud558\uae30 \uc704\ud574 \ud569\ub2f9\ud55c \ub178\ub825\uc744 \uae30\uc6b8\uc785\ub2c8\ub2e4.<br \/>4.2 \uadf8\ub7ec\ub098 \ud68c\uc0ac\ub294 \ucf58\ud150\uce20\uc5d0 \uc624\ub958, \ub204\ub77d \ub610\ub294 \ubd80\uc815\ud655\uc131\uc774 \uc5c6\uc74c\uc744 \ubcf4\uc99d\ud558\uc9c0 \uc54a\uc73c\uba70 \uc0ac\uc804 \ud1b5\uc9c0 \uc5c6\uc774 \uc5b8\uc81c\ub4e0\uc9c0 \ucf58\ud150\uce20\ub97c \uc5c5\ub370\uc774\ud2b8, \uc218\uc815 \ub610\ub294 \uc81c\uac70\ud560 \uc218 \uc788\ub294 \uad8c\ub9ac\ub97c \ubcf4\uc720\ud569\ub2c8\ub2e4.<br \/>4.3 \ub370\ubc14 \ub274\ud2b8\ub9ac\uc158\uc740 \uc6f9\uc0ac\uc774\ud2b8\uc5d0 \uc81c\uacf5\ub41c \uc815\ubcf4\uc5d0 \uc758\uc874\ud55c \uc5b4\ub5a0\ud55c \ucc45\uc784\ub3c4 \uc9c0\uc9c0 \uc54a\uc2b5\ub2c8\ub2e4.<\/p><\/li><li><p>\uacc4\uc57d \uad00\uacc4 \uc5c6\uc74c<br \/>5.1 \ubcf8 \uc6f9\uc0ac\uc774\ud2b8\uc758 \uc0ac\uc6a9\uc740 \uc0ac\uc6a9\uc790\uc640 \ub370\ubc14 \ub274\ud2b8\ub9ac\uc158 \uc0ac\uc774\uc5d0 \uc5b4\ub5a0\ud55c \uacc4\uc57d, \ud30c\ud2b8\ub108\uc2ed, \ub300\ub9ac\uc778 \ub610\ub294 \uae30\ud0c0 \ubc95\uc801 \uad00\uacc4\ub3c4 \uc0dd\uc131\ud558\uc9c0 \uc54a\uc2b5\ub2c8\ub2e4.<br \/>5.2 \ubb38\uc758 \uc591\uc2dd, \uc774\uba54\uc77c \ub610\ub294 \uae30\ud0c0 \uc218\ub2e8\uc744 \ud1b5\ud574 \uc81c\ucd9c\ub41c \ubb38\uc758, \uc694\uccad \ub610\ub294 \ucee4\ubba4\ub2c8\ucf00\uc774\uc158\uc740 \ub370\ubc14 \ub274\ud2b8\ub9ac\uc158\uc774 \uc11c\uba74\uc73c\ub85c \uba85\uc2dc\uc801\uc73c\ub85c \ud655\uc778\ud558\uc9c0 \uc54a\ub294 \ud55c \uc81c\uc548 \ub610\ub294 \uc81c\uc548\uc758 \uc218\ub77d\uc73c\ub85c \uac04\uc8fc\ub418\uc9c0 \uc54a\uc2b5\ub2c8\ub2e4.<\/p><\/li><li><p>\ucc45\uc784\uc758 \uc81c\ud55c<br \/>6.1 \uad00\ub828 \ubc95\ub960\uc774 \ud5c8\uc6a9\ud558\ub294 \ucd5c\ub300 \ud55c\ub3c4 \ub0b4\uc5d0\uc11c \ub370\ubc14 \ub274\ud2b8\ub9ac\uc158\uc740 \ubcf8 \uc6f9\uc0ac\uc774\ud2b8\uc758 \uc0ac\uc6a9 \ub610\ub294 \uc0ac\uc6a9 \ubd88\ub2a5\uc73c\ub85c \uc778\ud574 \ubc1c\uc0dd\ud558\ub294 \uc774\uc775 \uc190\uc2e4, \uc5c5\ubb34 \uc911\ub2e8, \ub370\uc774\ud130 \uc190\uc2e4 \ub610\ub294 \ud3c9\ud310 \uc190\uc0c1\uc744 \ud3ec\ud568\ud558\ub418 \uc774\uc5d0 \uad6d\ud55c\ub418\uc9c0 \uc54a\ub294 \uc9c1\uc811 \ub610\ub294 \uac04\uc811\uc801\uc778 \uc190\ud574\uc5d0 \ub300\ud574 \ucc45\uc784\uc744 \uc9c0\uc9c0 \uc54a\uc2b5\ub2c8\ub2e4.<br \/>6.2 \ub370\ubc14 \ub274\ud2b8\ub9ac\uc158\uc740 \uc6f9\uc0ac\uc774\ud2b8 \uc811\uc18d\uc73c\ub85c \uc778\ud574 \uc0ac\uc6a9\uc790\uc758 \uc7a5\ube44\uc5d0 \uc601\ud5a5\uc744 \ubbf8\uce60 \uc218 \uc788\ub294 \ubc14\uc774\ub7ec\uc2a4, \uba40\uc6e8\uc5b4 \ub610\ub294 \uae30\ud0c0 \uc720\ud574\ud55c \uad6c\uc131 \uc694\uc18c\ub85c \uc778\ud574 \ubc1c\uc0dd\ud558\ub294 \uc5b4\ub5a0\ud55c \uc190\ud574\uc5d0 \ub300\ud574\uc11c\ub3c4 \ucc45\uc784\uc744 \uc9c0\uc9c0 \uc54a\uc2b5\ub2c8\ub2e4.<br \/>6.3 \ubcf8 \uc57d\uad00\uc758 \uc5b4\ub5a0\ud55c \ub0b4\uc6a9\ub3c4 \uc758\ubb34\uc801\uc778 EU \ub610\ub294 \uccb4\ucf54 \ubc95\ub960\uc5d0 \ub530\ub77c \ubc30\uc81c\ud560 \uc218 \uc5c6\ub294 \uc190\ud574\uc5d0 \ub300\ud55c \ucc45\uc784\uc744 \uc81c\ud55c\ud558\uc9c0 \uc54a\uc2b5\ub2c8\ub2e4.<\/p><\/li><li><p>\ud0c0\uc0ac \ub9c1\ud06c<br \/>7.1 \uc6f9\uc0ac\uc774\ud2b8\uc5d0\ub294 \ud3b8\uc758 \ub610\ub294 \uc815\ubcf4 \uc81c\uacf5 \ubaa9\uc801\uc73c\ub85c \ud0c0\uc0ac \uc6f9\uc0ac\uc774\ud2b8\ub85c \uc5f0\uacb0\ub418\ub294 \ub9c1\ud06c\uac00 \ud3ec\ud568\ub420 \uc218 \uc788\uc2b5\ub2c8\ub2e4.<br \/>7.2 \ub370\ubc14 \ub274\ud2b8\ub9ac\uc158\uc740 \uc81c3\uc790 \uc6f9\uc0ac\uc774\ud2b8\uc758 \ucf58\ud150\uce20 \ub610\ub294 \uc6b4\uc601\uc744 \ud1b5\uc81c\ud558\uc9c0 \uc54a\uc73c\uba70 \uc774\uc5d0 \ub300\ud55c \ucc45\uc784\uc774\ub098 \uc758\ubb34\ub97c \uc9c0\uc9c0 \uc54a\uc2b5\ub2c8\ub2e4.<br \/>7.3 \ud0c0\uc0ac \uc6f9\uc0ac\uc774\ud2b8\uc5d0 \ub300\ud55c \uc561\uc138\uc2a4\ub294 \uc0ac\uc6a9\uc790 \ubcf8\uc778\uc758 \ucc45\uc784\uc774\uba70 \ud574\ub2f9 \uc6f9\uc0ac\uc774\ud2b8\uc758 \uc774\uc6a9\uc57d\uad00\uc774 \uc801\uc6a9\ub429\ub2c8\ub2e4.<\/p><\/li><li><p>\ub370\uc774\ud130 \ubcf4\ud638 \ubc0f \ucfe0\ud0a4<br \/>8.1 \uac1c\uc778 \ub370\uc774\ud130\uc758 \ucc98\ub9ac\uc5d0\ub294 \ubcf8 \uc57d\uad00\uc758 \ud544\uc218\uc801\uc778 \ubd80\ubd84\uc744 \uad6c\uc131\ud558\ub294 \uac1c\uc778\uc815\ubcf4 \ucc98\ub9ac\ubc29\uce68\uc774 \uc801\uc6a9\ub429\ub2c8\ub2e4.<br \/>8.2 \ub370\ubc14 \ub274\ud2b8\ub9ac\uc158\uc740 \uaddc\uc815 (EU) 2016\/679(\uc77c\ubc18 \ub370\uc774\ud130 \ubcf4\ud638 \uaddc\uc815) \ubc0f \ud574\ub2f9 \uccb4\ucf54 \ub370\uc774\ud130 \ubcf4\ud638\ubc95\uc5d0 \ub530\ub77c \uac1c\uc778 \ub370\uc774\ud130\ub97c \ucc98\ub9ac\ud569\ub2c8\ub2e4.<br \/>8.3 \ucfe0\ud0a4 \ubc0f \uc720\uc0ac \uae30\uc220\uc758 \uc0ac\uc6a9\uc740 \uc6f9\uc0ac\uc774\ud2b8\uc5d0\uc11c \uc81c\uacf5\ub418\ub294 \ucfe0\ud0a4 \uc815\ucc45\uc5d0 \uc124\uba85\ub418\uc5b4 \uc788\uc2b5\ub2c8\ub2e4.<\/p><\/li><li><p>\ucee4\ubba4\ub2c8\ucf00\uc774\uc158\uc758 \uae30\ubc00\uc131<br \/>9.1 \uc6f9\uc0ac\uc774\ud2b8 \ub610\ub294 \uc774\uba54\uc77c\uc744 \ud1b5\ud574 \ub370\ubc14 \ub274\ud2b8\ub9ac\uc158\uc5d0 \uacf5\uac1c\ub41c \ube44\uacf5\uac1c \uc815\ubcf4\ub294 \uba85\uc2dc\uc801\uc73c\ub85c \uc11c\uba74\uc73c\ub85c \ub3d9\uc758\ud558\uc9c0 \uc54a\ub294 \ud55c \uae30\ubc00\ub85c \uac04\uc8fc\ub418\uc9c0 \uc54a\uc2b5\ub2c8\ub2e4.<br \/>9.2 \ub370\ubc14 \ub274\ud2b8\ub9ac\uc158\uc740 \uc0ac\uc6a9\uc790\uac00 \uc0ac\uc804 \ub3d9\uc758 \uc5c6\uc774 \uc6f9\uc0ac\uc774\ud2b8\ub97c \ud1b5\ud574 \ubbfc\uac10\ud55c \uc815\ubcf4\ub098 \uae30\ubc00 \uc815\ubcf4\ub97c \uc81c\ucd9c\ud558\uc9c0 \uc54a\uc744 \uac83\uc744 \uad8c\uc7a5\ud569\ub2c8\ub2e4.<\/p><\/li><li><p>\uc900\uac70\ubc95 \ubc0f \uad00\ud560\uad8c<br \/>10.1 \ubcf8 \uc774\uc6a9\uc57d\uad00\uc740 \uccb4\ucf54 \ubc95\ub960\uc758 \uc801\uc6a9\uc744 \ubc1b\uc73c\uba70 \uc774\uc5d0 \ub530\ub77c \ud574\uc11d\ub429\ub2c8\ub2e4.<br \/>10.2 \ubcf8 \uc6f9\uc0ac\uc774\ud2b8\uc758 \uc0ac\uc6a9\uc73c\ub85c \uc778\ud574 \ub610\ub294 \uc774\uc640 \uad00\ub828\ud558\uc5ec \ubc1c\uc0dd\ud558\ub294 \ubaa8\ub4e0 \ubd84\uc7c1\uc740 \uc758\ubb34\uc801\uc778 EU \ubc95\ub960\uc5d0\uc11c \ub2ec\ub9ac \uaddc\uc815\ud558\uc9c0 \uc54a\ub294 \ud55c \uccb4\ucf54\uc758 \uad00\ud560 \ubc95\uc6d0\uc758 \uc804\uc18d\uc801 \uad00\ud560\uad8c\uc5d0 \ub530\ub985\ub2c8\ub2e4.<\/p><\/li><li><p>\ubd84\ub9ac \uac00\ub2a5\uc131<br \/>11.1 \ubcf8 \uc57d\uad00\uc758 \uc77c\ubd80 \uc870\ud56d\uc774 \uc720\ud6a8\ud558\uc9c0 \uc54a\uac70\ub098 \uc9d1\ud589\ud560 \uc218 \uc5c6\ub294 \uac83\uc73c\ub85c \ud310\ub2e8\ub418\ub294 \uacbd\uc6b0, \ub098\uba38\uc9c0 \uc870\ud56d\uc740 \uc644\uc804\ud55c \ud6a8\ub825\uc744 \uc720\uc9c0\ud569\ub2c8\ub2e4.<\/p><\/li><li><p>\uc218\uc815 \uc0ac\ud56d<br \/>12.1 \ub370\ubc14 \ub274\ud2b8\ub9ac\uc158\uc740 \uc5b8\uc81c\ub4e0\uc9c0 \ubcf8 \uc57d\uad00\uc744 \uc218\uc815\ud558\uac70\ub098 \uc5c5\ub370\uc774\ud2b8\ud560 \uc218 \uc788\ub294 \uad8c\ub9ac\ub97c \ubcf4\uc720\ud569\ub2c8\ub2e4.<br \/>12.2 \ucd5c\uc2e0 \ubc84\uc804\uc740 \uc6f9\uc0ac\uc774\ud2b8\uc5d0\uc11c \ud56d\uc0c1 \ud655\uc778\ud560 \uc218 \uc788\uc73c\uba70 \uac8c\uc2dc \uc989\uc2dc \ud6a8\ub825\uc774 \ubc1c\uc0dd\ud569\ub2c8\ub2e4.<\/p><\/li><li><p>\uc5f0\ub77d\ucc98 \uc138\ubd80 \uc815\ubcf4<br \/>13.1 \ubcf8 \uc774\uc6a9\uc57d\uad00 \ub610\ub294 \uc6f9\uc0ac\uc774\ud2b8\uc640 \uad00\ub828\ud558\uc5ec \uad81\uae08\ud55c \uc810\uc774 \uc788\uc73c\uba74 \ubb38\uc758\ud558\uc2dc\uae30 \ubc14\ub78d\ub2c8\ub2e4:<br \/>\ub370\ubc14 \ub274\ud2b8\ub9ac\uc158 a.s.<br \/>\ud074\ub77c\ud314\uce74 519<br \/>549 01 11\uc6d4 \uba54\uc2a4\ud1a0 \ub098\ub4dc \uba54\ud22c\uc9c0<br \/>\uccb4\ucf54 \uacf5\ud654\uad6d<br \/>\uc774\uba54\uc77c: <a href=\"mailto:info@deva.cz\" target=\"_blank\" rel=\"noopener\">info@deva.cz<\/a><br \/>\uc804\ud654 +420 491 439 111<\/p><\/li><\/ol>\t\t\t\t\t\t\t\t<\/div>\n\t\t\t\t<\/div>\n\t\t\t\t<\/div>","protected":false},"excerpt":{"rendered":"<p>TERMS AND CONDITIONSDeva Nutrition a.s. General Information1.1 These Terms and Conditions govern the use of the website operated by Deva Nutrition a.s., with its registered office at Gen. Klap\u00e1lka 519, 549 01 Nov\u00e9 M\u011bsto nad Metuj\u00ed, Czech Republic, Company ID: 60916788, VAT No.: CZ60916788, registered in the Commercial Register of the Czech Republic (hereinafter referred [&hellip;]<\/p>\n","protected":false},"author":1,"featured_media":0,"parent":0,"menu_order":0,"comment_status":"closed","ping_status":"open","template":"","meta":{"two_page_speed":[],"footnotes":""},"class_list":["post-1305","page","type-page","status-publish","hentry"],"_links":{"self":[{"href":"https:\/\/deva.cz\/ko\/wp-json\/wp\/v2\/pages\/1305","targetHints":{"allow":["GET"]}}],"collection":[{"href":"https:\/\/deva.cz\/ko\/wp-json\/wp\/v2\/pages"}],"about":[{"href":"https:\/\/deva.cz\/ko\/wp-json\/wp\/v2\/types\/page"}],"author":[{"embeddable":true,"href":"https:\/\/deva.cz\/ko\/wp-json\/wp\/v2\/users\/1"}],"replies":[{"embeddable":true,"href":"https:\/\/deva.cz\/ko\/wp-json\/wp\/v2\/comments?post=1305"}],"version-history":[{"count":0,"href":"https:\/\/deva.cz\/ko\/wp-json\/wp\/v2\/pages\/1305\/revisions"}],"wp:attachment":[{"href":"https:\/\/deva.cz\/ko\/wp-json\/wp\/v2\/media?parent=1305"}],"curies":[{"name":"wp","href":"https:\/\/api.w.org\/{rel}","templated":true}]}}