{"id":3,"date":"2026-02-05T12:06:09","date_gmt":"2026-02-05T12:06:09","guid":{"rendered":"https:\/\/deva.cz\/?page_id=3"},"modified":"2026-02-28T10:19:40","modified_gmt":"2026-02-28T10:19:40","slug":"privacybeleid","status":"publish","type":"page","link":"https:\/\/deva.cz\/nl\/privacy-policy\/","title":{"rendered":"Privacybeleid"},"content":{"rendered":"<div data-elementor-type=\"wp-page\" data-elementor-id=\"3\" class=\"elementor elementor-3\">\n\t\t\t\t<div class=\"elementor-element elementor-element-6252416a e-flex e-con-boxed e-con e-parent\" data-id=\"6252416a\" data-element_type=\"container\" data-e-type=\"container\">\n\t\t\t\t\t<div class=\"e-con-inner\">\n\t\t\t\t<div class=\"elementor-element elementor-element-6382f05e elementor-widget elementor-widget-text-editor\" data-id=\"6382f05e\" data-element_type=\"widget\" data-e-type=\"widget\" data-widget_type=\"text-editor.default\">\n\t\t\t\t\t\t\t\t\t<p><\/p>\n<p>Privacybeleid<\/p>\n<p><span style=\"font-size: 18px;\">In dit privacybeleid wordt uitgelegd hoe Deva Nutrition a.s. (\u201cwij\u201d, \u201cons\u201d, \u201conze\u201d) persoonlijke gegevens verzamelt, gebruikt, opslaat en beschermt wanneer u de website bezoekt of gebruikt. <\/span><a href=\"https:\/\/deva.cz\/nl\/\" target=\"_blank\" rel=\"noopener\" style=\"font-family: inherit; font-size: 18px; letter-spacing: normal; text-transform: none; word-spacing: 0px; background-color: rgb(255, 255, 255);\">https:\/\/www.deva.cz<\/a><span style=\"font-size: 18px;\"> (de \u201cWebsite\u201d). Wij verwerken persoonsgegevens in overeenstemming met Verordening (EU) 2016\/679 van het Europees Parlement en de Raad (de Algemene Verordening Gegevensbescherming - GDPR) en de toepasselijke Tsjechische wetgeving.<\/span><\/p>\n<ol>\n<li>Gegevensbeheerder<\/li>\n<\/ol>\n<p>Bedrijfsnaam: Deva Nutrition a.s.<br>Geregistreerd adres: Gen. Klap\u00e1lka 519, 549 01 Nov\u00e9 M\u011bsto nad Metuj\u00ed, Tsjechi\u00eb<br>BTW-nummer: CZ60916788<br>E-mail: <a href=\"mailto:info@deva.cz\" target=\"_blank\" rel=\"noopener\">info@deva.cz<\/a><\/p>\n<p>Deva Nutrition a.s. is de verantwoordelijke voor de verwerking van uw persoonsgegevens.<\/p>\n<ol start=\"2\">\n<li>Persoonlijke gegevens die we verwerken<\/li>\n<\/ol>\n<p>Afhankelijk van hoe u de Website gebruikt, kunnen wij de volgende categorie\u00ebn persoonsgegevens verwerken.<\/p>\n<p>2.1 Gegevens die u rechtstreeks verstrekt<br>- Naam en achternaam<br>- E-mailadres<br>- Telefoonnummer<br>- Adres, indien opgegeven<br>- Alle informatie die u invult in contactformulieren of e-mailcommunicatie<\/p>\n<p>2.2 Automatisch verzamelde gegevens<br>Wanneer u de Website bezoekt, kunnen bepaalde gegevens automatisch worden verzameld, waaronder:<br>- IP-adres<br>- Datum en tijd van toegang<br>- Browser type en versie<br>- Besturingssysteem<br>- Verwijzende website<br>- Bezochte pagina's op onze website<\/p>\n<p>2.3 Cookies en soortgelijke technologie\u00ebn<br>Wij gebruiken cookies en soortgelijke technologie\u00ebn om de goede werking van de Website te garanderen en, waar van toepassing, voor analyse- en marketingdoeleinden. Details over het gebruik van cookies worden verstrekt in het Cookiebeleid of in de cookie-instellingen die beschikbaar zijn op de Website.<\/p>\n<ol start=\"3\">\n<li>Doeleinden en rechtsgrondslagen van verwerking<\/li>\n<\/ol>\n<p>We verwerken persoonlijke gegevens alleen als we een geldige wettelijke basis hebben onder GDPR.<\/p>\n<p>- Reageren op vragen en communicatie: uitvoering van een contract of stappen die worden ondernomen voorafgaand aan het aangaan van een contract (artikel 6, lid 1, onder b) GDPR).<br>- Beheer, onderhoud en beveiliging van de Website: ons legitieme belang (Artikel 6(1)(f) GDPR).<br>- Naleving van wettelijke verplichtingen, waaronder boekhoudkundige en fiscale verplichtingen: wettelijke verplichting (artikel 6, lid 1, onder c) GDPR).<br>- Marketingcommunicatie, indien van toepassing: uw toestemming (Artikel 6(1)(a) GDPR).<br>- Website analytics: uw toestemming of ons gerechtvaardigd belang, afhankelijk van de specifieke tool die wordt gebruikt.<\/p>\n<ol start=\"4\">\n<li>Ontvangers van persoonlijke gegevens<\/li>\n<\/ol>\n<p>Uw persoonlijke gegevens mogen alleen worden doorgegeven aan:<br>- Onze bevoegde werknemers<br>- Externe dienstverleners die optreden als gegevensverwerkers, zoals IT-, hosting- of analyseproviders<br>- Overheidsinstanties indien wettelijk vereist<\/p>\n<p>Alle gegevensverwerkers zijn contractueel verplicht om persoonlijke gegevens te beschermen en alleen te verwerken in overeenstemming met onze instructies en de GDPR.<\/p>\n<ol start=\"5\">\n<li>Overdracht van gegevens buiten de EU of EER<\/li>\n<\/ol>\n<p>We zijn niet van plan persoonlijke gegevens door te geven buiten de Europese Unie of de Europese Economische Ruimte. Als een dergelijke overdracht noodzakelijk wordt, zal deze alleen worden uitgevoerd in overeenstemming met de GDPR, met gebruikmaking van passende waarborgen zoals de Standaard Contractuele Clausules.<\/p>\n<ol start=\"6\">\n<li>Bewaren van gegevens<\/li>\n<\/ol>\n<p>We bewaren persoonlijke gegevens alleen zo lang als nodig is voor de doeleinden waarvoor ze zijn verzameld.<br>- Communicatie- en contactgegevens worden bewaard voor de duur van de communicatie en een redelijke follow-upperiode.<br>- Contractuele en wettelijke gegevens worden bewaard gedurende de periode die wordt vereist door de toepasselijke wetgeving.<br>- Marketinggegevens worden opgeslagen totdat de toestemming wordt ingetrokken.<\/p>\n<p>Na afloop van de betreffende bewaarperiode worden persoonlijke gegevens veilig verwijderd of geanonimiseerd.<\/p>\n<ol start=\"7\">\n<li>Uw rechten onder GDPR<\/li>\n<\/ol>\n<p>U hebt de volgende rechten met betrekking tot uw persoonlijke gegevens:<br>- Het recht op toegang<br>- Het recht op correctie<br>- Het recht op wissen<br>- Het recht op beperking van de verwerking<br>- Het recht op gegevensoverdraagbaarheid<br>- Het recht om bezwaar te maken tegen verwerking<br>- Het recht om toestemming op elk moment in te trekken<\/p>\n<p>U kunt deze rechten uitoefenen door contact met ons op te nemen via <a href=\"mailto:info@deva.cz\" target=\"_blank\" rel=\"noopener\">info@deva.cz<\/a>.<\/p>\n<ol start=\"8\">\n<li>Recht om een klacht in te dienen<\/li>\n<\/ol>\n<p>Als u van mening bent dat uw persoonsgegevens onrechtmatig zijn verwerkt, hebt u het recht om een klacht in te dienen bij de toezichthoudende autoriteit:<\/p>\n<p>Bureau voor de bescherming van persoonsgegevens (\u00da\u0159ad pro ochranu osobn\u00edch \u00fadaj\u016f)<br>Pplk. Sochora 27<br>170 00 Praag 7<br>Tsjechi\u00eb<br>Website: <a href=\"https:\/\/www.uoou.cz\/\" target=\"_blank\" rel=\"noopener\">https:\/\/www.uoou.cz<\/a><\/p>\n<ol start=\"9\">\n<li>Gegevensbeveiliging<\/li>\n<\/ol>\n<p>We passen gepaste technische en organisatorische maatregelen toe om persoonlijke gegevens te beschermen tegen ongeoorloofde toegang, verlies, misbruik of wijziging.<\/p>\n<ol start=\"10\">\n<li>Wijzigingen in dit privacybeleid<\/li>\n<\/ol>\n<p>We kunnen dit Privacybeleid van tijd tot tijd bijwerken. De huidige versie is altijd beschikbaar op de Website, samen met de datum van de laatste update.<\/p>\n<ol start=\"11\">\n<li>Neem contact op met<\/li>\n<\/ol>\n<p>Als u vragen hebt over dit Privacybeleid of de verwerking van uw persoonlijke gegevens, neem dan contact met ons op:<\/p>\n<p>E-mail: <a href=\"mailto:info@deva.cz\" target=\"_blank\" rel=\"noopener\">info@deva.cz<\/a><br>Adres: Gen. Klap\u00e1lka 519, 549 01 Nov\u00e9 M\u011bsto nad Metuj\u00ed, Tsjechi\u00eb<\/p>\t\t\t\t\t\t\t\t<\/div>\n\t\t\t\t\t<\/div>\n\t\t\t\t<\/div>\n\t\t\t\t<\/div>","protected":false},"excerpt":{"rendered":"<p>Privacy Policy This Privacy Policy explains how Deva Nutrition a.s. (\u201cwe\u201d, \u201cus\u201d, \u201cour\u201d) collects, uses, stores, and protects personal data when you visit or use the website https:\/\/www.deva.cz (the \u201cWebsite\u201d). We process personal data in accordance with Regulation (EU) 2016\/679 of the European Parliament and of the Council (the General Data Protection Regulation \u2013 GDPR) [&hellip;]<\/p>\n","protected":false},"author":1,"featured_media":0,"parent":0,"menu_order":0,"comment_status":"closed","ping_status":"open","template":"","meta":{"two_page_speed":[],"footnotes":""},"class_list":["post-3","page","type-page","status-publish","hentry"],"_links":{"self":[{"href":"https:\/\/deva.cz\/nl\/wp-json\/wp\/v2\/pages\/3","targetHints":{"allow":["GET"]}}],"collection":[{"href":"https:\/\/deva.cz\/nl\/wp-json\/wp\/v2\/pages"}],"about":[{"href":"https:\/\/deva.cz\/nl\/wp-json\/wp\/v2\/types\/page"}],"author":[{"embeddable":true,"href":"https:\/\/deva.cz\/nl\/wp-json\/wp\/v2\/users\/1"}],"replies":[{"embeddable":true,"href":"https:\/\/deva.cz\/nl\/wp-json\/wp\/v2\/comments?post=3"}],"version-history":[{"count":0,"href":"https:\/\/deva.cz\/nl\/wp-json\/wp\/v2\/pages\/3\/revisions"}],"wp:attachment":[{"href":"https:\/\/deva.cz\/nl\/wp-json\/wp\/v2\/media?parent=3"}],"curies":[{"name":"wp","href":"https:\/\/api.w.org\/{rel}","templated":true}]}}