{"id":1305,"date":"2026-02-15T20:16:20","date_gmt":"2026-02-15T20:16:20","guid":{"rendered":"https:\/\/deva.cz\/?page_id=1305"},"modified":"2026-02-28T10:28:11","modified_gmt":"2026-02-28T10:28:11","slug":"zasady-i-warunki","status":"publish","type":"page","link":"https:\/\/deva.cz\/pl\/terms-and-conditions\/","title":{"rendered":"Zasady i warunki"},"content":{"rendered":"<div data-elementor-type=\"wp-page\" data-elementor-id=\"1305\" class=\"elementor elementor-1305\">\n\t\t\t\t<div class=\"elementor-element elementor-element-6252416a e-con-full e-flex e-con e-parent\" data-id=\"6252416a\" data-element_type=\"container\" data-e-type=\"container\">\n\t\t\t\t<div class=\"elementor-element elementor-element-6382f05e elementor-widget elementor-widget-text-editor\" data-id=\"6382f05e\" data-element_type=\"widget\" data-e-type=\"widget\" data-widget_type=\"text-editor.default\">\n\t\t\t\t\t\t\t\t\t<p>ZASADY I WARUNKI<br \/>Deva Nutrition a.s.<\/p><ol><li><p>Informacje og\u00f3lne<br \/>1.1 Niniejszy Regulamin reguluje korzystanie ze strony internetowej obs\u0142ugiwanej przez sp\u00f3\u0142k\u0119 Deva Nutrition a.s., z siedzib\u0105 pod adresem Gen. Klap\u00e1lka 519, 549 01 Nov\u00e9 M\u011bsto nad Metuj\u00ed, Republika Czeska, REGON: 60916788, NIP: CZ60916788, zarejestrowan\u0105 w Rejestrze Handlowym Republiki Czeskiej (zwan\u0105 dalej \u201cDeva Nutrition\u201d lub \u201cSp\u00f3\u0142k\u0105\u201d).<br \/>1.2 Niniejsza strona internetowa jest przeznaczona wy\u0142\u0105cznie do cel\u00f3w biznesowych (B2B). Nie oferuje \u017cadnych funkcji handlu elektronicznego i nie umo\u017cliwia konsumentom sk\u0142adania zam\u00f3wie\u0144, zawierania um\u00f3w ani dokonywania p\u0142atno\u015bci online.<br \/>1.3 Uzyskuj\u0105c dost\u0119p do niniejszej witryny lub korzystaj\u0105c z niej, u\u017cytkownik potwierdza, \u017ce dzia\u0142a w charakterze zawodowym lub biznesowym i wyra\u017ca zgod\u0119 na przestrzeganie niniejszego Regulaminu.<\/p><\/li><li><p>Cel strony internetowej<br \/>2.1 Strona internetowa zawiera og\u00f3lne informacje o Deva Nutrition, jej produktach, us\u0142ugach, markach, certyfikatach, procesach produkcyjnych i dzia\u0142alno\u015bci gospodarczej.<br \/>2.2 Wszelkie informacje publikowane na stronie internetowej s\u0142u\u017c\u0105 wy\u0142\u0105cznie celom informacyjnym i promocyjnym i nie stanowi\u0105 wi\u0105\u017c\u0105cej oferty, wyceny ani zobowi\u0105zania umownego.<br \/>2.3 Wszelka wsp\u00f3\u0142praca biznesowa, produkcja pod mark\u0105 w\u0142asn\u0105 lub produkcja kontraktowa podlega indywidualnym negocjacjom i odr\u0119bnej pisemnej umowie.<\/p><\/li><li><p>Prawa w\u0142asno\u015bci intelektualnej<br \/>3.1 Ca\u0142a zawarto\u015b\u0107 niniejszej strony internetowej, w tym mi\u0119dzy innymi tekst, obrazy, grafika, logo, filmy, znaki towarowe, opisy produkt\u00f3w i uk\u0142ad, stanowi w\u0142asno\u015b\u0107 Deva Nutrition lub jej licencjodawc\u00f3w i jest chroniona obowi\u0105zuj\u0105cymi przepisami prawa w\u0142asno\u015bci intelektualnej Unii Europejskiej i Republiki Czeskiej.<br \/>3.2 \u017badna cz\u0119\u015b\u0107 strony internetowej nie mo\u017ce by\u0107 kopiowana, powielana, modyfikowana, rozpowszechniana, publikowana lub wykorzystywana do cel\u00f3w komercyjnych bez uprzedniej pisemnej zgody Deva Nutrition.<br \/>3.3 U\u017cywanie nazwy, znak\u00f3w towarowych lub logo Sp\u00f3\u0142ki bez upowa\u017cnienia jest surowo zabronione.<\/p><\/li><li><p>Dok\u0142adno\u015b\u0107 i dost\u0119pno\u015b\u0107 informacji<br \/>4.1 Deva Nutrition dok\u0142ada nale\u017cytych stara\u0144, aby informacje zawarte na stronie internetowej by\u0142y dok\u0142adne, kompletne i aktualne.<br \/>4.2 Sp\u00f3\u0142ka nie gwarantuje jednak, \u017ce tre\u015b\u0107 jest wolna od b\u0142\u0119d\u00f3w, pomini\u0119\u0107 lub nie\u015bcis\u0142o\u015bci i zastrzega sobie prawo do aktualizowania, modyfikowania lub usuwania tre\u015bci w dowolnym momencie bez uprzedniego powiadomienia.<br \/>4.3 Deva Nutrition nie ponosi odpowiedzialno\u015bci za jakiekolwiek poleganie na informacjach zamieszczonych na stronie internetowej.<\/p><\/li><li><p>Brak relacji umownej<br \/>5.1 Korzystanie z niniejszej strony internetowej nie tworzy \u017cadnego stosunku umownego, partnerskiego, agencyjnego ani innego stosunku prawnego pomi\u0119dzy u\u017cytkownikiem a Deva Nutrition.<br \/>5.2 Wszelkie zapytania, pro\u015bby lub komunikaty przesy\u0142ane za po\u015brednictwem formularzy kontaktowych, poczty elektronicznej lub innych \u015brodk\u00f3w nie stanowi\u0105 oferty ani przyj\u0119cia oferty, chyba \u017ce zostan\u0105 wyra\u017anie potwierdzone na pi\u015bmie przez Deva Nutrition.<\/p><\/li><li><p>Ograniczenie odpowiedzialno\u015bci<br \/>6.1 W maksymalnym zakresie dozwolonym przez obowi\u0105zuj\u0105ce prawo, Deva Nutrition nie ponosi odpowiedzialno\u015bci za jakiekolwiek szkody bezpo\u015brednie lub po\u015brednie, w tym mi\u0119dzy innymi za utrat\u0119 zysk\u00f3w, przerwy w dzia\u0142alno\u015bci, utrat\u0119 danych lub utrat\u0119 reputacji wynikaj\u0105ce z korzystania lub niemo\u017cno\u015bci korzystania z niniejszej strony internetowej.<br \/>6.2 Deva Nutrition nie ponosi odpowiedzialno\u015bci za jakiekolwiek szkody spowodowane przez wirusy, z\u0142o\u015bliwe oprogramowanie lub inne szkodliwe elementy, kt\u00f3re mog\u0105 mie\u0107 wp\u0142yw na sprz\u0119t u\u017cytkownika w wyniku dost\u0119pu do strony internetowej.<br \/>6.3 \u017badne z postanowie\u0144 niniejszych Warunk\u00f3w nie ogranicza odpowiedzialno\u015bci za szkody, kt\u00f3rych nie mo\u017cna wy\u0142\u0105czy\u0107 na mocy bezwzgl\u0119dnie obowi\u0105zuj\u0105cych przepis\u00f3w prawa UE lub prawa czeskiego.<\/p><\/li><li><p>Linki stron trzecich<br \/>7.1 Witryna mo\u017ce zawiera\u0107 \u0142\u0105cza do witryn internetowych os\u00f3b trzecich dla wygody lub w celach informacyjnych.<br \/>7.2 Deva Nutrition nie ma kontroli nad tre\u015bci\u0105 lub dzia\u0142aniem stron internetowych os\u00f3b trzecich i nie ponosi za nie odpowiedzialno\u015bci.<br \/>7.3 U\u017cytkownik uzyskuje dost\u0119p do stron internetowych os\u00f3b trzecich na w\u0142asne ryzyko i z zastrze\u017ceniem warunk\u00f3w tych stron.<\/p><\/li><li><p>Ochrona danych i pliki cookie<br \/>8.1 Przetwarzanie danych osobowych podlega Polityce Prywatno\u015bci, kt\u00f3ra stanowi integraln\u0105 cz\u0119\u015b\u0107 niniejszego Regulaminu.<br \/>8.2 Deva Nutrition przetwarza dane osobowe zgodnie z rozporz\u0105dzeniem (UE) 2016\/679 (og\u00f3lne rozporz\u0105dzenie o ochronie danych) i obowi\u0105zuj\u0105cymi czeskimi przepisami o ochronie danych.<br \/>8.3 Korzystanie z plik\u00f3w cookie i podobnych technologii zosta\u0142o opisane w Polityce plik\u00f3w cookie dost\u0119pnej na stronie internetowej.<\/p><\/li><li><p>Poufno\u015b\u0107 komunikacji<br \/>9.1 Wszelkie informacje niepubliczne ujawnione Deva Nutrition za po\u015brednictwem strony internetowej lub poczty elektronicznej nie b\u0119d\u0105 uwa\u017cane za poufne, chyba \u017ce zostanie to wyra\u017anie uzgodnione na pi\u015bmie.<br \/>9.2 Deva Nutrition zaleca, aby u\u017cytkownicy nie przesy\u0142ali wra\u017cliwych lub poufnych informacji za po\u015brednictwem strony internetowej bez uprzedniej zgody.<\/p><\/li><li><p>Prawo w\u0142a\u015bciwe i jurysdykcja<br \/>10.1 Niniejsze Warunki podlegaj\u0105 i s\u0105 interpretowane zgodnie z prawem Republiki Czeskiej.<br \/>10.2 Wszelkie spory wynikaj\u0105ce z lub w zwi\u0105zku z korzystaniem z niniejszej strony internetowej podlegaj\u0105 wy\u0142\u0105cznej jurysdykcji w\u0142a\u015bciwych s\u0105d\u00f3w Republiki Czeskiej, chyba \u017ce bezwzgl\u0119dnie obowi\u0105zuj\u0105ce przepisy prawa UE stanowi\u0105 inaczej.<\/p><\/li><li><p>Rozdzielno\u015b\u0107<br \/>11.1 Je\u015bli kt\u00f3rekolwiek z postanowie\u0144 niniejszego Regulaminu zostanie uznane za niewa\u017cne lub niewykonalne, pozosta\u0142e postanowienia pozostan\u0105 w pe\u0142nej mocy.<\/p><\/li><li><p>Poprawki<br \/>12.1 Deva Nutrition zastrzega sobie prawo do zmiany lub aktualizacji niniejszego Regulaminu w dowolnym czasie.<br \/>12.2 Aktualna wersja jest zawsze dost\u0119pna na stronie internetowej i wchodzi w \u017cycie z chwil\u0105 publikacji.<\/p><\/li><li><p>Dane kontaktowe<br \/>13.1 W przypadku jakichkolwiek pyta\u0144 dotycz\u0105cych niniejszego Regulaminu lub strony internetowej, prosimy o kontakt:<br \/>Deva Nutrition a.s.<br \/>Gen. Klap\u00e1lka 519<br \/>549 01 Nov\u00e9 M\u011bsto nad Metuj\u00ed<br \/>Republika Czeska<br \/>E-mail: <a href=\"mailto:info@deva.cz\" target=\"_blank\" rel=\"noopener\">info@deva.cz<\/a><br \/>Telefon: +420 491 439 111<\/p><\/li><\/ol>\t\t\t\t\t\t\t\t<\/div>\n\t\t\t\t<\/div>\n\t\t\t\t<\/div>","protected":false},"excerpt":{"rendered":"<p>TERMS AND CONDITIONSDeva Nutrition a.s. General Information1.1 These Terms and Conditions govern the use of the website operated by Deva Nutrition a.s., with its registered office at Gen. Klap\u00e1lka 519, 549 01 Nov\u00e9 M\u011bsto nad Metuj\u00ed, Czech Republic, Company ID: 60916788, VAT No.: CZ60916788, registered in the Commercial Register of the Czech Republic (hereinafter referred [&hellip;]<\/p>\n","protected":false},"author":1,"featured_media":0,"parent":0,"menu_order":0,"comment_status":"closed","ping_status":"open","template":"","meta":{"two_page_speed":[],"footnotes":""},"class_list":["post-1305","page","type-page","status-publish","hentry"],"_links":{"self":[{"href":"https:\/\/deva.cz\/pl\/wp-json\/wp\/v2\/pages\/1305","targetHints":{"allow":["GET"]}}],"collection":[{"href":"https:\/\/deva.cz\/pl\/wp-json\/wp\/v2\/pages"}],"about":[{"href":"https:\/\/deva.cz\/pl\/wp-json\/wp\/v2\/types\/page"}],"author":[{"embeddable":true,"href":"https:\/\/deva.cz\/pl\/wp-json\/wp\/v2\/users\/1"}],"replies":[{"embeddable":true,"href":"https:\/\/deva.cz\/pl\/wp-json\/wp\/v2\/comments?post=1305"}],"version-history":[{"count":0,"href":"https:\/\/deva.cz\/pl\/wp-json\/wp\/v2\/pages\/1305\/revisions"}],"wp:attachment":[{"href":"https:\/\/deva.cz\/pl\/wp-json\/wp\/v2\/media?parent=1305"}],"curies":[{"name":"wp","href":"https:\/\/api.w.org\/{rel}","templated":true}]}}