{"id":1305,"date":"2026-02-15T20:16:20","date_gmt":"2026-02-15T20:16:20","guid":{"rendered":"https:\/\/deva.cz\/?page_id=1305"},"modified":"2026-02-28T10:28:11","modified_gmt":"2026-02-28T10:28:11","slug":"podmienky-a-ustanovenia","status":"publish","type":"page","link":"https:\/\/deva.cz\/sk\/terms-and-conditions\/","title":{"rendered":"V\u0161eobecn\u00e9 obchodn\u00e9 podmienky"},"content":{"rendered":"<div data-elementor-type=\"wp-page\" data-elementor-id=\"1305\" class=\"elementor elementor-1305\">\n\t\t\t\t<div class=\"elementor-element elementor-element-6252416a e-con-full e-flex e-con e-parent\" data-id=\"6252416a\" data-element_type=\"container\" data-e-type=\"container\">\n\t\t\t\t<div class=\"elementor-element elementor-element-6382f05e elementor-widget elementor-widget-text-editor\" data-id=\"6382f05e\" data-element_type=\"widget\" data-e-type=\"widget\" data-widget_type=\"text-editor.default\">\n\t\t\t\t\t\t\t\t\t<p>PODMIENKY A USTANOVENIA<br \/>Deva Nutrition a.s.<\/p><ol><li><p>V\u0161eobecn\u00e9 inform\u00e1cie<br \/>1.1 Tieto podmienky upravuj\u00fa pou\u017e\u00edvanie webov\u00fdch str\u00e1nok prev\u00e1dzkovan\u00fdch spolo\u010dnos\u0165ou Deva Nutrition a.s., so s\u00eddlom Gen. Klap\u00e1lka 519, 549 01 Nov\u00e9 M\u011bsto nad Metuj\u00ed, \u010cesk\u00e1 republika, I\u010cO: 60916788, DI\u010c: CZ60916788, zap\u00edsanou v Obchodnom registri \u010ceskej republiky (\u010falej len \u201cDeva Nutrition\u201d alebo \u201cSpolo\u010dnos\u0165\u201d).<br \/>1.2 T\u00e1to webov\u00e1 str\u00e1nka je ur\u010den\u00e1 v\u00fdlu\u010dne na \u00fa\u010dely medzi podnikmi (B2B). Nepon\u00faka \u017eiadne funkcie elektronick\u00e9ho obchodu a neumo\u017e\u0148uje spotrebite\u013eom zad\u00e1va\u0165 objedn\u00e1vky, uzatv\u00e1ra\u0165 zmluvy ani vykon\u00e1va\u0165 platby online.<br \/>1.3 Pr\u00edstupom na t\u00fato webov\u00fa lokalitu alebo jej pou\u017e\u00edvan\u00edm potvrdzujete, \u017ee kon\u00e1te ako profesion\u00e1l alebo podnikate\u013e a s\u00fahlas\u00edte s t\u00fdmito podmienkami.<\/p><\/li><li><p>\u00da\u010del webovej str\u00e1nky<br \/>2.1 Webov\u00e9 str\u00e1nky poskytuj\u00fa v\u0161eobecn\u00e9 inform\u00e1cie o spolo\u010dnosti Deva Nutrition, jej v\u00fdrobkoch, slu\u017eb\u00e1ch, zna\u010dk\u00e1ch, certifik\u00e1toch, v\u00fdrobn\u00fdch procesoch a obchodn\u00fdch aktivit\u00e1ch.<br \/>2.2 V\u0161etky inform\u00e1cie uverejnen\u00e9 na webovej str\u00e1nke sl\u00fa\u017eia len na informa\u010dn\u00e9 a propaga\u010dn\u00e9 \u00fa\u010dely a nepredstavuj\u00fa z\u00e1v\u00e4zn\u00fa ponuku, cenov\u00fa ponuku ani zmluvn\u00fd z\u00e1v\u00e4zok.<br \/>2.3 Ak\u00e1ko\u013evek obchodn\u00e1 spolupr\u00e1ca, v\u00fdroba pod vlastnou zna\u010dkou alebo zmluvn\u00e1 v\u00fdroba je predmetom individu\u00e1lnych rokovan\u00ed a samostatnej p\u00edsomnej dohody.<\/p><\/li><li><p>Pr\u00e1va du\u0161evn\u00e9ho vlastn\u00edctva<br \/>3.1 V\u0161etok obsah tejto webovej str\u00e1nky, okrem in\u00e9ho vr\u00e1tane textu, obr\u00e1zkov, grafiky, log, vide\u00ed, ochrann\u00fdch zn\u00e1mok, popisov produktov a rozvrhnutia, je majetkom spolo\u010dnosti Deva Nutrition alebo jej poskytovate\u013eov licenci\u00ed a je chr\u00e1nen\u00fd platn\u00fdmi z\u00e1konmi o du\u0161evnom vlastn\u00edctve Eur\u00f3pskej \u00fanie a \u010ceskej republiky.<br \/>3.2 \u017diadna \u010das\u0165 webovej str\u00e1nky sa nesmie kop\u00edrova\u0165, reprodukova\u0165, upravova\u0165, distribuova\u0165, publikova\u0165 alebo pou\u017e\u00edva\u0165 na komer\u010dn\u00e9 \u00fa\u010dely bez predch\u00e1dzaj\u00faceho p\u00edsomn\u00e9ho s\u00fahlasu spolo\u010dnosti Deva Nutrition.<br \/>3.3 Pou\u017e\u00edvanie n\u00e1zvu, ochrann\u00fdch zn\u00e1mok alebo loga spolo\u010dnosti bez povolenia je pr\u00edsne zak\u00e1zan\u00e9.<\/p><\/li><li><p>Presnos\u0165 a dostupnos\u0165 inform\u00e1ci\u00ed<br \/>4.1 Spolo\u010dnos\u0165 Deva Nutrition vynaklad\u00e1 primeran\u00e9 \u00fasilie na zabezpe\u010denie toho, aby inform\u00e1cie uveden\u00e9 na webovej str\u00e1nke boli presn\u00e9, \u00fapln\u00e9 a aktu\u00e1lne.<br \/>4.2 Spolo\u010dnos\u0165 v\u0161ak nezaru\u010duje, \u017ee obsah neobsahuje chyby, vynechania alebo nepresnosti, a vyhradzuje si pr\u00e1vo kedyko\u013evek aktualizova\u0165, upravova\u0165 alebo odstra\u0148ova\u0165 obsah bez predch\u00e1dzaj\u00faceho upozornenia.<br \/>4.3 Spolo\u010dnos\u0165 Deva Nutrition nenesie zodpovednos\u0165 za ak\u00e9ko\u013evek spoliehanie sa na inform\u00e1cie uveden\u00e9 na webovej str\u00e1nke.<\/p><\/li><li><p>\u017diadny zmluvn\u00fd vz\u0165ah<br \/>5.1 Pou\u017e\u00edvanie tejto webovej str\u00e1nky nevytv\u00e1ra \u017eiadny zmluvn\u00fd, partnersk\u00fd, agent\u00farny ani in\u00fd pr\u00e1vny vz\u0165ah medzi pou\u017e\u00edvate\u013eom a spolo\u010dnos\u0165ou Deva Nutrition.<br \/>5.2 Ak\u00e9ko\u013evek ot\u00e1zky, \u017eiadosti alebo komunik\u00e1cia odoslan\u00e1 prostredn\u00edctvom kontaktn\u00fdch formul\u00e1rov, e-mailu alebo in\u00fdmi prostriedkami nepredstavuje ponuku alebo prijatie ponuky, pokia\u013e nie je v\u00fdslovne p\u00edsomne potvrden\u00e1 spolo\u010dnos\u0165ou Deva Nutrition.<\/p><\/li><li><p>Obmedzenie zodpovednosti<br \/>6.1 Spolo\u010dnos\u0165 Deva Nutrition v maxim\u00e1lnom rozsahu povolenom platn\u00fdmi pr\u00e1vnymi predpismi nenesie zodpovednos\u0165 za \u017eiadne priame ani nepriame \u0161kody, okrem in\u00e9ho vr\u00e1tane straty zisku, preru\u0161enia \u010dinnosti, straty \u00fadajov alebo po\u0161kodenia dobr\u00e9ho mena, ktor\u00e9 vznikli v d\u00f4sledku pou\u017e\u00edvania alebo nemo\u017enosti pou\u017e\u00edvania tejto webovej str\u00e1nky.<br \/>6.2 Spolo\u010dnos\u0165 Deva Nutrition nenesie zodpovednos\u0165 za \u0161kody sp\u00f4soben\u00e9 v\u00edrusmi, \u0161kodliv\u00fdm softv\u00e9rom alebo in\u00fdmi \u0161kodliv\u00fdmi komponentmi, ktor\u00e9 m\u00f4\u017eu ovplyvni\u0165 zariadenie pou\u017e\u00edvate\u013ea v d\u00f4sledku pr\u00edstupu na webov\u00e9 str\u00e1nky.<br \/>6.3 \u017diadne ustanovenie t\u00fdchto podmienok neobmedzuje zodpovednos\u0165 za \u0161kody, ktor\u00e9 nemo\u017eno vyl\u00fa\u010di\u0165 pod\u013ea z\u00e1v\u00e4zn\u00fdch pr\u00e1vnych predpisov E\u00da alebo \u010ceskej republiky.<\/p><\/li><li><p>Odkazy tret\u00edch str\u00e1n<br \/>7.1 Webov\u00e9 str\u00e1nky m\u00f4\u017eu obsahova\u0165 odkazy na webov\u00e9 str\u00e1nky tret\u00edch str\u00e1n na pohodln\u00e9 alebo informa\u010dn\u00e9 \u00fa\u010dely.<br \/>7.2 Spolo\u010dnos\u0165 Deva Nutrition nem\u00e1 kontrolu nad obsahom alebo prev\u00e1dzkou webov\u00fdch str\u00e1nok tret\u00edch str\u00e1n a nenesie za ne \u017eiadnu zodpovednos\u0165.<br \/>7.3 Pr\u00edstup na webov\u00e9 str\u00e1nky tret\u00edch str\u00e1n je na vlastn\u00e9 riziko pou\u017e\u00edvate\u013ea a podlieha podmienkam t\u00fdchto webov\u00fdch str\u00e1nok.<\/p><\/li><li><p>Ochrana \u00fadajov a s\u00fabory cookie<br \/>8.1 Spracovanie osobn\u00fdch \u00fadajov sa riadi Z\u00e1sadami ochrany osobn\u00fdch \u00fadajov, ktor\u00e9 tvoria neoddelite\u013en\u00fa s\u00fa\u010das\u0165 t\u00fdchto Podmienok.<br \/>8.2 Spolo\u010dnos\u0165 Deva Nutrition sprac\u00fava osobn\u00e9 \u00fadaje v s\u00falade s nariaden\u00edm (E\u00da) 2016\/679 (v\u0161eobecn\u00e9 nariadenie o ochrane \u00fadajov) a platn\u00fdmi \u010desk\u00fdmi z\u00e1konmi o ochrane \u00fadajov.<br \/>8.3 Pou\u017e\u00edvanie s\u00faborov cookie a podobn\u00fdch technol\u00f3gi\u00ed je op\u00edsan\u00e9 v Z\u00e1sad\u00e1ch pou\u017e\u00edvania s\u00faborov cookie, ktor\u00e9 s\u00fa k dispoz\u00edcii na webovej str\u00e1nke.<\/p><\/li><li><p>D\u00f4vernos\u0165 komunik\u00e1cie<br \/>9.1 Ak\u00e9ko\u013evek neverejn\u00e9 inform\u00e1cie poskytnut\u00e9 spolo\u010dnosti Deva Nutrition prostredn\u00edctvom webovej str\u00e1nky alebo e-mailom sa nepova\u017euj\u00fa za d\u00f4vern\u00e9, pokia\u013e to nie je v\u00fdslovne p\u00edsomne dohodnut\u00e9.<br \/>9.2 Spolo\u010dnos\u0165 Deva Nutrition odpor\u00fa\u010da, aby pou\u017e\u00edvatelia neposkytovali citliv\u00e9 alebo d\u00f4vern\u00e9 inform\u00e1cie prostredn\u00edctvom webovej str\u00e1nky bez predch\u00e1dzaj\u00faceho s\u00fahlasu.<\/p><\/li><li><p>Rozhodn\u00e9 pr\u00e1vo a s\u00fadna pr\u00e1vomoc<br \/>10.1 Tieto zmluvn\u00e9 podmienky sa riadia a vykladaj\u00fa v s\u00falade so z\u00e1konmi \u010ceskej republiky.<br \/>10.2 Ak\u00e9ko\u013evek spory vypl\u00fdvaj\u00face z pou\u017e\u00edvania tejto webovej str\u00e1nky alebo v s\u00favislosti s \u0148ou podliehaj\u00fa v\u00fdlu\u010dnej pr\u00e1vomoci pr\u00edslu\u0161n\u00fdch s\u00fadov \u010ceskej republiky, pokia\u013e z\u00e1v\u00e4zn\u00e9 pr\u00e1vne predpisy E\u00da neustanovuj\u00fa inak.<\/p><\/li><li><p>Oddelite\u013enos\u0165<br \/>11.1 Ak sa niektor\u00e9 ustanovenie t\u00fdchto Podmienok pova\u017euje za neplatn\u00e9 alebo nevym\u00e1hate\u013en\u00e9, ostatn\u00e9 ustanovenia zost\u00e1vaj\u00fa v plnej platnosti a \u00fa\u010dinnosti.<\/p><\/li><li><p>Zmeny a doplnenia<br \/>12.1 Spolo\u010dnos\u0165 Deva Nutrition si vyhradzuje pr\u00e1vo kedyko\u013evek zmeni\u0165 alebo aktualizova\u0165 tieto podmienky.<br \/>12.2 Aktu\u00e1lna verzia je v\u017edy k dispoz\u00edcii na webovej str\u00e1nke a nadob\u00fada \u00fa\u010dinnos\u0165 po zverejnen\u00ed.<\/p><\/li><li><p>Kontaktn\u00e9 \u00fadaje<br \/>13.1 V pr\u00edpade ak\u00fdchko\u013evek ot\u00e1zok t\u00fdkaj\u00facich sa t\u00fdchto zmluvn\u00fdch podmienok alebo webovej str\u00e1nky sa obr\u00e1\u0165te na:<br \/>Deva Nutrition a.s.<br \/>Gen. Klap\u00e1lka 519<br \/>549 01 Nov\u00e9 Mesto nad Metuj\u00ed<br \/>\u010cesk\u00e1 republika<br \/>E-mail: <a href=\"mailto:info@deva.cz\" target=\"_blank\" rel=\"noopener\">info@deva.cz<\/a><br \/>Telef\u00f3n: +420 491 439 111<\/p><\/li><\/ol>\t\t\t\t\t\t\t\t<\/div>\n\t\t\t\t<\/div>\n\t\t\t\t<\/div>","protected":false},"excerpt":{"rendered":"<p>TERMS AND CONDITIONSDeva Nutrition a.s. General Information1.1 These Terms and Conditions govern the use of the website operated by Deva Nutrition a.s., with its registered office at Gen. Klap\u00e1lka 519, 549 01 Nov\u00e9 M\u011bsto nad Metuj\u00ed, Czech Republic, Company ID: 60916788, VAT No.: CZ60916788, registered in the Commercial Register of the Czech Republic (hereinafter referred [&hellip;]<\/p>\n","protected":false},"author":1,"featured_media":0,"parent":0,"menu_order":0,"comment_status":"closed","ping_status":"open","template":"","meta":{"two_page_speed":[],"footnotes":""},"class_list":["post-1305","page","type-page","status-publish","hentry"],"_links":{"self":[{"href":"https:\/\/deva.cz\/sk\/wp-json\/wp\/v2\/pages\/1305","targetHints":{"allow":["GET"]}}],"collection":[{"href":"https:\/\/deva.cz\/sk\/wp-json\/wp\/v2\/pages"}],"about":[{"href":"https:\/\/deva.cz\/sk\/wp-json\/wp\/v2\/types\/page"}],"author":[{"embeddable":true,"href":"https:\/\/deva.cz\/sk\/wp-json\/wp\/v2\/users\/1"}],"replies":[{"embeddable":true,"href":"https:\/\/deva.cz\/sk\/wp-json\/wp\/v2\/comments?post=1305"}],"version-history":[{"count":0,"href":"https:\/\/deva.cz\/sk\/wp-json\/wp\/v2\/pages\/1305\/revisions"}],"wp:attachment":[{"href":"https:\/\/deva.cz\/sk\/wp-json\/wp\/v2\/media?parent=1305"}],"curies":[{"name":"wp","href":"https:\/\/api.w.org\/{rel}","templated":true}]}}