{"id":3,"date":"2026-02-05T12:06:09","date_gmt":"2026-02-05T12:06:09","guid":{"rendered":"https:\/\/deva.cz\/?page_id=3"},"modified":"2026-02-28T10:19:40","modified_gmt":"2026-02-28T10:19:40","slug":"zasady-ochrany-osobnych-udajov","status":"publish","type":"page","link":"https:\/\/deva.cz\/sk\/privacy-policy\/","title":{"rendered":"Z\u00e1sady ochrany osobn\u00fdch \u00fadajov"},"content":{"rendered":"<div data-elementor-type=\"wp-page\" data-elementor-id=\"3\" class=\"elementor elementor-3\">\n\t\t\t\t<div class=\"elementor-element elementor-element-6252416a e-flex e-con-boxed e-con e-parent\" data-id=\"6252416a\" data-element_type=\"container\" data-e-type=\"container\">\n\t\t\t\t\t<div class=\"e-con-inner\">\n\t\t\t\t<div class=\"elementor-element elementor-element-6382f05e elementor-widget elementor-widget-text-editor\" data-id=\"6382f05e\" data-element_type=\"widget\" data-e-type=\"widget\" data-widget_type=\"text-editor.default\">\n\t\t\t\t\t\t\t\t\t<p><\/p>\n<p>Z\u00e1sady ochrany osobn\u00fdch \u00fadajov<\/p>\n<p><span style=\"font-size: 18px;\">Tieto z\u00e1sady ochrany osobn\u00fdch \u00fadajov vysvet\u013euj\u00fa, ako spolo\u010dnos\u0165 Deva Nutrition a.s. (\u010falej len \u201cmy\u201d, \u201cn\u00e1s\u201d, \u201cna\u0161e\u201d) zhroma\u017e\u010fuje, pou\u017e\u00edva, uchov\u00e1va a chr\u00e1ni osobn\u00e9 \u00fadaje, ke\u010f nav\u0161t\u00edvite alebo pou\u017e\u00edvate webov\u00e9 str\u00e1nky. <\/span><a href=\"https:\/\/deva.cz\/sk\/\" target=\"_blank\" rel=\"noopener\" style=\"font-family: inherit; font-size: 18px; letter-spacing: normal; text-transform: none; word-spacing: 0px; background-color: rgb(255, 255, 255);\">https:\/\/www.deva.cz<\/a><span style=\"font-size: 18px;\"> (\u010falej len \u201cwebov\u00e1 str\u00e1nka\u201d). Osobn\u00e9 \u00fadaje sprac\u00favame v s\u00falade s nariaden\u00edm Eur\u00f3pskeho parlamentu a Rady (E\u00da) 2016\/679 (v\u0161eobecn\u00e9 nariadenie o ochrane \u00fadajov - GDPR) a platn\u00fdmi \u010desk\u00fdmi pr\u00e1vnymi predpismi.<\/span><\/p>\n<ol>\n<li>Spr\u00e1vca \u00fadajov<\/li>\n<\/ol>\n<p>N\u00e1zov spolo\u010dnosti: Deva Nutrition a.s.<br>Adresa s\u00eddla: Klap\u00e1lka 519, 549 01 Nov\u00e9 M\u011bsto nad Metuj\u00ed, \u010cesko<br>\u010c\u00edslo DPH: CZ60916788<br>E-mail: <a href=\"mailto:info@deva.cz\" target=\"_blank\" rel=\"noopener\">info@deva.cz<\/a><\/p>\n<p>Spolo\u010dnos\u0165 Deva Nutrition a.s. je prev\u00e1dzkovate\u013eom \u00fadajov zodpovedn\u00fdm za spracovanie va\u0161ich osobn\u00fdch \u00fadajov.<\/p>\n<ol start=\"2\">\n<li>Osobn\u00e9 \u00fadaje, ktor\u00e9 sprac\u00favame<\/li>\n<\/ol>\n<p>V z\u00e1vislosti od toho, ako pou\u017e\u00edvate webov\u00e9 s\u00eddlo, m\u00f4\u017eeme sprac\u00fava\u0165 nasleduj\u00face kateg\u00f3rie osobn\u00fdch \u00fadajov.<\/p>\n<p>2.1 \u00dadaje, ktor\u00e9 poskytujete priamo<br>- Meno a priezvisko<br>- E-mailov\u00e1 adresa<br>- Telef\u00f3nne \u010d\u00edslo<br>- Adresa, ak bola poskytnut\u00e1<br>- V\u0161etky inform\u00e1cie, ktor\u00e9 uvediete v kontaktn\u00fdch formul\u00e1roch alebo v e-mailovej komunik\u00e1cii.<\/p>\n<p>2.2 Automaticky zbieran\u00e9 \u00fadaje<br>Pri n\u00e1v\u0161teve webovej lokality sa m\u00f4\u017eu automaticky zhroma\u017e\u010fova\u0165 ur\u010dit\u00e9 \u00fadaje vr\u00e1tane:<br>- IP adresa<br>- D\u00e1tum a \u010das pr\u00edstupu<br>- Typ a verzia prehliada\u010da<br>- Opera\u010dn\u00fd syst\u00e9m<br>- Odkazuj\u00faca webov\u00e1 lokalita<br>- Nav\u0161t\u00edven\u00e9 str\u00e1nky na na\u0161ej webovej lokalite<\/p>\n<p>2.3 S\u00fabory cookie a podobn\u00e9 technol\u00f3gie<br>S\u00fabory cookie a podobn\u00e9 technol\u00f3gie pou\u017e\u00edvame na zabezpe\u010denie spr\u00e1vneho fungovania webovej lokality a pr\u00edpadne na analytick\u00e9 a marketingov\u00e9 \u00fa\u010dely. Podrobnosti o pou\u017e\u00edvan\u00ed s\u00faborov cookie s\u00fa uveden\u00e9 v Z\u00e1sad\u00e1ch pou\u017e\u00edvania s\u00faborov cookie alebo v nastaveniach s\u00faborov cookie dostupn\u00fdch na Webovej lokalite.<\/p>\n<ol start=\"3\">\n<li>\u00da\u010dely a pr\u00e1vne z\u00e1klady spracovania<\/li>\n<\/ol>\n<p>Osobn\u00e9 \u00fadaje sprac\u00favame len vtedy, ak m\u00e1me platn\u00fd pr\u00e1vny z\u00e1klad pod\u013ea GDPR.<\/p>\n<p>- Odpove\u010f na ot\u00e1zky a komunik\u00e1cia: plnenie zmluvy alebo kroky podniknut\u00e9 pred uzavret\u00edm zmluvy (\u010dl\u00e1nok 6 ods. 1 p\u00edsm. b) GDPR).<br>- Prev\u00e1dzka, \u00fadr\u017eba a bezpe\u010dnos\u0165 webovej str\u00e1nky: n\u00e1\u0161 opr\u00e1vnen\u00fd z\u00e1ujem (\u010dl\u00e1nok 6 ods. 1 p\u00edsm. f) GDPR).<br>- Dodr\u017eiavanie z\u00e1konn\u00fdch povinnost\u00ed vr\u00e1tane \u00fa\u010dtovn\u00fdch a da\u0148ov\u00fdch povinnost\u00ed: z\u00e1konn\u00e1 povinnos\u0165 (\u010dl\u00e1nok 6 ods. 1 p\u00edsm. c) GDPR).<br>- Marketingov\u00e1 komunik\u00e1cia, ak sa uplat\u0148uje: v\u00e1\u0161 s\u00fahlas (\u010dl\u00e1nok 6 ods. 1 p\u00edsm. a) GDPR).<br>- Anal\u00fdza webov\u00fdch str\u00e1nok: v\u00e1\u0161 s\u00fahlas alebo n\u00e1\u0161 opr\u00e1vnen\u00fd z\u00e1ujem v z\u00e1vislosti od konkr\u00e9tneho pou\u017eit\u00e9ho n\u00e1stroja.<\/p>\n<ol start=\"4\">\n<li>Pr\u00edjemcovia osobn\u00fdch \u00fadajov<\/li>\n<\/ol>\n<p>Va\u0161e osobn\u00e9 \u00fadaje m\u00f4\u017eu by\u0165 spr\u00edstupnen\u00e9 len:<br>- Na\u0161i poveren\u00ed zamestnanci<br>- extern\u00ed poskytovatelia slu\u017eieb, ktor\u00ed p\u00f4sobia ako spracovatelia \u00fadajov, napr\u00edklad poskytovatelia IT, hostingu alebo analytick\u00fdch slu\u017eieb.<br>- Org\u00e1ny verejnej moci, ak to vy\u017eaduje z\u00e1kon<\/p>\n<p>V\u0161etci spracovatelia \u00fadajov s\u00fa zmluvne zaviazan\u00ed chr\u00e1ni\u0165 osobn\u00e9 \u00fadaje a sprac\u00fava\u0165 ich len v s\u00falade s na\u0161imi pokynmi a GDPR.<\/p>\n<ol start=\"5\">\n<li>Prenos \u00fadajov mimo E\u00da alebo EHP<\/li>\n<\/ol>\n<p>Nem\u00e1me v \u00famysle pren\u00e1\u0161a\u0165 osobn\u00e9 \u00fadaje mimo Eur\u00f3pskej \u00fanie alebo Eur\u00f3pskeho hospod\u00e1rskeho priestoru. Ak bude tak\u00fdto prenos potrebn\u00fd, uskuto\u010dn\u00ed sa len v s\u00falade s GDPR s pou\u017eit\u00edm vhodn\u00fdch bezpe\u010dnostn\u00fdch opatren\u00ed, ako s\u00fa \u0161tandardn\u00e9 zmluvn\u00e9 dolo\u017eky.<\/p>\n<ol start=\"6\">\n<li>Uchov\u00e1vanie \u00fadajov<\/li>\n<\/ol>\n<p>Osobn\u00e9 \u00fadaje uchov\u00e1vame len tak dlho, ako je to potrebn\u00e9 na \u00fa\u010dely, na ktor\u00e9 boli zhroma\u017eden\u00e9.<br>- \u00dadaje o komunik\u00e1cii a kontaktn\u00e9 \u00fadaje sa uchov\u00e1vaj\u00fa po\u010das trvania komunik\u00e1cie a primeran\u00e9ho n\u00e1sledn\u00e9ho obdobia.<br>- Zmluvn\u00e9 a pr\u00e1vne \u00fadaje sa uchov\u00e1vaj\u00fa po\u010das obdobia, ktor\u00e9 vy\u017eaduj\u00fa platn\u00e9 pr\u00e1vne predpisy.<br>- Marketingov\u00e9 \u00fadaje sa uchov\u00e1vaj\u00fa a\u017e do odvolania s\u00fahlasu.<\/p>\n<p>Po uplynut\u00ed pr\u00edslu\u0161n\u00e9ho obdobia uchov\u00e1vania sa osobn\u00e9 \u00fadaje bezpe\u010dne vyma\u017e\u00fa alebo anonymizuj\u00fa.<\/p>\n<ol start=\"7\">\n<li>Va\u0161e pr\u00e1va pod\u013ea GDPR<\/li>\n<\/ol>\n<p>V s\u00favislosti so svojimi osobn\u00fdmi \u00fadajmi m\u00e1te tieto pr\u00e1va:<br>- Pr\u00e1vo na pr\u00edstup<br>- Pr\u00e1vo na opravu<br>- Pr\u00e1vo na vymazanie<br>- Pr\u00e1vo na obmedzenie spracovania<br>- Pr\u00e1vo na prenosnos\u0165 \u00fadajov<br>- Pr\u00e1vo namieta\u0165 proti spracovaniu<br>- Pr\u00e1vo kedyko\u013evek odvola\u0165 s\u00fahlas<\/p>\n<p>Tieto pr\u00e1va m\u00f4\u017eete uplatni\u0165 tak, \u017ee n\u00e1s kontaktujete na adrese <a href=\"mailto:info@deva.cz\" target=\"_blank\" rel=\"noopener\">info@deva.cz<\/a>.<\/p>\n<ol start=\"8\">\n<li>Pr\u00e1vo poda\u0165 s\u0165a\u017enos\u0165<\/li>\n<\/ol>\n<p>Ak sa domnievate, \u017ee va\u0161e osobn\u00e9 \u00fadaje boli spracovan\u00e9 nez\u00e1konne, m\u00e1te pr\u00e1vo poda\u0165 s\u0165a\u017enos\u0165 dozorn\u00e9mu org\u00e1nu:<\/p>\n<p>\u00darad pre ochranu osobn\u00fdch \u00fadajov (\u00da\u0159ad pro ochranu osobn\u00edch \u00fadaj\u016f)<br>Pplk. Sochora 27<br>170 00 Praha 7<br>\u010cesk\u00e1 republika<br>Webov\u00e1 lokalita: <a href=\"https:\/\/www.uoou.cz\/\" target=\"_blank\" rel=\"noopener\">https:\/\/www.uoou.cz<\/a><\/p>\n<ol start=\"9\">\n<li>Zabezpe\u010denie \u00fadajov<\/li>\n<\/ol>\n<p>Uplat\u0148ujeme vhodn\u00e9 technick\u00e9 a organiza\u010dn\u00e9 opatrenia na ochranu osobn\u00fdch \u00fadajov pred neopr\u00e1vnen\u00fdm pr\u00edstupom, stratou, zneu\u017eit\u00edm alebo zmenou.<\/p>\n<ol start=\"10\">\n<li>Zmeny t\u00fdchto z\u00e1sad ochrany osobn\u00fdch \u00fadajov<\/li>\n<\/ol>\n<p>Tieto z\u00e1sady ochrany osobn\u00fdch \u00fadajov m\u00f4\u017eeme z \u010dasu na \u010das aktualizova\u0165. Aktu\u00e1lna verzia bude v\u017edy k dispoz\u00edcii na webovej lokalite spolu s d\u00e1tumom poslednej aktualiz\u00e1cie.<\/p>\n<ol start=\"11\">\n<li>Kontakt<\/li>\n<\/ol>\n<p>Ak m\u00e1te ak\u00e9ko\u013evek ot\u00e1zky t\u00fdkaj\u00face sa t\u00fdchto z\u00e1sad ochrany osobn\u00fdch \u00fadajov alebo spracovania va\u0161ich osobn\u00fdch \u00fadajov, kontaktujte n\u00e1s:<\/p>\n<p>E-mail: <a href=\"mailto:info@deva.cz\" target=\"_blank\" rel=\"noopener\">info@deva.cz<\/a><br>Adresa: Klap\u00e1lka 519, 549 01 Nov\u00e9 M\u011bsto nad Metuj\u00ed, \u010cesko<\/p>\t\t\t\t\t\t\t\t<\/div>\n\t\t\t\t\t<\/div>\n\t\t\t\t<\/div>\n\t\t\t\t<\/div>","protected":false},"excerpt":{"rendered":"<p>Privacy Policy This Privacy Policy explains how Deva Nutrition a.s. (\u201cwe\u201d, \u201cus\u201d, \u201cour\u201d) collects, uses, stores, and protects personal data when you visit or use the website https:\/\/www.deva.cz (the \u201cWebsite\u201d). We process personal data in accordance with Regulation (EU) 2016\/679 of the European Parliament and of the Council (the General Data Protection Regulation \u2013 GDPR) [&hellip;]<\/p>\n","protected":false},"author":1,"featured_media":0,"parent":0,"menu_order":0,"comment_status":"closed","ping_status":"open","template":"","meta":{"two_page_speed":[],"footnotes":""},"class_list":["post-3","page","type-page","status-publish","hentry"],"_links":{"self":[{"href":"https:\/\/deva.cz\/sk\/wp-json\/wp\/v2\/pages\/3","targetHints":{"allow":["GET"]}}],"collection":[{"href":"https:\/\/deva.cz\/sk\/wp-json\/wp\/v2\/pages"}],"about":[{"href":"https:\/\/deva.cz\/sk\/wp-json\/wp\/v2\/types\/page"}],"author":[{"embeddable":true,"href":"https:\/\/deva.cz\/sk\/wp-json\/wp\/v2\/users\/1"}],"replies":[{"embeddable":true,"href":"https:\/\/deva.cz\/sk\/wp-json\/wp\/v2\/comments?post=3"}],"version-history":[{"count":0,"href":"https:\/\/deva.cz\/sk\/wp-json\/wp\/v2\/pages\/3\/revisions"}],"wp:attachment":[{"href":"https:\/\/deva.cz\/sk\/wp-json\/wp\/v2\/media?parent=3"}],"curies":[{"name":"wp","href":"https:\/\/api.w.org\/{rel}","templated":true}]}}