{"id":1305,"date":"2026-02-15T20:16:20","date_gmt":"2026-02-15T20:16:20","guid":{"rendered":"https:\/\/deva.cz\/?page_id=1305"},"modified":"2026-02-28T10:28:11","modified_gmt":"2026-02-28T10:28:11","slug":"%e6%9d%a1%e6%ac%be%e5%92%8c%e6%9d%a1%e4%bb%b6","status":"publish","type":"page","link":"https:\/\/deva.cz\/zh\/terms-and-conditions\/","title":{"rendered":"\u6761\u6b3e\u548c\u6761\u4ef6"},"content":{"rendered":"<div data-elementor-type=\"wp-page\" data-elementor-id=\"1305\" class=\"elementor elementor-1305\">\n\t\t\t\t<div class=\"elementor-element elementor-element-6252416a e-con-full e-flex e-con e-parent\" data-id=\"6252416a\" data-element_type=\"container\" data-e-type=\"container\">\n\t\t\t\t<div class=\"elementor-element elementor-element-6382f05e elementor-widget elementor-widget-text-editor\" data-id=\"6382f05e\" data-element_type=\"widget\" data-e-type=\"widget\" data-widget_type=\"text-editor.default\">\n\t\t\t\t\t\t\t\t\t<p>\u6761\u6b3e\u548c\u6761\u4ef6<br \/>Deva Nutrition a.s.<\/p><ol><li><p>\u4e00\u822c\u4fe1\u606f<br \/>1.1 \u672c\u6761\u6b3e\u548c\u6761\u4ef6\u9002\u7528\u4e8e Deva Nutrition a.s. \u7f51\u7ad9\u7684\u4f7f\u7528\uff0cDeva Nutrition a.s. \u7684\u6ce8\u518c\u5730\u5740\u4e3a Gen. Klap\u00e1lka 519, 549 01 Nov\u00e9 M\u011bsto nad Metuj\u00ed\uff0c\u6377\u514b\u5171\u548c\u56fd\uff0c\u516c\u53f8 ID\uff1a60916788\uff0c\u589e\u503c\u7a0e\u53f7\uff1aCZ60916788\uff0c\u5df2\u5728\u6377\u514b\u5171\u548c\u56fd\u5546\u4e1a\u6ce8\u518c\u5904\u6ce8\u518c\uff08\u4ee5\u4e0b\u7b80\u79f0 \u201cDeva Nutrition \u201d\u6216 \u201c\u516c\u53f8\u201d\uff09\u3002.<br \/>1.2 \u672c\u7f51\u7ad9\u4ec5\u4f9b\u4f01\u4e1a\u5bf9\u4f01\u4e1a\uff08B2B\uff09\u4f7f\u7528\u3002\u672c\u7f51\u7ad9\u4e0d\u63d0\u4f9b\u4efb\u4f55\u7535\u5b50\u5546\u52a1\u529f\u80fd\uff0c\u4e5f\u4e0d\u5141\u8bb8\u6d88\u8d39\u8005\u5728\u7ebf\u4e0b\u8ba2\u5355\u3001\u7b7e\u8ba2\u5408\u540c\u6216\u4ed8\u6b3e\u3002.<br \/>1.3 \u8bbf\u95ee\u6216\u4f7f\u7528\u672c\u7f51\u7ad9\uff0c\u5373\u8868\u793a\u60a8\u786e\u8ba4\u81ea\u5df1\u662f\u4ee5\u4e13\u4e1a\u6216\u5546\u4e1a\u8eab\u4efd\u884c\u4e8b\uff0c\u5e76\u540c\u610f\u63a5\u53d7\u672c\u6761\u6b3e\u548c\u6761\u4ef6\u7684\u7ea6\u675f\u3002.<\/p><\/li><li><p>\u7f51\u7ad9\u7684\u76ee\u7684<br \/>2.1 \u672c\u7f51\u7ad9\u63d0\u4f9b\u6709\u5173 Deva Nutrition \u53ca\u5176\u4ea7\u54c1\u3001\u670d\u52a1\u3001\u54c1\u724c\u3001\u8ba4\u8bc1\u3001\u751f\u4ea7\u6d41\u7a0b\u548c\u4e1a\u52a1\u6d3b\u52a8\u7684\u4e00\u822c\u4fe1\u606f\u3002.<br \/>2.2 \u7f51\u7ad9\u4e0a\u53d1\u5e03\u7684\u4efb\u4f55\u4fe1\u606f\u4ec5\u4f9b\u53c2\u8003\u548c\u5ba3\u4f20\u4e4b\u7528\uff0c\u5e76\u4e0d\u6784\u6210\u5177\u6709\u7ea6\u675f\u529b\u7684\u8981\u7ea6\u3001\u62a5\u4ef7\u6216\u5408\u540c\u627f\u8bfa\u3002.<br \/>2.3 \u4efb\u4f55\u5546\u4e1a\u5408\u4f5c\u3001\u81ea\u6709\u54c1\u724c\u751f\u4ea7\u6216\u5408\u540c\u5236\u9020\u5747\u987b\u5355\u72ec\u534f\u5546\u5e76\u7b7e\u8ba2\u5355\u72ec\u7684\u4e66\u9762\u534f\u8bae\u3002.<\/p><\/li><li><p>\u77e5\u8bc6\u4ea7\u6743<br \/>3.1 \u672c\u7db2\u7ad9\u7684\u6240\u6709\u5167\u5bb9\uff0c\u5305\u62ec\u4f46\u4e0d\u9650\u65bc\u6587\u5b57\u3001\u5f71\u50cf\u3001\u5716\u7247\u3001\u6a19\u8a8c\u3001\u5f71\u7247\u3001\u5546\u6a19\u3001\u7522\u54c1\u8aaa\u660e\u53ca\u7248\u9762\u8a2d\u8a08\uff0c\u5747\u70ba Deva Nutrition \u6216\u5176\u6388\u6b0a\u4eba\u7684\u8ca1\u7522\uff0c\u4e26\u53d7\u6b50\u76df\u53ca\u6377\u514b\u5171\u548c\u570b\u9069\u7528\u7684\u667a\u6167\u8ca1\u7522\u6b0a\u6cd5\u5f8b\u4fdd\u8b77\u3002.<br \/>3.2 \u672a\u7d93 Deva Nutrition \u4e8b\u5148\u66f8\u9762\u540c\u610f\uff0c\u4e0d\u5f97\u8907\u88fd\u3001\u91cd\u88fd\u3001\u4fee\u6539\u3001\u5206\u767c\u3001\u51fa\u7248\u6216\u4f7f\u7528\u672c\u7db2\u7ad9\u7684\u4efb\u4f55\u90e8\u5206\u4f5c\u5546\u696d\u7528\u9014\u3002.<br \/>3.3 \u4e25\u7981\u672a\u7ecf\u6388\u6743\u4f7f\u7528\u516c\u53f8\u540d\u79f0\u3001\u5546\u6807\u6216\u5fbd\u6807\u3002.<\/p><\/li><li><p>\u4fe1\u606f\u7684\u51c6\u786e\u6027\u548c\u53ef\u7528\u6027<br \/>4.1 Deva Nutrition \u5c3d\u5408\u7406\u52aa\u529b\u786e\u4fdd\u7f51\u7ad9\u4e0a\u63d0\u4f9b\u7684\u4fe1\u606f\u662f\u51c6\u786e\u3001\u5b8c\u6574\u548c\u6700\u65b0\u7684\u3002.<br \/>4.2 \u4f46\u662f\uff0c\u516c\u53f8\u4e0d\u4fdd\u8bc1\u5185\u5bb9\u6ca1\u6709\u9519\u8bef\u3001\u9057\u6f0f\u6216\u4e0d\u51c6\u786e\u4e4b\u5904\uff0c\u5e76\u4fdd\u7559\u968f\u65f6\u66f4\u65b0\u3001\u4fee\u6539\u6216\u5220\u9664\u5185\u5bb9\u7684\u6743\u5229\uff0c\u6055\u4e0d\u53e6\u884c\u901a\u77e5\u3002.<br \/>4.3 Deva Nutrition \u4e0d\u5bf9\u4efb\u4f55\u4f9d\u8d56\u672c\u7f51\u7ad9\u6240\u63d0\u4f9b\u4fe1\u606f\u7684\u884c\u4e3a\u8d1f\u8d23\u3002.<\/p><\/li><li><p>\u65e0\u5408\u540c\u5173\u7cfb<br \/>5.1 \u4f7f\u7528\u672c\u7db2\u7ad9\u4e26\u4e0d\u69cb\u6210\u4f7f\u7528\u8005\u8207 Deva Nutrition \u4e4b\u9593\u7684\u4efb\u4f55\u5408\u7d04\u3001\u5408\u5925\u3001\u4ee3\u7406\u6216\u5176\u4ed6\u6cd5\u5f8b\u95dc\u4fc2\u3002.<br \/>5.2 \u4efb\u4f55\u900f\u904e\u806f\u7d61\u8868\u683c\u3001\u96fb\u5b50\u90f5\u4ef6\u6216\u5176\u4ed6\u65b9\u5f0f\u63d0\u4ea4\u7684\u67e5\u8a62\u3001\u8981\u6c42\u6216\u901a\u8a0a\uff0c\u9664\u975e\u5f97\u5230 Deva Nutrition \u7684\u66f8\u9762\u660e\u78ba\u78ba\u8a8d\uff0c\u5426\u5247\u4e26\u4e0d\u69cb\u6210\u8981\u7d04\u6216\u8981\u7d04\u7684\u63a5\u53d7\u3002.<\/p><\/li><li><p>\u8d23\u4efb\u9650\u5236<br \/>6.1 \u5728\u9069\u7528\u6cd5\u5f8b\u5141\u8a31\u7684\u6700\u5927\u7bc4\u570d\u5167\uff0cDeva Nutrition \u4e0d\u5c0d\u4efb\u4f55\u76f4\u63a5\u6216\u9593\u63a5\u640d\u5bb3\u8ca0\u8cac\uff0c\u5305\u62ec\u4f46\u4e0d\u9650\u65bc\u56e0\u4f7f\u7528\u6216\u7121\u6cd5\u4f7f\u7528\u672c\u7db2\u7ad9\u800c\u5c0e\u81f4\u7684\u5229\u6f64\u640d\u5931\u3001\u696d\u52d9\u4e2d\u65b7\u3001\u8cc7\u6599\u640d\u5931\u6216\u8072\u8b7d\u640d\u5bb3\u3002.<br \/>6.2 Deva Nutrition \u5c0d\u4f7f\u7528\u8005\u56e0\u5b58\u53d6\u672c\u7db2\u7ad9\u800c\u53ef\u80fd\u53d7\u75c5\u6bd2\u3001\u60e1\u610f\u8edf\u9ad4\u6216\u5176\u4ed6\u6709\u5bb3\u5143\u4ef6\u5f71\u97ff\u6240\u9020\u6210\u7684\u4efb\u4f55\u640d\u5bb3\u6982\u4e0d\u8ca0\u8cac\u3002.<br \/>6.3 \u672c\u6761\u6b3e\u548c\u6761\u4ef6\u4e2d\u7684\u4efb\u4f55\u5185\u5bb9\u5747\u4e0d\u9650\u5236\u6839\u636e\u5f3a\u5236\u6027\u6b27\u76df\u6cd5\u5f8b\u6216\u6377\u514b\u6cd5\u5f8b\u4e0d\u80fd\u6392\u9664\u7684\u635f\u5bb3\u8d54\u507f\u8d23\u4efb\u3002.<\/p><\/li><li><p>\u7b2c\u4e09\u65b9\u94fe\u63a5<br \/>7.1 \u672c\u7f51\u7ad9\u53ef\u80fd\u5305\u542b\u7b2c\u4e09\u65b9\u7f51\u7ad9\u7684\u94fe\u63a5\uff0c\u4ee5\u63d0\u4f9b\u65b9\u4fbf\u6216\u4fe1\u606f\u3002.<br \/>7.2 Deva Nutrition \u7121\u6cd5\u63a7\u5236\u7b2c\u4e09\u65b9\u7db2\u7ad9\u7684\u5167\u5bb9\u6216\u904b\u4f5c\uff0c\u4e14\u4e0d\u5c0d\u5176\u627f\u64d4\u4efb\u4f55\u8cac\u4efb\u6216\u7fa9\u52d9\u3002.<br \/>7.3 \u7528\u6237\u987b\u81ea\u884c\u627f\u62c5\u8bbf\u95ee\u7b2c\u4e09\u65b9\u7f51\u7ad9\u7684\u98ce\u9669\uff0c\u5e76\u9075\u5b88\u8fd9\u4e9b\u7f51\u7ad9\u7684\u6761\u6b3e\u548c\u6761\u4ef6\u3002.<\/p><\/li><li><p>\u6570\u636e\u4fdd\u62a4\u548c Cookie<br \/>8.1 \u4e2a\u4eba\u6570\u636e\u7684\u5904\u7406\u53d7\u300a\u9690\u79c1\u653f\u7b56\u300b\u7ba1\u8f96\uff0c\u8be5\u653f\u7b56\u6784\u6210\u672c\u6761\u6b3e\u548c\u6761\u4ef6\u7684\u7ec4\u6210\u90e8\u5206\u3002.<br \/>8.2 Deva Nutrition \u6839\u636e\uff08\u6b27\u76df\uff092016\/679 \u53f7\u6cd5\u89c4\uff08\u300a\u901a\u7528\u6570\u636e\u4fdd\u62a4\u6761\u4f8b\u300b\uff09\u548c\u9002\u7528\u7684\u6377\u514b\u6570\u636e\u4fdd\u62a4\u6cd5\u5904\u7406\u4e2a\u4eba\u6570\u636e\u3002.<br \/>8.3 Cookie \u548c\u7c7b\u4f3c\u6280\u672f\u7684\u4f7f\u7528\u5728\u7f51\u7ad9\u4e0a\u7684 Cookie \u653f\u7b56\u4e2d\u6709\u6240\u8bf4\u660e\u3002.<\/p><\/li><li><p>\u901a\u8baf\u4fdd\u5bc6<br \/>9.1 \u4efb\u4f55\u901a\u8fc7\u7f51\u7ad9\u6216\u7535\u5b50\u90ae\u4ef6\u62ab\u9732\u7ed9 Deva Nutrition \u7684\u975e\u516c\u5f00\u4fe1\u606f\u4e0d\u5e94\u88ab\u89c6\u4e3a\u673a\u5bc6\uff0c\u9664\u975e\u6709\u660e\u786e\u7684\u4e66\u9762\u7ea6\u5b9a\u3002.<br \/>9.2 Deva Nutrition \u5efa\u8bae\u7528\u6237\u5728\u672a\u7ecf\u4e8b\u5148\u540c\u610f\u7684\u60c5\u51b5\u4e0b\u4e0d\u8981\u901a\u8fc7\u7f51\u7ad9\u63d0\u4ea4\u654f\u611f\u6216\u673a\u5bc6\u4fe1\u606f\u3002.<\/p><\/li><li><p>\u51c6\u636e\u6cd5\u548c\u7ba1\u8f96\u6743<br \/>10.1 \u672c\u6761\u6b3e\u548c\u6761\u4ef6\u53d7\u6377\u514b\u5171\u548c\u56fd\u6cd5\u5f8b\u7ba1\u8f96\uff0c\u5e76\u6839\u636e\u6377\u514b\u5171\u548c\u56fd\u6cd5\u5f8b\u8fdb\u884c\u89e3\u91ca\u3002.<br \/>10.2 \u56e0\u4f7f\u7528\u672c\u7f51\u7ad9\u800c\u4ea7\u751f\u7684\u6216\u4e0e\u4e4b\u76f8\u5173\u7684\u4efb\u4f55\u4e89\u8bae\uff0c\u5747\u5e94\u53d7\u6377\u514b\u5171\u548c\u56fd\u4e3b\u7ba1\u6cd5\u9662\u7684\u4e13\u5c5e\u7ba1\u8f96\uff0c\u9664\u975e\u5f3a\u5236\u6027\u6b27\u76df\u6cd5\u5f8b\u53e6\u6709\u89c4\u5b9a\u3002.<\/p><\/li><li><p>\u53ef\u5206\u5272\u6027<br \/>11.1 \u5982\u679c\u672c\u6761\u6b3e\u548c\u6761\u4ef6\u4e2d\u7684\u4efb\u4f55\u89c4\u5b9a\u88ab\u8ba4\u5b9a\u4e3a\u65e0\u6548\u6216\u4e0d\u53ef\u6267\u884c\uff0c\u5219\u5176\u4f59\u89c4\u5b9a\u4ecd\u5e94\u5b8c\u5168\u6709\u6548\u3002.<\/p><\/li><li><p>\u4fee\u6b63\u6848<br \/>12.1 Deva Nutrition \u4fdd\u7559\u968f\u65f6\u4fee\u6539\u6216\u66f4\u65b0\u8fd9\u4e9b\u6761\u6b3e\u548c\u6761\u4ef6\u7684\u6743\u5229\u3002.<br \/>12.2 \u5f53\u524d\u7248\u672c\u968f\u65f6\u53ef\u5728\u7f51\u7ad9\u4e0a\u67e5\u9605\uff0c\u4e00\u7ecf\u516c\u5e03\u5373\u751f\u6548\u3002.<\/p><\/li><li><p>\u8054\u7cfb\u65b9\u5f0f<br \/>13.1 \u5982\u5bf9\u672c\u6761\u6b3e\u548c\u6761\u4ef6\u6216\u672c\u7f51\u7ad9\u6709\u4efb\u4f55\u7591\u95ee\uff0c\u8bf7\u8054\u7cfb<br \/>Deva Nutrition a.s.<br \/>Gen. Klap\u00e1lka 519<br \/>549 01 Nov\u00e9 M\u011bsto nad Metuj\u00ed<br \/>\u6377\u514b\u5171\u548c\u56fd<br \/>\u7535\u5b50\u90ae\u4ef6\uff1a <a href=\"mailto:info@deva.cz\" target=\"_blank\" rel=\"noopener\">info@deva.cz<\/a><br \/>\u7535\u8bdd\uff1a+420 491 439 111+420 491 439 111<\/p><\/li><\/ol>\t\t\t\t\t\t\t\t<\/div>\n\t\t\t\t<\/div>\n\t\t\t\t<\/div>","protected":false},"excerpt":{"rendered":"<p>TERMS AND CONDITIONSDeva Nutrition a.s. General Information1.1 These Terms and Conditions govern the use of the website operated by Deva Nutrition a.s., with its registered office at Gen. Klap\u00e1lka 519, 549 01 Nov\u00e9 M\u011bsto nad Metuj\u00ed, Czech Republic, Company ID: 60916788, VAT No.: CZ60916788, registered in the Commercial Register of the Czech Republic (hereinafter referred [&hellip;]<\/p>\n","protected":false},"author":1,"featured_media":0,"parent":0,"menu_order":0,"comment_status":"closed","ping_status":"open","template":"","meta":{"two_page_speed":[],"footnotes":""},"class_list":["post-1305","page","type-page","status-publish","hentry"],"_links":{"self":[{"href":"https:\/\/deva.cz\/zh\/wp-json\/wp\/v2\/pages\/1305","targetHints":{"allow":["GET"]}}],"collection":[{"href":"https:\/\/deva.cz\/zh\/wp-json\/wp\/v2\/pages"}],"about":[{"href":"https:\/\/deva.cz\/zh\/wp-json\/wp\/v2\/types\/page"}],"author":[{"embeddable":true,"href":"https:\/\/deva.cz\/zh\/wp-json\/wp\/v2\/users\/1"}],"replies":[{"embeddable":true,"href":"https:\/\/deva.cz\/zh\/wp-json\/wp\/v2\/comments?post=1305"}],"version-history":[{"count":0,"href":"https:\/\/deva.cz\/zh\/wp-json\/wp\/v2\/pages\/1305\/revisions"}],"wp:attachment":[{"href":"https:\/\/deva.cz\/zh\/wp-json\/wp\/v2\/media?parent=1305"}],"curies":[{"name":"wp","href":"https:\/\/api.w.org\/{rel}","templated":true}]}}