{"id":3,"date":"2026-02-05T12:06:09","date_gmt":"2026-02-05T12:06:09","guid":{"rendered":"https:\/\/deva.cz\/?page_id=3"},"modified":"2026-02-28T10:19:40","modified_gmt":"2026-02-28T10:19:40","slug":"%e9%9a%90%e7%a7%81%e6%94%bf%e7%ad%96","status":"publish","type":"page","link":"https:\/\/deva.cz\/zh\/privacy-policy\/","title":{"rendered":"\u9690\u79c1\u653f\u7b56"},"content":{"rendered":"<div data-elementor-type=\"wp-page\" data-elementor-id=\"3\" class=\"elementor elementor-3\">\n\t\t\t\t<div class=\"elementor-element elementor-element-6252416a e-flex e-con-boxed e-con e-parent\" data-id=\"6252416a\" data-element_type=\"container\" data-e-type=\"container\">\n\t\t\t\t\t<div class=\"e-con-inner\">\n\t\t\t\t<div class=\"elementor-element elementor-element-6382f05e elementor-widget elementor-widget-text-editor\" data-id=\"6382f05e\" data-element_type=\"widget\" data-e-type=\"widget\" data-widget_type=\"text-editor.default\">\n\t\t\t\t\t\t\t\t\t<p><\/p>\n<p>\u9690\u79c1\u653f\u7b56<\/p>\n<p><span style=\"font-size: 18px;\">\u672c\u9690\u79c1\u653f\u7b56\u8bf4\u660e Deva Nutrition a.s.\uff08\u4ee5\u4e0b\u7b80\u79f0 \u201c\u6211\u4eec\u201d\uff09\u5982\u4f55\u5728\u60a8\u8bbf\u95ee\u6216\u4f7f\u7528\u672c\u7f51\u7ad9\u65f6\u6536\u96c6\u3001\u4f7f\u7528\u3001\u5b58\u50a8\u548c\u4fdd\u62a4\u4e2a\u4eba\u6570\u636e\u3002 <\/span><a href=\"https:\/\/deva.cz\/zh\/\" target=\"_blank\" rel=\"noopener\" style=\"font-family: inherit; font-size: 18px; letter-spacing: normal; text-transform: none; word-spacing: 0px; background-color: rgb(255, 255, 255);\">https:\/\/www.deva.cz<\/a><span style=\"font-size: 18px;\"> (\u7f51\u7ad9\u201c\uff09\u3002\u6211\u4eec\u6839\u636e\u6b27\u6d32\u8bae\u4f1a\u548c\u6b27\u76df\u7406\u4e8b\u4f1a\u7b2c 2016\/679 \u53f7\u6cd5\u89c4\uff08\u300a\u4e00\u822c\u6570\u636e\u4fdd\u62a4\u6761\u4f8b\u300b--GDPR\uff09\u548c\u9002\u7528\u7684\u6377\u514b\u6cd5\u5f8b\u5904\u7406\u4e2a\u4eba\u6570\u636e\u3002.<\/span><\/p>\n<ol>\n<li>\u6570\u636e\u63a7\u5236\u5458<\/li>\n<\/ol>\n<p>\u516c\u53f8\u540d\u79f0\uff1a Deva Nutrition a.s.<br>\u6ce8\u518c\u5730\u5740Gen. Klap\u00e1lka 519, 549 01 Nov\u00e9 M\u011bsto nad Metuj\u00ed, Czechia<br>\u589e\u503c\u7a0e\u53f7CZ60916788<br>\u7535\u5b50\u90ae\u4ef6\uff1a <a href=\"mailto:info@deva.cz\" target=\"_blank\" rel=\"noopener\">info@deva.cz<\/a><\/p>\n<p>Deva Nutrition a.s. \u662f\u8d1f\u8d23\u5904\u7406\u60a8\u4e2a\u4eba\u6570\u636e\u7684\u6570\u636e\u63a7\u5236\u8005\u3002.<\/p>\n<ol start=\"2\">\n<li>\u6211\u4eec\u5904\u7406\u7684\u4e2a\u4eba\u6570\u636e<\/li>\n<\/ol>\n<p>\u6839\u636e\u60a8\u4f7f\u7528\u7f51\u7ad9\u7684\u65b9\u5f0f\uff0c\u6211\u4eec\u53ef\u80fd\u4f1a\u5904\u7406\u4ee5\u4e0b\u7c7b\u522b\u7684\u4e2a\u4eba\u6570\u636e\u3002.<\/p>\n<p>2.1 \u60a8\u76f4\u63a5\u63d0\u4f9b\u7684\u6570\u636e<br>- \u59d3\u540d<br>- \u7535\u5b50\u90ae\u4ef6\u5730\u5740<br>- \u7535\u8bdd\u53f7\u7801<br>- \u5730\u5740\uff08\u5982\u6709\u63d0\u4f9b<br>- \u60a8\u5728\u8054\u7cfb\u8868\u683c\u6216\u7535\u5b50\u90ae\u4ef6\u4e2d\u63d0\u4f9b\u7684\u4efb\u4f55\u4fe1\u606f<\/p>\n<p>2.2 \u81ea\u52a8\u6536\u96c6\u6570\u636e<br>\u5f53\u60a8\u8bbf\u95ee\u672c\u7f51\u7ad9\u65f6\uff0c\u67d0\u4e9b\u6570\u636e\u53ef\u80fd\u4f1a\u88ab\u81ea\u52a8\u6536\u96c6\uff0c\u5305\u62ec<br>- IP \u5730\u5740<br>- \u8bbf\u95ee\u65e5\u671f\u548c\u65f6\u95f4<br>- \u6d4f\u89c8\u5668\u7c7b\u578b\u548c\u7248\u672c<br>- \u64cd\u4f5c\u7cfb\u7edf<br>- \u63a8\u8350\u7f51\u7ad9<br>- \u8bbf\u95ee\u8fc7\u7684\u7f51\u7ad9\u9875\u9762<\/p>\n<p>2.3 Cookies \u548c\u7c7b\u4f3c\u6280\u672f<br>\u6211\u4eec\u4f7f\u7528 Cookie \u548c\u7c7b\u4f3c\u6280\u672f\u6765\u786e\u4fdd\u7f51\u7ad9\u7684\u6b63\u5e38\u8fd0\u884c\uff0c\u5e76\u5728\u9002\u7528\u60c5\u51b5\u4e0b\u7528\u4e8e\u5206\u6790\u548c\u8425\u9500\u76ee\u7684\u3002Cookie \u653f\u7b56\u6216\u7f51\u7ad9\u4e0a\u7684 Cookie \u8bbe\u7f6e\u4e2d\u63d0\u4f9b\u4e86\u4f7f\u7528 Cookie \u7684\u8be6\u7ec6\u4fe1\u606f\u3002.<\/p>\n<ol start=\"3\">\n<li>\u5904\u7406\u76ee\u7684\u548c\u6cd5\u5f8b\u4f9d\u636e<\/li>\n<\/ol>\n<p>\u6211\u4eec\u4ec5\u5728\u6839\u636e GDPR \u6709\u6709\u6548\u6cd5\u5f8b\u4f9d\u636e\u7684\u60c5\u51b5\u4e0b\u5904\u7406\u4e2a\u4eba\u6570\u636e\u3002.<\/p>\n<p>- \u56de\u590d\u8be2\u95ee\u548c\u6c9f\u901a\uff1a\u5c65\u884c\u5408\u540c\u6216\u5728\u7b7e\u8ba2\u5408\u540c\u524d\u91c7\u53d6\u7684\u63aa\u65bd\uff08\u300a\u4fe1\u606f\u548c\u9690\u79c1\u6743\u653f\u7b56\u300b\u7b2c 6(1)(b)\u6761\uff09\u3002.<br>- \u7f51\u7ad9\u7684\u8fd0\u8425\u3001\u7ef4\u62a4\u548c\u5b89\u5168\uff1a\u6211\u4eec\u7684\u5408\u6cd5\u6743\u76ca\uff08\u300a\u6b27\u6d32\u4e2a\u4eba\u4fe1\u606f\u6743\u516c\u7ea6\u300b\u7b2c 6(1)(f)\u6761\uff09\u3002.<br>- \u5c65\u884c\u6cd5\u5f8b\u4e49\u52a1\uff0c\u5305\u62ec\u4f1a\u8ba1\u548c\u7a0e\u52a1\u4e49\u52a1\uff1a\u6cd5\u5f8b\u4e49\u52a1\uff08\u300a\u4fe1\u606f\u548c\u9690\u79c1\u6743\u6cd5\u6848\u300b\u7b2c 6(1)(c)\u6761\uff09\u3002.<br>- \u8425\u9500\u901a\u8baf\uff08\u5982\u9002\u7528\uff09\uff1a\u9700\u5f81\u5f97\u60a8\u7684\u540c\u610f\uff08GDPR \u7b2c 6(1)(a)\u6761\uff09\u3002.<br>- \u7f51\u7ad9\u5206\u6790\uff1a\u60a8\u7684\u540c\u610f\u6216\u6211\u4eec\u7684\u5408\u6cd5\u6743\u76ca\uff0c\u53d6\u51b3\u4e8e\u6240\u4f7f\u7528\u7684\u5177\u4f53\u5de5\u5177\u3002.<\/p>\n<ol start=\"4\">\n<li>\u4e2a\u4eba\u8d44\u6599\u7684\u63a5\u6536\u8005<\/li>\n<\/ol>\n<p>\u60a8\u7684\u4e2a\u4eba\u6570\u636e\u4ec5\u53ef\u62ab\u9732\u7ed9\u4ee5\u4e0b\u65b9\u9762<br>- \u6211\u4eec\u7684\u6388\u6743\u5458\u5de5<br>- \u4f5c\u4e3a\u6570\u636e\u5904\u7406\u8005\u7684\u5916\u90e8\u670d\u52a1\u63d0\u4f9b\u5546\uff0c\u5982 IT\u3001\u6258\u7ba1\u6216\u5206\u6790\u63d0\u4f9b\u5546<br>- \u6cd5\u5f8b\u8981\u6c42\u7684\u516c\u5171\u673a\u6784<\/p>\n<p>\u6240\u6709\u6570\u636e\u5904\u7406\u4eba\u5458\u90fd\u53d7\u5408\u540c\u7ea6\u675f\uff0c\u5fc5\u987b\u4fdd\u62a4\u4e2a\u4eba\u6570\u636e\uff0c\u5e76\u4e14\u53ea\u80fd\u6309\u7167\u6211\u4eec\u7684\u6307\u793a\u548c GDPR \u5904\u7406\u6570\u636e\u3002.<\/p>\n<ol start=\"5\">\n<li>\u6b27\u76df\u6216\u6b27\u6d32\u7ecf\u6d4e\u533a\u4ee5\u5916\u7684\u6570\u636e\u4f20\u8f93<\/li>\n<\/ol>\n<p>\u6211\u4eec\u65e0\u610f\u5c06\u4e2a\u4eba\u6570\u636e\u4f20\u8f93\u5230\u6b27\u76df\u6216\u6b27\u6d32\u7ecf\u6d4e\u533a\u4e4b\u5916\u3002\u5982\u679c\u6709\u5fc5\u8981\u8fdb\u884c\u6b64\u7c7b\u8f6c\u79fb\uff0c\u6211\u4eec\u5c06\u6839\u636e GDPR \u7684\u89c4\u5b9a\uff0c\u91c7\u7528\u9002\u5f53\u7684\u4fdd\u969c\u63aa\u65bd\uff08\u5982\u6807\u51c6\u5408\u540c\u6761\u6b3e\uff09\u8fdb\u884c\u8f6c\u79fb\u3002.<\/p>\n<ol start=\"6\">\n<li>\u6570\u636e\u4fdd\u7559<\/li>\n<\/ol>\n<p>\u6211\u4eec\u4fdd\u7559\u4e2a\u4eba\u6570\u636e\u7684\u65f6\u95f4\u4ec5\u9650\u4e8e\u6536\u96c6\u6570\u636e\u7684\u76ee\u7684\u6240\u9700\u7684\u65f6\u95f4\u3002.<br>- \u901a\u4fe1\u548c\u8054\u7cfb\u6570\u636e\u5c06\u5728\u901a\u4fe1\u671f\u95f4\u548c\u5408\u7406\u7684\u540e\u7eed\u671f\u9650\u5185\u4fdd\u5b58\u3002.<br>- \u5408\u540c\u548c\u6cd5\u5f8b\u6570\u636e\u7684\u4fdd\u7559\u671f\u9650\u4e3a\u9002\u7528\u6cd5\u5f8b\u89c4\u5b9a\u7684\u671f\u9650\u3002.<br>- \u8425\u9500\u6570\u636e\u5c06\u4e00\u76f4\u4fdd\u5b58\u5230\u540c\u610f\u64a4\u9500\u4e3a\u6b62\u3002.<\/p>\n<p>\u76f8\u5173\u4fdd\u5b58\u671f\u9650\u5230\u671f\u540e\uff0c\u4e2a\u4eba\u6570\u636e\u5c06\u88ab\u5b89\u5168\u5220\u9664\u6216\u533f\u540d\u5316\u3002.<\/p>\n<ol start=\"7\">\n<li>\u60a8\u5728 GDPR \u4e0b\u7684\u6743\u5229<\/li>\n<\/ol>\n<p>\u5bf9\u4e8e\u60a8\u7684\u4e2a\u4eba\u6570\u636e\uff0c\u60a8\u4eab\u6709\u4ee5\u4e0b\u6743\u5229\uff1a<br>- \u4f7f\u7528\u6743<br>- \u66f4\u6b63\u6743<br>- \u5220\u9664\u6743<br>- \u9650\u5236\u5904\u7406\u7684\u6743\u5229<br>- \u6570\u636e\u53ef\u643a\u5e26\u6743<br>- \u53cd\u5bf9\u5904\u7406\u7684\u6743\u5229<br>- \u968f\u65f6\u64a4\u9500\u540c\u610f\u7684\u6743\u5229<\/p>\n<p>\u60a8\u53ef\u4ee5\u901a\u8fc7\u4ee5\u4e0b\u65b9\u5f0f\u884c\u4f7f\u8fd9\u4e9b\u6743\u5229 <a href=\"mailto:info@deva.cz\" target=\"_blank\" rel=\"noopener\">info@deva.cz<\/a>.<\/p>\n<ol start=\"8\">\n<li>\u6295\u8bc9\u6743<\/li>\n<\/ol>\n<p>\u5982\u679c\u60a8\u8ba4\u4e3a\u60a8\u7684\u4e2a\u4eba\u6570\u636e\u88ab\u975e\u6cd5\u5904\u7406\uff0c\u60a8\u6709\u6743\u5411\u76d1\u7ba1\u673a\u6784\u6295\u8bc9\uff1a<\/p>\n<p>\u4e2a\u4eba\u6570\u636e\u4fdd\u62a4\u529e\u516c\u5ba4\uff08\u00da\u0159ad pro ochranu osobn\u00edch \u00fadaj\u016f\uff09<br>Pplk.Sochora 27<br>170 00 \u5e03\u62c9\u683c 7<br>\u6377\u514b\u5171\u548c\u56fd<br>\u7f51\u7ad9\uff1a <a href=\"https:\/\/www.uoou.cz\/\" target=\"_blank\" rel=\"noopener\">https:\/\/www.uoou.cz<\/a><\/p>\n<ol start=\"9\">\n<li>\u6570\u636e\u5b89\u5168<\/li>\n<\/ol>\n<p>\u6211\u4eec\u91c7\u53d6\u9002\u5f53\u7684\u6280\u672f\u548c\u7ec4\u7ec7\u63aa\u65bd\uff0c\u4fdd\u62a4\u4e2a\u4eba\u6570\u636e\u514d\u906d\u672a\u7ecf\u6388\u6743\u7684\u8bbf\u95ee\u3001\u4e22\u5931\u3001\u6ee5\u7528\u6216\u7be1\u6539\u3002.<\/p>\n<ol start=\"10\">\n<li>\u672c\u9690\u79c1\u653f\u7b56\u7684\u53d8\u66f4<\/li>\n<\/ol>\n<p>\u6211\u4eec\u53ef\u80fd\u4f1a\u4e0d\u65f6\u66f4\u65b0\u672c\u9690\u79c1\u653f\u7b56\u3002\u672c\u7f51\u7ad9\u5c06\u59cb\u7ec8\u63d0\u4f9b\u5f53\u524d\u7248\u672c\u4ee5\u53ca\u6700\u65b0\u66f4\u65b0\u65e5\u671f\u3002.<\/p>\n<ol start=\"11\">\n<li>\u8054\u7cfb\u65b9\u5f0f<\/li>\n<\/ol>\n<p>\u5982\u679c\u60a8\u5bf9\u672c\u9690\u79c1\u653f\u7b56\u6216\u60a8\u4e2a\u4eba\u6570\u636e\u7684\u5904\u7406\u6709\u4efb\u4f55\u7591\u95ee\uff0c\u8bf7\u8054\u7cfb\u6211\u4eec\uff1a<\/p>\n<p>\u7535\u5b50\u90ae\u4ef6\uff1a <a href=\"mailto:info@deva.cz\" target=\"_blank\" rel=\"noopener\">info@deva.cz<\/a><br>\u5730\u5740\uff1aGen\uff1aGen. Klap\u00e1lka 519, 549 01 Nov\u00e9 M\u011bsto nad Metuj\u00ed, Czechia<\/p>\t\t\t\t\t\t\t\t<\/div>\n\t\t\t\t\t<\/div>\n\t\t\t\t<\/div>\n\t\t\t\t<\/div>","protected":false},"excerpt":{"rendered":"<p>Privacy Policy This Privacy Policy explains how Deva Nutrition a.s. (\u201cwe\u201d, \u201cus\u201d, \u201cour\u201d) collects, uses, stores, and protects personal data when you visit or use the website https:\/\/www.deva.cz (the \u201cWebsite\u201d). We process personal data in accordance with Regulation (EU) 2016\/679 of the European Parliament and of the Council (the General Data Protection Regulation \u2013 GDPR) [&hellip;]<\/p>\n","protected":false},"author":1,"featured_media":0,"parent":0,"menu_order":0,"comment_status":"closed","ping_status":"open","template":"","meta":{"two_page_speed":[],"footnotes":""},"class_list":["post-3","page","type-page","status-publish","hentry"],"_links":{"self":[{"href":"https:\/\/deva.cz\/zh\/wp-json\/wp\/v2\/pages\/3","targetHints":{"allow":["GET"]}}],"collection":[{"href":"https:\/\/deva.cz\/zh\/wp-json\/wp\/v2\/pages"}],"about":[{"href":"https:\/\/deva.cz\/zh\/wp-json\/wp\/v2\/types\/page"}],"author":[{"embeddable":true,"href":"https:\/\/deva.cz\/zh\/wp-json\/wp\/v2\/users\/1"}],"replies":[{"embeddable":true,"href":"https:\/\/deva.cz\/zh\/wp-json\/wp\/v2\/comments?post=3"}],"version-history":[{"count":0,"href":"https:\/\/deva.cz\/zh\/wp-json\/wp\/v2\/pages\/3\/revisions"}],"wp:attachment":[{"href":"https:\/\/deva.cz\/zh\/wp-json\/wp\/v2\/media?parent=3"}],"curies":[{"name":"wp","href":"https:\/\/api.w.org\/{rel}","templated":true}]}}